{"id":3287,"date":"2023-09-07T16:52:53","date_gmt":"2023-09-07T14:52:53","guid":{"rendered":"http:\/\/klubmamgdynia.pl\/?post_type=product&#038;p=3287"},"modified":"2026-04-22T20:39:51","modified_gmt":"2026-04-22T18:39:51","slug":"technok-jezdzik-motor","status":"publish","type":"product","link":"http:\/\/klubmamgdynia.pl\/index.php\/produkt\/technok-jezdzik-motor\/","title":{"rendered":"Technok Je\u017adzik Motor"},"content":{"rendered":"<p>SUPER CENA &#8211; TANIA DOSTAWA ! &#8211; technok &#8211; maksik Zabawka Motocykl UK TechnoK TEH45118 05118 &#8211; PACZKOMAT, POCZTA, KURIER<\/p>\n<h2>Technok Je\u017adzik Motor Technok<\/h2>\n<p>kolorowanka pikachu, oryginalny prezent dla nastolatk\u00f3w, audiobooki dla dzieci za darmo, uk\u0142ad s\u0142oneczny dla dzieci, oliwier znaczenie imienia, nauka zegara do druku, wiersz na wielkanocnym stole, kwiecien plecien, \u0142atwe laurki, ko\u0142ysanki teksty, gry dla nastolatk\u00f3w, julian, kolorowanki do druku konie, bursztynek bursztynek, zagadki logiczne trudne, prezent dla rocznej dziewczynki<\/p>\n<p>yyyyy<\/p>\n<p>&nbsp;<\/p>\n","protected":false},"excerpt":{"rendered":"<p>SUPER CENA &#8211; TANIA DOSTAWA ! &#8211; technok &#8211; maksik Zabawka Motocykl UK TechnoK TEH45118 05118 &#8211; PACZKOMAT, POCZTA, KURIER Technok Je\u017adzik Motor Technok kolorowanka pikachu, oryginalny prezent dla nastolatk\u00f3w, audiobooki dla dzieci za darmo, uk\u0142ad s\u0142oneczny dla dzieci, oliwier znaczenie imienia, nauka zegara do druku, wiersz na wielkanocnym stole, kwiecien plecien, \u0142atwe laurki, ko\u0142ysanki [&hellip;]<\/p>\n","protected":false},"featured_media":3288,"comment_status":"closed","ping_status":"open","template":"","meta":[],"product_cat":[74,284],"product_tag":[829,786,636,850],"class_list":["post-3287","product","type-product","status-publish","has-post-thumbnail","hentry","product_cat-jezdziki","product_cat-technok","product_tag-bajki-do-czytania-na-dobranoc","product_tag-prezent-na-1-urodziny","product_tag-teksty-kolysanek","product_tag-wroclaw-atrakcje-dla-dzieci"],"_links":{"self":[{"href":"http:\/\/klubmamgdynia.pl\/index.php\/wp-json\/wp\/v2\/product\/3287","targetHints":{"allow":["GET"]}}],"collection":[{"href":"http:\/\/klubmamgdynia.pl\/index.php\/wp-json\/wp\/v2\/product"}],"about":[{"href":"http:\/\/klubmamgdynia.pl\/index.php\/wp-json\/wp\/v2\/types\/product"}],"replies":[{"embeddable":true,"href":"http:\/\/klubmamgdynia.pl\/index.php\/wp-json\/wp\/v2\/comments?post=3287"}],"wp:featuredmedia":[{"embeddable":true,"href":"http:\/\/klubmamgdynia.pl\/index.php\/wp-json\/wp\/v2\/media\/3288"}],"wp:attachment":[{"href":"http:\/\/klubmamgdynia.pl\/index.php\/wp-json\/wp\/v2\/media?parent=3287"}],"wp:term":[{"taxonomy":"product_cat","embeddable":true,"href":"http:\/\/klubmamgdynia.pl\/index.php\/wp-json\/wp\/v2\/product_cat?post=3287"},{"taxonomy":"product_tag","embeddable":true,"href":"http:\/\/klubmamgdynia.pl\/index.php\/wp-json\/wp\/v2\/product_tag?post=3287"}],"curies":[{"name":"wp","href":"https:\/\/api.w.org\/{rel}","templated":true}]}}