{"id":329,"date":"2017-11-11T22:02:00","date_gmt":"2017-11-11T21:02:00","guid":{"rendered":"http:\/\/klubmamgdynia.pl\/index.php\/produkt\/smily-play-tor-osemka-z-mostem-mata-i-mowiace-pojazd-go-go-zestaw-1250\/"},"modified":"2026-05-17T22:19:12","modified_gmt":"2026-05-17T20:19:12","slug":"smily-play-tor-osemka-z-mostem-mata-i-mowiace-pojazd-go-go-zestaw-1250","status":"publish","type":"product","link":"http:\/\/klubmamgdynia.pl\/index.php\/produkt\/smily-play-tor-osemka-z-mostem-mata-i-mowiace-pojazd-go-go-zestaw-1250\/","title":{"rendered":"Smily Play &#8211; Tor \u00d3semka Z Mostem + Mata I M\u00f3wi\u0105ce Pojazd Go! Go! &#8211; Zestaw 1250"},"content":{"rendered":"<p>Seria Go! Go! Kierowco to nowa linia zabawek Smily Play. W jej sk\u0142ad wchodz\u0105 zestawy tor\u00f3w lub gara\u017cy oraz ma\u0142e, plastikowe pojazdy o op\u0142ywowych kszta\u0142tach. Zabawki wykonane s\u0105 z twardego i wytrzyma\u0142ego plastiku o przyst\u0119pnym wygl\u0105dzie, kt\u00f3ry zachowanym zosta\u0142 w bardzo radosnej kolorystyce. Wszystkie zabawki Go! Go! wypowiadaj\u0105 frazy w j\u0119zyku polskim. Zestaw o indeksie 1250 to 26 element\u00f3w, kt\u00f3re po u\u0142o\u017ceniu na specjalnej macie tworz\u0105 tor dla pojazd\u00f3w Go!Go! w kszta\u0142cie \u00f3semki z mostem.W jego sk\u0142ad wchodz\u0105:1. Tor 26 element\u00f3w do z\u0142o\u017cenia (tworz\u0105 tor o wym. 68cm x 43cm).2. Du\u017ca mata z drog\u0105 (wym. 81cm x 51cm).3. Dwa m\u00f3wi\u0105ce autka wy\u015bcig\u00f3wka i pomoc drogowa.Ten pe\u0142en radosnej zabawy komplet z m\u00f3wi\u0105cymi autkami to idealna zabawka dedykowana dla maluszka ju\u017c od 18 miesi\u0105ca \u017cycia. Przy sk\u0142adaniu zestawu sugerujemy, aby pomocy dziecku udzieli\u0142a osoba doros\u0142a. Pamietaj, \u017ce zawsze mo\u017cesz bawi\u0107 si\u0119 wraz ze swoj\u0105 ma\u0142\u0105 pociech\u0105 !Zabawka pozwala wprowadzi\u0107 dziecko w \u015bwiat prawdziwej motoryzacji.Tory i gara\u017ce z serii Go! Go! s\u0105 ze sob\u0105 kompatybilne i mo\u017cna je dowolnie \u0142\u0105czy\u0107&#8230;Stw\u00f3rz w\u0142asne miasto GoGo City! Gotowy? To do dzie\u0142a!&#8230;Akcesoria w zestawie- Tor 26 element\u00f3w do z\u0142o\u017cenia (tworz\u0105 tor o wym. 68cm x 43cm).- Du\u017ca mata z drog\u0105 (wym. 81cm x 51cm).- Dwa m\u00f3wi\u0105ce autka wy\u015bcig\u00f3wka i pomoc drogowa.<\/p>\n<h2>Smily Play &#8211; Tor \u00d3semka Z Mostem + Mata I M\u00f3wi\u0105ce Pojazd Go! Go! &#8211; Zestaw 1250 Smily Play<\/h2>\n<p>zabawki na roczek, jak narysowa\u0107 konia, zabawki na roczek dla dziewczynki, prezent roczek dziewczynka, andrea, trudne zagadki dla dzieci, atrakcje dla dzieci we wroc\u0142awiu<\/p>\n<p>yyyyy<\/p>\n<p>&nbsp;<\/p>\n","protected":false},"excerpt":{"rendered":"<p>Seria Go! Go! Kierowco to nowa linia zabawek Smily Play. W jej sk\u0142ad wchodz\u0105 zestawy tor\u00f3w lub gara\u017cy oraz ma\u0142e, plastikowe pojazdy o op\u0142ywowych kszta\u0142tach. Zabawki wykonane s\u0105 z twardego i wytrzyma\u0142ego plastiku o przyst\u0119pnym wygl\u0105dzie, kt\u00f3ry zachowanym zosta\u0142 w bardzo radosnej kolorystyce. Wszystkie zabawki Go! Go! wypowiadaj\u0105 frazy w j\u0119zyku polskim. Zestaw o indeksie [&hellip;]<\/p>\n","protected":false},"featured_media":330,"comment_status":"closed","ping_status":"open","template":"","meta":[],"product_cat":[141,62],"product_tag":[603,787,592],"class_list":["post-329","product","type-product","status-publish","has-post-thumbnail","hentry","product_cat-parkingi-garaze-i-tory-wyscigowe","product_cat-smily-play","product_tag-bajki-do-czytania","product_tag-nauka-pisania-wyrazow-dla-dzieci-do-druku-pdf","product_tag-zagadki-dla-dzieci"],"_links":{"self":[{"href":"http:\/\/klubmamgdynia.pl\/index.php\/wp-json\/wp\/v2\/product\/329","targetHints":{"allow":["GET"]}}],"collection":[{"href":"http:\/\/klubmamgdynia.pl\/index.php\/wp-json\/wp\/v2\/product"}],"about":[{"href":"http:\/\/klubmamgdynia.pl\/index.php\/wp-json\/wp\/v2\/types\/product"}],"replies":[{"embeddable":true,"href":"http:\/\/klubmamgdynia.pl\/index.php\/wp-json\/wp\/v2\/comments?post=329"}],"wp:featuredmedia":[{"embeddable":true,"href":"http:\/\/klubmamgdynia.pl\/index.php\/wp-json\/wp\/v2\/media\/330"}],"wp:attachment":[{"href":"http:\/\/klubmamgdynia.pl\/index.php\/wp-json\/wp\/v2\/media?parent=329"}],"wp:term":[{"taxonomy":"product_cat","embeddable":true,"href":"http:\/\/klubmamgdynia.pl\/index.php\/wp-json\/wp\/v2\/product_cat?post=329"},{"taxonomy":"product_tag","embeddable":true,"href":"http:\/\/klubmamgdynia.pl\/index.php\/wp-json\/wp\/v2\/product_tag?post=329"}],"curies":[{"name":"wp","href":"https:\/\/api.w.org\/{rel}","templated":true}]}}