{"id":3291,"date":"2021-05-27T03:09:27","date_gmt":"2021-05-27T01:09:27","guid":{"rendered":"http:\/\/klubmamgdynia.pl\/index.php\/produkt\/playmobil-70087-family-fun-duzy-camping\/"},"modified":"2026-04-03T14:47:02","modified_gmt":"2026-04-03T12:47:02","slug":"playmobil-70087-family-fun-duzy-camping","status":"publish","type":"product","link":"http:\/\/klubmamgdynia.pl\/index.php\/produkt\/playmobil-70087-family-fun-duzy-camping\/","title":{"rendered":"Playmobil 70087 Family Fun Du\u017cy Camping"},"content":{"rendered":"<p>Seria Family Fun to radosna seria nawi\u0105zuj\u0105ca do wspania\u0142ych, letnich wypraw i aktywno\u015bci sportowych. Zestawy mo\u017cna ze sob\u0105 \u0142\u0105czy\u0107, tworz\u0105c pe\u0142n\u0105 i ciekaw\u0105 sceneri\u0119 do zabawy. Funkcje, nadane niekt\u00f3rym elementom, na pewno zachwyc\u0105 dzieci i sprawi\u0105, \u017ce ch\u0119tnie b\u0119d\u0105 bawi\u0107 si\u0119 tworz\u0105c niezwyk\u0142e przygody z rodzink\u0105 figurek Playmobil.Playmobil &#8211; Du\u017cy plac kempingowy 70087 to fantastyczny, kompleksowy zestaw nawi\u0105zuj\u0105cy do wakacji, relaksu i s\u0142onecznych dni. Plac kempingowy zawiera recepcj\u0119 z kioskiem oraz budynek sanitarny z funkcjonuj\u0105cym prysznicem. Namiot stanowi wspania\u0142e miejsce na odpoczynek w trakcie wakacyjnej wycieczki, oferuje wystarczaj\u0105co du\u017co miejsca dla ma\u0142ej rodziny Playmobil. Zestaw uzupe\u0142niaj\u0105 tematyczne akcesoria. Dzieci mog\u0105 bawi\u0107 si\u0119 tym zestawem samodzielnie lub \u0142\u0105czy\u0107 z innymi zestawami Playmobil, co daje mo\u017cliwo\u015b\u0107 tworzenia nowych w\u0105tk\u00f3w podczas zabawy.Zawarto\u015b\u0107 i cechy zestawu:figurki Playmobil: 1 figurka m\u0119\u017cczyzny, 1 figurka kobiety (wysoko\u015b\u0107 ok. 7.5 cm), figurka dziewczynki (wysoko\u015b\u0107 ok. 5.25 cm)zwierz\u0119ta: 2 wiewi\u00f3rki, 1 jaszczurkaakcesoria: 1 budynek sanitarny, 1 recepcja z kioskiem, 1 namiot, 2 \u015bpiwory, 1 bariera wej\u015bciowa, 1 zielony teren z parasolem i krzewami, 1 krzes\u0142o obrotowe, 1 st\u00f3\u0142, 2 krzes\u0142a, 1 szuflada, 1 kasa, 1 zestaw monet, 1 wiaderko, 1 sitko do piasku, 1 grabie piasku, 1 \u0142opata do piasku, 1 konewka, 1 \u0142\u00f3dka, 1 para kapci, 4 szklanki, 1 ekspres do kawy, 2 kartoniki soku, 1 karton na mleko, 1 taca, 1 zestaw bu\u0142ek, 4 r\u00f3\u017cne poczt\u00f3wki, 3 r\u00f3\u017cne czasopisma, 3 mapy, 3 karty miejsc, 1 ksi\u0105\u017cka, 1 szczoteczka do z\u0119b\u00f3w, 1 szczotka toaletowa, 1 skrzynia z uchwytem, 2 pojemniki, 1 pojemnik na \u015bmieci, 1 sp\u00f3dnica damska, 1 sp\u00f3dnica dzieci\u0119ca, 1 chustka na g\u0142ow\u0119, 1 lod\u00f3wka na lody, 8 opakowa\u0144 lod\u00f3w, 1 torba, 1 szkielet ryby, 1 flaga<\/p>\n<h2>Playmobil 70087 Family Fun Du\u017cy Camping Playmobil<\/h2>\n<p>pieski, urodziny dziecka pomys\u0142y, maurycy, dzieci z bullerbyn quiz<\/p>\n<p>yyyyy<\/p>\n<p>&nbsp;<\/p>\n","protected":false},"excerpt":{"rendered":"<p>Seria Family Fun to radosna seria nawi\u0105zuj\u0105ca do wspania\u0142ych, letnich wypraw i aktywno\u015bci sportowych. Zestawy mo\u017cna ze sob\u0105 \u0142\u0105czy\u0107, tworz\u0105c pe\u0142n\u0105 i ciekaw\u0105 sceneri\u0119 do zabawy. Funkcje, nadane niekt\u00f3rym elementom, na pewno zachwyc\u0105 dzieci i sprawi\u0105, \u017ce ch\u0119tnie b\u0119d\u0105 bawi\u0107 si\u0119 tworz\u0105c niezwyk\u0142e przygody z rodzink\u0105 figurek Playmobil.Playmobil &#8211; Du\u017cy plac kempingowy 70087 to fantastyczny, [&hellip;]<\/p>\n","protected":false},"featured_media":3292,"comment_status":"closed","ping_status":"open","template":"","meta":[],"product_cat":[113,466],"product_tag":[863,776,745,823],"class_list":["post-3291","product","type-product","status-publish","has-post-thumbnail","hentry","product_cat-klocki","product_cat-playmobil","product_tag-bajki-dla-dziewczynek","product_tag-dobrej-nocy","product_tag-prezent-dla-15-latki","product_tag-zagadki-dla-dzieci-7-lat"],"_links":{"self":[{"href":"http:\/\/klubmamgdynia.pl\/index.php\/wp-json\/wp\/v2\/product\/3291","targetHints":{"allow":["GET"]}}],"collection":[{"href":"http:\/\/klubmamgdynia.pl\/index.php\/wp-json\/wp\/v2\/product"}],"about":[{"href":"http:\/\/klubmamgdynia.pl\/index.php\/wp-json\/wp\/v2\/types\/product"}],"replies":[{"embeddable":true,"href":"http:\/\/klubmamgdynia.pl\/index.php\/wp-json\/wp\/v2\/comments?post=3291"}],"wp:featuredmedia":[{"embeddable":true,"href":"http:\/\/klubmamgdynia.pl\/index.php\/wp-json\/wp\/v2\/media\/3292"}],"wp:attachment":[{"href":"http:\/\/klubmamgdynia.pl\/index.php\/wp-json\/wp\/v2\/media?parent=3291"}],"wp:term":[{"taxonomy":"product_cat","embeddable":true,"href":"http:\/\/klubmamgdynia.pl\/index.php\/wp-json\/wp\/v2\/product_cat?post=3291"},{"taxonomy":"product_tag","embeddable":true,"href":"http:\/\/klubmamgdynia.pl\/index.php\/wp-json\/wp\/v2\/product_tag?post=3291"}],"curies":[{"name":"wp","href":"https:\/\/api.w.org\/{rel}","templated":true}]}}