{"id":3295,"date":"2022-06-03T18:01:26","date_gmt":"2022-06-03T16:01:26","guid":{"rendered":"http:\/\/klubmamgdynia.pl\/index.php\/produkt\/balto-jelita-wolowe-150g\/"},"modified":"2026-05-02T18:34:16","modified_gmt":"2026-05-02T16:34:16","slug":"balto-jelita-wolowe-150g","status":"publish","type":"product","link":"http:\/\/klubmamgdynia.pl\/index.php\/produkt\/balto-jelita-wolowe-150g\/","title":{"rendered":"Balto Jelita Wo\u0142owe 150G"},"content":{"rendered":"<p>Produkty Balto: \u2022 w pe\u0142ni naturalne i nieprzetworzone: bez dodatk\u00f3w, konserwant\u00f3w, barwnik\u00f3w, wybielaczy \u2022 poddane procesowi pasteryzacji termicznej \u2022 nie zawieraj\u0105 chemicznych polepszaczy \u2022 suszone \u2022 nie trac\u0105 warto\u015bci od\u017cywczych UWAGA : Podawa\u0107 psu pod nadzorem w\u0142a\u015bciciela z dost\u0119pem do \u015bwie\u017cej wody. Przechowywa\u0107 w suchym i ch\u0142odnym miejscu. Nie do spo\u017cycia przez ludzi. Nale\u017cy wykorzysta\u0107 w ci\u0105gu 12 miesi\u0119cy od daty produkcji. Nr partii jest dat\u0105 produkcji.<\/p>\n<h2>Balto Jelita Wo\u0142owe 150G Balto<\/h2>\n<p>maciej imie, quiz flagi, bajki do czytania na dobranoc, rysunki do druku, anio\u0142 rysunek prosty, quiz konie, test asiunia joanna papuzi\u0144ska, adriana znaczenie imienia, malgorzata znaczenie imienia, iwo imie, atrakcje dla dzieci we wroc\u0142awiu, zagdki, ju\u017c blisko kol\u0119da tekst, pomysly na prima aprilis, bo\u017ce narodzenie (film), zabawy urodzinowe dla dzieci, ba\u0142wanek do druku, kolorowe listki tekst, iwo imi\u0119<\/p>\n<p>yyyyy<\/p>\n<p>&nbsp;<\/p>\n","protected":false},"excerpt":{"rendered":"<p>Produkty Balto: \u2022 w pe\u0142ni naturalne i nieprzetworzone: bez dodatk\u00f3w, konserwant\u00f3w, barwnik\u00f3w, wybielaczy \u2022 poddane procesowi pasteryzacji termicznej \u2022 nie zawieraj\u0105 chemicznych polepszaczy \u2022 suszone \u2022 nie trac\u0105 warto\u015bci od\u017cywczych UWAGA : Podawa\u0107 psu pod nadzorem w\u0142a\u015bciciela z dost\u0119pem do \u015bwie\u017cej wody. Przechowywa\u0107 w suchym i ch\u0142odnym miejscu. Nie do spo\u017cycia przez ludzi. Nale\u017cy wykorzysta\u0107 [&hellip;]<\/p>\n","protected":false},"featured_media":3296,"comment_status":"closed","ping_status":"open","template":"","meta":[],"product_cat":[1039,951],"product_tag":[578,747,690,850,607],"class_list":["post-3295","product","type-product","status-publish","has-post-thumbnail","hentry","product_cat-balto","product_cat-karmy-dla-psow","product_tag-fajne-zarty-na-prima-aprilis","product_tag-malowanki-do-druku","product_tag-pieski-male-dwa-tekst","product_tag-wroclaw-atrakcje-dla-dzieci","product_tag-zarty-na-prima-aprilis-dla-rodzicow"],"_links":{"self":[{"href":"http:\/\/klubmamgdynia.pl\/index.php\/wp-json\/wp\/v2\/product\/3295","targetHints":{"allow":["GET"]}}],"collection":[{"href":"http:\/\/klubmamgdynia.pl\/index.php\/wp-json\/wp\/v2\/product"}],"about":[{"href":"http:\/\/klubmamgdynia.pl\/index.php\/wp-json\/wp\/v2\/types\/product"}],"replies":[{"embeddable":true,"href":"http:\/\/klubmamgdynia.pl\/index.php\/wp-json\/wp\/v2\/comments?post=3295"}],"wp:featuredmedia":[{"embeddable":true,"href":"http:\/\/klubmamgdynia.pl\/index.php\/wp-json\/wp\/v2\/media\/3296"}],"wp:attachment":[{"href":"http:\/\/klubmamgdynia.pl\/index.php\/wp-json\/wp\/v2\/media?parent=3295"}],"wp:term":[{"taxonomy":"product_cat","embeddable":true,"href":"http:\/\/klubmamgdynia.pl\/index.php\/wp-json\/wp\/v2\/product_cat?post=3295"},{"taxonomy":"product_tag","embeddable":true,"href":"http:\/\/klubmamgdynia.pl\/index.php\/wp-json\/wp\/v2\/product_tag?post=3295"}],"curies":[{"name":"wp","href":"https:\/\/api.w.org\/{rel}","templated":true}]}}