{"id":3299,"date":"2010-12-16T19:11:24","date_gmt":"2010-12-16T18:11:24","guid":{"rendered":"http:\/\/klubmamgdynia.pl\/index.php\/produkt\/kostium-spidermana\/"},"modified":"2026-04-04T08:30:25","modified_gmt":"2026-04-04T06:30:25","slug":"kostium-spidermana","status":"publish","type":"product","link":"http:\/\/klubmamgdynia.pl\/index.php\/produkt\/kostium-spidermana\/","title":{"rendered":"Kostium Spidermana"},"content":{"rendered":"<p>Karnawa\u0142owy kostium Spider-mana dla 4-latka, wykonany z poliestru. <\/p>\n<p>Pasuje na rozmiary:<br \/>\n110\/116 lub 122\/128                               <\/p>\n<p>Spodnie: szeroko\u015b\u0107 w pasie- 19-25cm, d\u0142ugo\u015b\u0107- 67cm;<br \/>\nBluzka:  szeroko\u015b\u0107 w ramionach- 35cm, d\u0142ugo\u015b\u0107 ca\u0142kowita- 42cm, d\u0142ugo\u015b\u0107 r\u0119kawa-37cm;<\/p>\n<h2>Kostium Spidermana <\/h2>\n<p>prezent dla nastolatk\u00f3w na \u015bwi\u0119ta, w uk\u0142adzie s\u0142onecznym tekst, prank na prima aprilis, wierszyk o choince<\/p>\n<p>yyyyy<\/p>\n<p>&nbsp;<\/p>\n","protected":false},"excerpt":{"rendered":"<p>Karnawa\u0142owy kostium Spider-mana dla 4-latka, wykonany z poliestru. Pasuje na rozmiary: 110\/116 lub 122\/128 Spodnie: szeroko\u015b\u0107 w pasie- 19-25cm, d\u0142ugo\u015b\u0107- 67cm; Bluzka: szeroko\u015b\u0107 w ramionach- 35cm, d\u0142ugo\u015b\u0107 ca\u0142kowita- 42cm, d\u0142ugo\u015b\u0107 r\u0119kawa-37cm; Kostium Spidermana prezent dla nastolatk\u00f3w na \u015bwi\u0119ta, w uk\u0142adzie s\u0142onecznym tekst, prank na prima aprilis, wierszyk o choince yyyyy &nbsp;<\/p>\n","protected":false},"featured_media":3300,"comment_status":"closed","ping_status":"open","template":"","meta":[],"product_cat":[1040],"product_tag":[766,652,704,709],"class_list":["post-3299","product","type-product","status-publish","has-post-thumbnail","hentry","product_cat-stroje-karnawalowe","product_tag-kira","product_tag-otto","product_tag-prezent-dla-nastolatka","product_tag-zagadki-dla-dzieci-6-7-lat"],"_links":{"self":[{"href":"http:\/\/klubmamgdynia.pl\/index.php\/wp-json\/wp\/v2\/product\/3299","targetHints":{"allow":["GET"]}}],"collection":[{"href":"http:\/\/klubmamgdynia.pl\/index.php\/wp-json\/wp\/v2\/product"}],"about":[{"href":"http:\/\/klubmamgdynia.pl\/index.php\/wp-json\/wp\/v2\/types\/product"}],"replies":[{"embeddable":true,"href":"http:\/\/klubmamgdynia.pl\/index.php\/wp-json\/wp\/v2\/comments?post=3299"}],"wp:featuredmedia":[{"embeddable":true,"href":"http:\/\/klubmamgdynia.pl\/index.php\/wp-json\/wp\/v2\/media\/3300"}],"wp:attachment":[{"href":"http:\/\/klubmamgdynia.pl\/index.php\/wp-json\/wp\/v2\/media?parent=3299"}],"wp:term":[{"taxonomy":"product_cat","embeddable":true,"href":"http:\/\/klubmamgdynia.pl\/index.php\/wp-json\/wp\/v2\/product_cat?post=3299"},{"taxonomy":"product_tag","embeddable":true,"href":"http:\/\/klubmamgdynia.pl\/index.php\/wp-json\/wp\/v2\/product_tag?post=3299"}],"curies":[{"name":"wp","href":"https:\/\/api.w.org\/{rel}","templated":true}]}}