{"id":3301,"date":"2023-03-27T21:38:43","date_gmt":"2023-03-27T19:38:43","guid":{"rendered":"http:\/\/klubmamgdynia.pl\/?post_type=product&#038;p=3301"},"modified":"2026-04-05T22:11:06","modified_gmt":"2026-04-05T20:11:06","slug":"spray-na-komary-i-kleszcze-mugga-50-deet-spray-dla-dzieci","status":"publish","type":"product","link":"http:\/\/klubmamgdynia.pl\/index.php\/produkt\/spray-na-komary-i-kleszcze-mugga-50-deet-spray-dla-dzieci\/","title":{"rendered":"Spray na komary i kleszcze Mugga 50% DEET + spray dla dzieci"},"content":{"rendered":"<p>Opis Specyfikacja: Zabezpiecza przed uk\u0105szeniami insekt\u00f3w Bardzo dobrze si\u0119 rozprowadza Nie pozostawia t\u0142ustych \u015blad\u00f3w Ma przyjemny eukaliptusowy zapach \u0141atwy w zastosowaniu Pojemno\u015b\u0107: 75 ml Producent: Jaico D.P.N.V., Belgia Sk\u0142ad Spray 9,5% DEET: Zawiera substancje czynn\u0105 N,N-dietylo-3-metyolbenza-mide- 101g\/L ( 9,5% DEET),Etanol 368,5 g\/L,Benzoesan denatonium 0,01g\/L,frakcja olejk\u00f3w ro\u015blinnych. Sk\u0142ad Spray 50% DEET: Zawiera substancje czynn\u0105 500 g\/l N,N-Diethy-3-Methylbenzamide (DEET 50%), etanol 383,1 g\/L benzoesan denatonium 0,01 g\/l oraz frakcje olejk\u00f3w ro\u015blinnych. Gwarancja: 24 miesi\u0105ce Kod produktu: 19968 Mugga Spray 9,5% DEET Mugga Spray 9,5% DEET to preparat w sprayu do u\u017cytku na sk\u00f3r\u0119 oraz ubranie. Idealny dla os\u00f3b doros\u0142ych oraz dzieci od 2 roku \u017cycia i kobiet w ci\u0105\u017cy, o silnym dzia\u0142aniu odstraszaj\u0105cym komary, muchy, kleszcze i insekty egzotyczne. Zabezpiecza przed uk\u0105szeniem do 6 godzin od zastosowania w klimacie umiarkowanym oraz od 2 do 5 godzin w klimacie tropikalnym. Oferowany przez nas spray Mugga ma przyjemny zapach i mo\u017ce by\u0107 bezpiecznie stosowany na preparaty do opalania i inne kosmetyki. W przeciwie\u0144stwie do wersji o wi\u0119kszym st\u0119\u017c\u0119niu, t\u0119 9,5% mo\u017cna stosowa\u0107 wielokrotnie w ci\u0105gu dnia. Nale\u017cy pami\u0119ta\u0107, \u017ce wysi\u0142ek fizyczny lub nadmierne pocenie si\u0119 powoduj\u0105 szybsze &#8222;zmycie&#8221; naniesionej warstwy. Spos\u00f3b u\u017cycia: Rozpyli\u0107 niewielk\u0105 ilo\u015b\u0107 produktu na ods\u0142oni\u0119te cz\u0119\u015bci cia\u0142a, a nast\u0119pnie r\u00f3wnomiernie rozsmarowa\u0107 go na sk\u00f3rze. \u015arodki ostro\u017cno\u015bci: Nie stosowa\u0107 bezpo\u015brednio na twarz, nanosi\u0107 za pomoc\u0105 d\u0142oni. Stosowa\u0107 1-2 razy dziennie. Nie stosowa\u0107 u dzieci poni\u017cej 2 roku \u017cycia, a u dzieci poni\u017cej 12 roku \u017cycia ograniczy\u0107 stosowanie do jednej aplikacji dziennie. Nie stosowa\u0107 preparatu na podra\u017cnion\u0105 sk\u00f3r\u0119, rany. Mugga Spray 50% DEET Mugga Spray 50% DEET to najmocniejszy z serii produkt\u00f3w Mugga preparat w sprayu do u\u017cytku na sk\u00f3r\u0119 oraz ubranie. Idealny dla os\u00f3b doros\u0142ych i m\u0142odzie\u017cy od 18 roku \u017cycia, o silnym dzia\u0142aniu odstraszaj\u0105cym komary, muchy, kleszcze i insekty egzotyczne. Preparat zawiera bardzo skuteczn\u0105 substancj\u0119 odstraszaj\u0105c\u0105 DEET w st\u0119\u017ceniu 50% dzi\u0119ki czemu idealnie sprawdza si\u0119 w trudnych warunkach tropikalnych oraz jest niezast\u0105pionym dodatkiem w czasie wypoczynku na \u015bwie\u017cym powietrzu. Zabezpiecza przed uk\u0105szeniem od 8 do 9 godzin od zastosowania w klimacie umiarkowanym oraz od 6 do 8 godzin w klimacie tropikalnym. Oferowany przez nas spray Mugga ma przyjemny zapach i mo\u017ce by\u0107 bezpiecznie stosowany na preparaty do opalania i inne kosmetyki. Spos\u00f3b u\u017cycia: Rozpyli\u0107 niewielk\u0105 ilo\u015b\u0107 produktu na ods\u0142oni\u0119te cz\u0119\u015bci cia\u0142a, a nast\u0119pnie r\u00f3wnomiernie rozsmarowa\u0107 go na sk\u00f3rze. \u015arodki ostro\u017cno\u015bci: Nie stosowa\u0107 na twarz. Nie nale\u017cy stosowa\u0107 wi\u0119cej ni\u017c raz dziennie. Nie stosowa\u0107 u dzieci i m\u0142odzie\u017cy poni\u017cej 18 roku \u017cycia. Po zastosowaniu umy\u0107 r\u0119ce. Nie stosowa\u0107 preparatu na podra\u017cnion\u0105 sk\u00f3r\u0119, rany. \u015arodki Mugga s\u0105 polecane wszystkim chc\u0105cym uchroni\u0107 si\u0119 przed insektami m.in.: Rolnikom, ogrodnikom My\u015bliwym, w\u0119dkarzom, le\u015bnikom \u017bo\u0142nierzom i innym s\u0142u\u017cbom mundurowym Bushcrafterom, survivalowcom, podr\u00f3\u017cnikom Osobom lubi\u0105cym czynny wypoczynek na \u0142onie natury M\u0142odzie\u017cy uczestnicz\u0105cej w obozach i koloniach W zestawie Mugga Spray DEET 9,5% na komary i kleszcze 75ml Mugga Spray STRONG 50% DEET na komary i kleszcze 75ml<\/p>\n<h2>Spray na komary i kleszcze Mugga 50% DEET + spray dla dzieci Mugga<\/h2>\n<p>zagadki dla dzieci 14 lat, wobies, \u015bmieszne zagadki, nauka polskiego dla dzieci z ukrainy, co dla rocznego dziecka, m\u0105dre prezenty dla 7 latki, kolorowanka do wydruku, wzory dyplom\u00f3w dyplomy do druku, laurka kolorowanki na dzie\u0144 mamy, gdy strumyk p\u0142ynie z wolna, bajki terapeutyczne o emocjach, zagadki slowne, ko\u0142ysanki dla dzieci tekst, teksty ko\u0142ysanek, quiz psi patrol, smerfy kolorowanka<\/p>\n<p>yyyyy<\/p>\n<p>&nbsp;<\/p>\n","protected":false},"excerpt":{"rendered":"<p>Opis Specyfikacja: Zabezpiecza przed uk\u0105szeniami insekt\u00f3w Bardzo dobrze si\u0119 rozprowadza Nie pozostawia t\u0142ustych \u015blad\u00f3w Ma przyjemny eukaliptusowy zapach \u0141atwy w zastosowaniu Pojemno\u015b\u0107: 75 ml Producent: Jaico D.P.N.V., Belgia Sk\u0142ad Spray 9,5% DEET: Zawiera substancje czynn\u0105 N,N-dietylo-3-metyolbenza-mide- 101g\/L ( 9,5% DEET),Etanol 368,5 g\/L,Benzoesan denatonium 0,01g\/L,frakcja olejk\u00f3w ro\u015blinnych. Sk\u0142ad Spray 50% DEET: Zawiera substancje czynn\u0105 500 g\/l [&hellip;]<\/p>\n","protected":false},"featured_media":3302,"comment_status":"closed","ping_status":"open","template":"","meta":[],"product_cat":[1031,313],"product_tag":[802,852,585,840,824],"class_list":["post-3301","product","type-product","status-publish","has-post-thumbnail","hentry","product_cat-mugga","product_cat-zwalczanie-i-odstraszanie-szkodnikow","product_tag-co-kupic-dziewczynce-na-roczek","product_tag-jak-zrobic-samolot-z-papieru","product_tag-kolorowanki-dla-chlopcow","product_tag-stare-bajki","product_tag-warszawa-atrakcje-dla-dzieci"],"_links":{"self":[{"href":"http:\/\/klubmamgdynia.pl\/index.php\/wp-json\/wp\/v2\/product\/3301","targetHints":{"allow":["GET"]}}],"collection":[{"href":"http:\/\/klubmamgdynia.pl\/index.php\/wp-json\/wp\/v2\/product"}],"about":[{"href":"http:\/\/klubmamgdynia.pl\/index.php\/wp-json\/wp\/v2\/types\/product"}],"replies":[{"embeddable":true,"href":"http:\/\/klubmamgdynia.pl\/index.php\/wp-json\/wp\/v2\/comments?post=3301"}],"wp:featuredmedia":[{"embeddable":true,"href":"http:\/\/klubmamgdynia.pl\/index.php\/wp-json\/wp\/v2\/media\/3302"}],"wp:attachment":[{"href":"http:\/\/klubmamgdynia.pl\/index.php\/wp-json\/wp\/v2\/media?parent=3301"}],"wp:term":[{"taxonomy":"product_cat","embeddable":true,"href":"http:\/\/klubmamgdynia.pl\/index.php\/wp-json\/wp\/v2\/product_cat?post=3301"},{"taxonomy":"product_tag","embeddable":true,"href":"http:\/\/klubmamgdynia.pl\/index.php\/wp-json\/wp\/v2\/product_tag?post=3301"}],"curies":[{"name":"wp","href":"https:\/\/api.w.org\/{rel}","templated":true}]}}