{"id":3303,"date":"2013-01-18T21:53:49","date_gmt":"2013-01-18T20:53:49","guid":{"rendered":"http:\/\/klubmamgdynia.pl\/index.php\/produkt\/domek-na-narzedzia-hudson-9x6-cold-grey\/"},"modified":"2026-05-17T22:20:19","modified_gmt":"2026-05-17T20:20:19","slug":"domek-na-narzedzia-hudson-9x6-cold-grey","status":"publish","type":"product","link":"http:\/\/klubmamgdynia.pl\/index.php\/produkt\/domek-na-narzedzia-hudson-9x6-cold-grey\/","title":{"rendered":"Domek Na Narz\u0119dzia Hudson 9X6 Cold Grey"},"content":{"rendered":"<p>Opis:Domek HUDSON 9&#215;6 cold grey to uniwersalna szopa narz\u0119dziowa z przesuwanymi drzwiami. Jest idealnym miejscem do przechowywania narz\u0119dzi, rower\u00f3w, kosiarek oraz sprz\u0119tu ogrodniczego. Ca\u0142o\u015b\u0107 zosta\u0142a wykonana z wysokiej jako\u015bci materia\u0142\u00f3w &#8211; rama ze stali ocynkowanej oraz ocynkowane ogniowo panele stalowe o grubo\u015bci 0,25 mm. Dzi\u0119ki temu zapewniona jest najlepsza wytrzyma\u0142o\u015b\u0107, stabilno\u015b\u0107, trwa\u0142o\u015b\u0107 oraz odporno\u015b\u0107 na warunki atmosferyczne i korozj\u0119. Dwuspadowy dach zapobiega gromadzeniu si\u0119 wody i \u015bniegu, dzi\u0119ki czemu gwarantuje bezpiecze\u0144stwo u\u017cytkowania. Cztery otwory wentylacyjne oraz dodatkowe okno zapewniaj\u0105 odpowiedni\u0105 cyrkulacj\u0119 powietrza. Domek jest przeznaczony do monta\u017cu.Cechy: wykonanie z wysokiej jako\u015bci materia\u0142\u00f3w &#8211; rama ze stali ocynkowanej oraz ocynkowane ogniowo panele stalowe, odporne na warunki atmosferyczne i promieniowanie UVprzestronna konstrukcja zapewniaj\u0105ca du\u017co miejsca do przechowywania narz\u0119dzi i sprz\u0119tu ogrodowego, grilli, rower\u00f3w i narz\u0119dzi do majsterkowaniapraktycznie bezobs\u0142ugowy, nie wymaga specjalnej konserwacji \u2013 do piel\u0119gnacji wystarczy mycie wod\u0105 od czasu do czasuszerokie i przesuwne, podw\u00f3jne drzwi wej\u015bciowe zapewniaj\u0105 \u0142atwy dost\u0119p do szopy oraz wyposa\u017cone s\u0105 w uchwyty, kt\u00f3re mo\u017cna zabezpieczy\u0107 k\u0142\u00f3dk\u0105 (k\u0142\u00f3dka nie jest do\u0142\u0105czona)podw\u00f3jne otwory wentylacyjne z przodu i z ty\u0142u, zapewniaj\u0105 wystarczaj\u0105c\u0105 cyrkulacj\u0119 powietrza wewn\u0105trz, zapobiegaj\u0105c gromadzeniu si\u0119 wilgoci i ple\u015bni dodatkowe okno, kt\u00f3re zapewnia odpowiedni\u0105 ilo\u015b\u0107 naturalnego \u015bwiat\u0142adwuspadowy dach zapobiega gromadzeniu si\u0119 wody i \u015bniegu, dzi\u0119ki czemu gwarantuje bezpiecze\u0144stwo u\u017cytkowaniatrwa\u0142a i wytrzyma\u0142a konstrukcja oraz wysoka jako\u015b\u0107 wykonania zapewni\u0105 wieloletnie i komfortowe u\u017cytkowaniedomek przeznaczony jest do \u0142atwego monta\u017cu, nie wymagaj\u0105cy wiedzy budowlanejWymiary:Zewn\u0119trzne: szeroko\u015b\u0107 &#8211; 277 cm, g\u0142\u0119boko\u015b\u0107 &#8211; 191 cm, wysoko\u015b\u0107 &#8211; 202 cmWewn\u0119trzne: szeroko\u015b\u0107 &#8211; 267 cm, g\u0142\u0119boko\u015b\u0107 &#8211; 181 cm, wysoko\u015b\u0107 &#8211; 202 cmDrzwi: 117 x 162 cmPowierzchnia: 4,83 m2Waga (z opakowaniem): 66 kgInstrukcja:<\/p>\n<h2>Domek Na Narz\u0119dzia Hudson 9X6 Cold Grey VidaXL<\/h2>\n<p>gry planszowe dla nastolatk\u00f3w, radiowe nuty niech zyja wakacje, pokemon kolorowanki, aniela znaczenie imienia, god\u0142o polski do druku, babciu droga babciu tekst, chase psi patrol kolorowanka, myszka miki kolorowanka, aniela znaczenie imienia, zdrowe dania dla dzieci, zaproszenie na urodziny do druku pdf, stare wiersze dla dzieci, dzie\u0144 nauczyciela teksty, kolorowanki \u015bwi\u0119to niepodleg\u0142o\u015bci do druku, ozdoby na choink\u0119 dla dzieci z papieru, prezent dla 14 letniej dziewczyny, kolorowanka \u015bwinka peppa<\/p>\n<p>yyyyy<\/p>\n<p>&nbsp;<\/p>\n","protected":false},"excerpt":{"rendered":"<p>Opis:Domek HUDSON 9&#215;6 cold grey to uniwersalna szopa narz\u0119dziowa z przesuwanymi drzwiami. Jest idealnym miejscem do przechowywania narz\u0119dzi, rower\u00f3w, kosiarek oraz sprz\u0119tu ogrodniczego. Ca\u0142o\u015b\u0107 zosta\u0142a wykonana z wysokiej jako\u015bci materia\u0142\u00f3w &#8211; rama ze stali ocynkowanej oraz ocynkowane ogniowo panele stalowe o grubo\u015bci 0,25 mm. Dzi\u0119ki temu zapewniona jest najlepsza wytrzyma\u0142o\u015b\u0107, stabilno\u015b\u0107, trwa\u0142o\u015b\u0107 oraz odporno\u015b\u0107 na [&hellip;]<\/p>\n","protected":false},"featured_media":3304,"comment_status":"closed","ping_status":"open","template":"","meta":[],"product_cat":[1041,23],"product_tag":[825,583,584,629],"class_list":["post-3303","product","type-product","status-publish","has-post-thumbnail","hentry","product_cat-pawilony-altanki-i-domki","product_cat-vidaxl","product_tag-bajka-na-dobranoc-do-czytania","product_tag-kolysanki-dla-dzieci-tekst","product_tag-liwia","product_tag-smieszne-zagadki-z-odpowiedziami"],"_links":{"self":[{"href":"http:\/\/klubmamgdynia.pl\/index.php\/wp-json\/wp\/v2\/product\/3303","targetHints":{"allow":["GET"]}}],"collection":[{"href":"http:\/\/klubmamgdynia.pl\/index.php\/wp-json\/wp\/v2\/product"}],"about":[{"href":"http:\/\/klubmamgdynia.pl\/index.php\/wp-json\/wp\/v2\/types\/product"}],"replies":[{"embeddable":true,"href":"http:\/\/klubmamgdynia.pl\/index.php\/wp-json\/wp\/v2\/comments?post=3303"}],"wp:featuredmedia":[{"embeddable":true,"href":"http:\/\/klubmamgdynia.pl\/index.php\/wp-json\/wp\/v2\/media\/3304"}],"wp:attachment":[{"href":"http:\/\/klubmamgdynia.pl\/index.php\/wp-json\/wp\/v2\/media?parent=3303"}],"wp:term":[{"taxonomy":"product_cat","embeddable":true,"href":"http:\/\/klubmamgdynia.pl\/index.php\/wp-json\/wp\/v2\/product_cat?post=3303"},{"taxonomy":"product_tag","embeddable":true,"href":"http:\/\/klubmamgdynia.pl\/index.php\/wp-json\/wp\/v2\/product_tag?post=3303"}],"curies":[{"name":"wp","href":"https:\/\/api.w.org\/{rel}","templated":true}]}}