{"id":3305,"date":"2013-06-22T18:45:49","date_gmt":"2013-06-22T16:45:49","guid":{"rendered":"http:\/\/klubmamgdynia.pl\/index.php\/produkt\/cobi-world-war-ii-historical-collection-1937-horch-901-kfz-15-2405\/"},"modified":"2026-05-17T22:39:07","modified_gmt":"2026-05-17T20:39:07","slug":"cobi-world-war-ii-historical-collection-1937-horch-901-kfz-15-2405","status":"publish","type":"product","link":"http:\/\/klubmamgdynia.pl\/index.php\/produkt\/cobi-world-war-ii-historical-collection-1937-horch-901-kfz-15-2405\/","title":{"rendered":"Cobi World War Ii Historical Collection 1937 Horch 901 Kfz.15 2405"},"content":{"rendered":"<p>Horch 901 to wojskowy samoch\u00f3d terenowy wykorzystywany przez niemieckie si\u0142y zbrojne w okresie od 1937 do 1945 roku. Wyprodukowany w liczbie kilkunastu tysi\u0119cy egzemplarzy sta\u0142 si\u0119 powszechnym w armii \u015brodkiem transportu. Pocz\u0105tkowo samoch\u00f3d by\u0142 przeznaczony do transportu oficer\u00f3w sztabowych. Z czasem zacz\u0119to wykorzystywa\u0107 go jako sanitark\u0119 do przewozu rannych, w\u00f3z \u0142\u0105czno\u015bci, lekki ci\u0105gnik artyleryjski, transporter zaopatrzenia i \u017co\u0142nierzy.Z zestawu 185 klock\u00f3w konstrukcyjnych COBI wybudujesz wojskowy samoch\u00f3d osobowo-terenowy Horch 901 (Kfz.15). Wszelkie detale graficzne s\u0105 wysokiej jako\u015bci nadrukami, kt\u00f3re nie \u015bcieraj\u0105 si\u0119 nawet w trakcie intensywnej zabawy. Zalet\u0105 jest konstrukcja, kt\u00f3ra w wyj\u0105tkowy spos\u00f3b odzwierciedla oryginalne kszta\u0142ty swego historycznego pierwowzoru. Model zaskakuje nowymi rodzajami klock\u00f3w, kt\u00f3re rewelacyjnie sprawdzaj\u0105 si\u0119 przy budowie samochod\u00f3w oraz u\u0142atwiaj\u0105 dalsze przer\u00f3bki i projektowanie w\u0142asnych konstrukcji. Do szczeg\u00f3\u0142owo odwzorowanego pojazdu do\u0142\u0105czona jest figurka niemieckiego kierowcy wyposa\u017conego w lornetk\u0119. Ca\u0142o\u015b\u0107 zestawu uzupe\u0142nia tabliczka z nazw\u0105 pojazdu.W\u00f3z sztabowy jest idealnym elementem do budowy scenek i dioram historycznych odtwarzaj\u0105cych dowolny europejski front drugiej wojny \u015bwiatowej.Zestaw idealnie sprawdzi jako doskona\u0142y pomys\u0142 na prezent niezale\u017cnie od wieku obdarowanego. Zadowoli doros\u0142ych kolekcjoner\u00f3w i pasjonat\u00f3w motoryzacji oraz dzieci. Jest to r\u00f3wnie\u017c \u015bwietny start do rozpocz\u0119cia przygody z polskimi klockami konstrukcyjnymi COBI.185 wysokiej jako\u015bci element\u00f3wwyprodukowane w UE przez firm\u0119 z ponad 20-letni\u0105 tradycj\u0105spe\u0142niaj\u0105 normy bezpiecze\u0144stwa dotycz\u0105ce produkt\u00f3w dla dzieciw pe\u0142ni kompatybilne z innymi markami klock\u00f3w konstrukcyjnychklocki z nadrukami nie odkszta\u0142caj\u0105 si\u0119 i nie bledn\u0105 w czasie zabawy czy pod wp\u0142ywem temperatury1 figurkaInformacje o produkcieNr katalogowy2405Seria Historical CollectionMarka BrakWymagania wiekowe od 6 latP\u0142e\u0107 Ch\u0142opcyDziewczynkiLiczba element\u00f3w 185Rozmiar zestawu Ma\u0142y [Lego 1 &#8211; 200]Pozosta\u0142e parametry D\u0142ugo\u015b\u0107: 13 cmWysoko\u015b\u0107: 5,5 cm<\/p>\n<h2>Cobi World War Ii Historical Collection 1937 Horch 901 Kfz.15 2405 Cobi<\/h2>\n<p>mariola, list do gwiazdora, kr\u00f3tkie bajki do czytania na dobranoc, bajka o smoku wawelskim, nela w krainie wombat\u00f3w, kolorowanki do druku lol, trudne zagadki, bajki dla dzieci do czytania na dobranoc, zadania logiczne dla dzieci, bajka o emocjach, kajko i kokosz szko\u0142a latania &#8211; test do wydruku, lucyna, kolorowanki lol do druku, konkurs dla dzieci, prezent dla nastolatek, kuchcikowo przepisy dla dzieci, quiz dla dzieci, maska misia do druku, dyplomy do wydrukowania a4, kolorowanka pokemon, sing 2 multikino<\/p>\n<p>yyyyy<\/p>\n<p>&nbsp;<\/p>\n","protected":false},"excerpt":{"rendered":"<p>Horch 901 to wojskowy samoch\u00f3d terenowy wykorzystywany przez niemieckie si\u0142y zbrojne w okresie od 1937 do 1945 roku. Wyprodukowany w liczbie kilkunastu tysi\u0119cy egzemplarzy sta\u0142 si\u0119 powszechnym w armii \u015brodkiem transportu. Pocz\u0105tkowo samoch\u00f3d by\u0142 przeznaczony do transportu oficer\u00f3w sztabowych. Z czasem zacz\u0119to wykorzystywa\u0107 go jako sanitark\u0119 do przewozu rannych, w\u00f3z \u0142\u0105czno\u015bci, lekki ci\u0105gnik artyleryjski, transporter [&hellip;]<\/p>\n","protected":false},"featured_media":3306,"comment_status":"closed","ping_status":"open","template":"","meta":[],"product_cat":[484,113],"product_tag":[825,638,614,822,760],"class_list":["post-3305","product","type-product","status-publish","has-post-thumbnail","hentry","product_cat-cobi","product_cat-klocki","product_tag-bajka-na-dobranoc-do-czytania","product_tag-miastodzieci","product_tag-pia","product_tag-wierszyki-o-wakacjach-krotkie","product_tag-zagadka-matematyczna"],"_links":{"self":[{"href":"http:\/\/klubmamgdynia.pl\/index.php\/wp-json\/wp\/v2\/product\/3305","targetHints":{"allow":["GET"]}}],"collection":[{"href":"http:\/\/klubmamgdynia.pl\/index.php\/wp-json\/wp\/v2\/product"}],"about":[{"href":"http:\/\/klubmamgdynia.pl\/index.php\/wp-json\/wp\/v2\/types\/product"}],"replies":[{"embeddable":true,"href":"http:\/\/klubmamgdynia.pl\/index.php\/wp-json\/wp\/v2\/comments?post=3305"}],"wp:featuredmedia":[{"embeddable":true,"href":"http:\/\/klubmamgdynia.pl\/index.php\/wp-json\/wp\/v2\/media\/3306"}],"wp:attachment":[{"href":"http:\/\/klubmamgdynia.pl\/index.php\/wp-json\/wp\/v2\/media?parent=3305"}],"wp:term":[{"taxonomy":"product_cat","embeddable":true,"href":"http:\/\/klubmamgdynia.pl\/index.php\/wp-json\/wp\/v2\/product_cat?post=3305"},{"taxonomy":"product_tag","embeddable":true,"href":"http:\/\/klubmamgdynia.pl\/index.php\/wp-json\/wp\/v2\/product_tag?post=3305"}],"curies":[{"name":"wp","href":"https:\/\/api.w.org\/{rel}","templated":true}]}}