{"id":3307,"date":"2017-10-21T23:56:59","date_gmt":"2017-10-21T21:56:59","guid":{"rendered":"http:\/\/klubmamgdynia.pl\/index.php\/produkt\/maced-piers-kurczaka-na-patyku-500g\/"},"modified":"2026-04-29T17:00:46","modified_gmt":"2026-04-29T15:00:46","slug":"maced-piers-kurczaka-na-patyku-500g","status":"publish","type":"product","link":"http:\/\/klubmamgdynia.pl\/index.php\/produkt\/maced-piers-kurczaka-na-patyku-500g\/","title":{"rendered":"Maced Pier\u015b Kurczaka Na Patyku 500G"},"content":{"rendered":"<p>MACED PRZYSMAK PIER\u015a KURCZAKA NA PATYKU500gPrzysmak MACED wytworzony z najwy\u017cszej jako\u015bci i lekkostrawnych produkt\u00f3w.Najnowocze\u015bniejsze techniki produkcji zapobiegaj\u0105 utracie warto\u015bci od\u017cywczych, dzi\u0119ki czemu przysmak jest zdrow\u0105 i aromatyczn\u0105 przek\u0105sk\u0105 dla psa.Smaczny i po\u017cywny przysmak dla psa stanowi\u0105cy doskona\u0142e uzupe\u0142nienie codziennej diety naszego pupila:Zaspokaja u psa naturaln\u0105 ch\u0119\u0107 gryzieniaPomaga w utrzymaniu higieny jamy ustnej naszego pupilaPomaga utrzyma\u0107 \u015bwie\u017cy oddech psaPrzysmak od\u015bwie\u017caj\u0105cy oddech\u017buj\u0105c piesek czy\u015bci z\u0119by i wzmacnia dzi\u0105s\u0142aWspomaga usuwanie kamienia naz\u0119bnegoBogaty w witaminy i proteinyPrzysmak \u0142atwo przyswajalnyZdrowy i po\u017cywnyDodatkowe uzupe\u0142nienie codziennej dietyMo\u017ce by\u0107 stosowany jako nagrodaZapewnia doskona\u0142\u0105 zabaw\u0119 na d\u0142u\u017cej dodatkowo czyszcz\u0105c z\u0119by i wzmacniaj\u0105c dzi\u0105s\u0142aPrzysmak zaspokaja naturaln\u0105 potrzeb\u0119 \u017cuciaD\u0142ugo\u015b\u0107 przysmaki: ok.15cmSk\u0142ad:pier\u015b z kurczaka 71,5%pa\u0142eczka ze sk\u00f3ry bydl\u0119cej 25%Sk\u0142adniki analityczne:bia\u0142ko 45%materia nieorganiczna 4%t\u0142uszcz 3%w\u0142\u00f3kno surowe 0,2%wilgotno\u015b\u0107 23%Zalecane karmienie mi\u0119dzy posi\u0142kamiNale\u017cy zapewni\u0107 dost\u0119p do \u015bwie\u017cej wodyPrzysmak nie do spo\u017cycia przez ludziOpakowanie: 500g (ok. 17szt.)Opakowanie hermetycznie zamkni\u0119te z zamkni\u0119ciem strunowym zapewniaj\u0105cym \u015bwie\u017co\u015b\u0107 na d\u0142u\u017cej<\/p>\n<h2>Maced Pier\u015b Kurczaka Na Patyku 500G Maced<\/h2>\n<p>rysunki do druku, antystresowe mandale do druku, ko\u0142ysanki tekst, imie iwo, aniela imie, smoki rysunek, test z lektury asiunia joanna papuzi\u0144ska, kwiatek kwiaty do druku szablony, maski do druku, dyplom do druku, wiosenne zagadki dla dzieci, proste \u017carty na prima aprilis, kwiecie\u0144 plecie\u0144 wiersz, ma\u0142y ksi\u0105\u017ce cytaty, dzieci z bullerbyn quiz, flagi europy quiz, przek\u0105ski na urodziny dziecka, gaja imi\u0119, zabawka na roczek<\/p>\n<p>yyyyy<\/p>\n<p>&nbsp;<\/p>\n","protected":false},"excerpt":{"rendered":"<p>MACED PRZYSMAK PIER\u015a KURCZAKA NA PATYKU500gPrzysmak MACED wytworzony z najwy\u017cszej jako\u015bci i lekkostrawnych produkt\u00f3w.Najnowocze\u015bniejsze techniki produkcji zapobiegaj\u0105 utracie warto\u015bci od\u017cywczych, dzi\u0119ki czemu przysmak jest zdrow\u0105 i aromatyczn\u0105 przek\u0105sk\u0105 dla psa.Smaczny i po\u017cywny przysmak dla psa stanowi\u0105cy doskona\u0142e uzupe\u0142nienie codziennej diety naszego pupila:Zaspokaja u psa naturaln\u0105 ch\u0119\u0107 gryzieniaPomaga w utrzymaniu higieny jamy ustnej naszego pupilaPomaga utrzyma\u0107 [&hellip;]<\/p>\n","protected":false},"featured_media":3308,"comment_status":"closed","ping_status":"open","template":"","meta":[],"product_cat":[951,1042],"product_tag":[833,670,690,812],"class_list":["post-3307","product","type-product","status-publish","has-post-thumbnail","hentry","product_cat-karmy-dla-psow","product_cat-maced","product_tag-bajki-dla-dzieci-do-czytania","product_tag-irma","product_tag-pieski-male-dwa-tekst","product_tag-zagadki-logiczne-na-inteligencje"],"_links":{"self":[{"href":"http:\/\/klubmamgdynia.pl\/index.php\/wp-json\/wp\/v2\/product\/3307","targetHints":{"allow":["GET"]}}],"collection":[{"href":"http:\/\/klubmamgdynia.pl\/index.php\/wp-json\/wp\/v2\/product"}],"about":[{"href":"http:\/\/klubmamgdynia.pl\/index.php\/wp-json\/wp\/v2\/types\/product"}],"replies":[{"embeddable":true,"href":"http:\/\/klubmamgdynia.pl\/index.php\/wp-json\/wp\/v2\/comments?post=3307"}],"wp:featuredmedia":[{"embeddable":true,"href":"http:\/\/klubmamgdynia.pl\/index.php\/wp-json\/wp\/v2\/media\/3308"}],"wp:attachment":[{"href":"http:\/\/klubmamgdynia.pl\/index.php\/wp-json\/wp\/v2\/media?parent=3307"}],"wp:term":[{"taxonomy":"product_cat","embeddable":true,"href":"http:\/\/klubmamgdynia.pl\/index.php\/wp-json\/wp\/v2\/product_cat?post=3307"},{"taxonomy":"product_tag","embeddable":true,"href":"http:\/\/klubmamgdynia.pl\/index.php\/wp-json\/wp\/v2\/product_tag?post=3307"}],"curies":[{"name":"wp","href":"https:\/\/api.w.org\/{rel}","templated":true}]}}