{"id":331,"date":"2016-02-18T00:13:13","date_gmt":"2016-02-17T23:13:13","guid":{"rendered":"http:\/\/klubmamgdynia.pl\/index.php\/produkt\/import-leantoys-pianinko-i-telefon-interaktywne-lew\/"},"modified":"2026-05-17T23:50:39","modified_gmt":"2026-05-17T21:50:39","slug":"import-leantoys-pianinko-i-telefon-interaktywne-lew","status":"publish","type":"product","link":"http:\/\/klubmamgdynia.pl\/index.php\/produkt\/import-leantoys-pianinko-i-telefon-interaktywne-lew\/","title":{"rendered":"Import Leantoys Pianinko i Telefon Interaktywne Lew"},"content":{"rendered":"<p>Pianinko i Telefon Interaktywne LewZabawki s\u0105 bardzo dobre do \u0107wiczenia talentu artystycznego, umiej\u0119tno\u015bci, wyobra\u017ani, a tak\u017ce do rozwijania sprawno\u015bci manualnych naszych pociech. \u015awiec\u0105ce elementy przyci\u0105gn\u0105 wzrok, a dodatkowe d\u017awi\u0119ki pozwol\u0105 dziecko na poznanie \u015bwiata. Telefon wykonany w kszta\u0142cie robota. Posiada 15 przycisk\u00f3w oraz twarz, kt\u00f3ra po wci\u015bni\u0119ciu kokardki zmienia si\u0119 na r\u00f3\u017cne minki. Zabawka wykonana jest w kolorystyce niebiesko-\u017c\u00f3\u0142tej. Telefon posiada bardzo du\u017co funkcji, dzi\u0119ki czemu dziecku zapewni wiele godzin zabawy. Pianinko wykonane w kszta\u0142cie lwa. Posiada 5 klawiszy do gry oraz 4 klawisze ze zwierz\u0105tkami (kr\u00f3liczek, ma\u0142pka, kotek, piesek). Dodatkow\u0105 zalet\u0105 jest kolorystyka, poniewa\u017c jest wykonane w kolorze niebieskim (matowe). Mo\u017cliwo\u015b\u0107 regulacji g\u0142o\u015bno\u015bci.Elementy zestawu:- pianinko- telefonWymiary element\u00f3w zestawu:- pianinko: 17 cm x 13.5 cm x 3 cm- telefon: 13.5 cm x 8.5 cm x 5 cmWymiary pude\u0142ka:28 cm x 7 cm x 21 cm Pianinko zasilane jest trzema bateriami &#8222;AA&#8221; 1.5 V (brak w zestawie), telefon potrzebuje dw\u00f3ch baterii &#8222;AA&#8221; 1.5 V (brak w zestawie), natomiast gitara potrzebuje trzech baterii &#8222;AA&#8221; 1.5 V (brak w zestawie). Zabawka przeznaczona jest dla dzieci powy\u017cej 18. miesi\u0105ca \u017cycia. Figurka posiada certyfikat CE i jest zgodna z norm\u0105 EN 71. Zapakowana jest w kartonik z przezroczyst\u0105 witrynk\u0105, dzi\u0119ki czemu nadaje si\u0119 idealnie na prezent.<\/p>\n<h2>Import Leantoys Pianinko i Telefon Interaktywne Lew Lean Toys<\/h2>\n<p>iwo imi\u0119, znaczenia imienia alicja, spongebob kolorowanka, imi\u0119 nela<\/p>\n<p>yyyyy<\/p>\n<p>&nbsp;<\/p>\n","protected":false},"excerpt":{"rendered":"<p>Pianinko i Telefon Interaktywne LewZabawki s\u0105 bardzo dobre do \u0107wiczenia talentu artystycznego, umiej\u0119tno\u015bci, wyobra\u017ani, a tak\u017ce do rozwijania sprawno\u015bci manualnych naszych pociech. \u015awiec\u0105ce elementy przyci\u0105gn\u0105 wzrok, a dodatkowe d\u017awi\u0119ki pozwol\u0105 dziecko na poznanie \u015bwiata. Telefon wykonany w kszta\u0142cie robota. Posiada 15 przycisk\u00f3w oraz twarz, kt\u00f3ra po wci\u015bni\u0119ciu kokardki zmienia si\u0119 na r\u00f3\u017cne minki. Zabawka wykonana [&hellip;]<\/p>\n","protected":false},"featured_media":332,"comment_status":"closed","ping_status":"open","template":"","meta":[],"product_cat":[73,61],"product_tag":[680,719,862,581],"class_list":["post-331","product","type-product","status-publish","has-post-thumbnail","hentry","product_cat-lean-toys","product_cat-zabawki-edukacyjne-dla-niemowlat","product_tag-cytaty-z-malego-ksiecia","product_tag-dziecko-cytaty-zlote-mysli","product_tag-nasza-zima-zla-tekst","product_tag-zagadki-dla-8-latka"],"_links":{"self":[{"href":"http:\/\/klubmamgdynia.pl\/index.php\/wp-json\/wp\/v2\/product\/331","targetHints":{"allow":["GET"]}}],"collection":[{"href":"http:\/\/klubmamgdynia.pl\/index.php\/wp-json\/wp\/v2\/product"}],"about":[{"href":"http:\/\/klubmamgdynia.pl\/index.php\/wp-json\/wp\/v2\/types\/product"}],"replies":[{"embeddable":true,"href":"http:\/\/klubmamgdynia.pl\/index.php\/wp-json\/wp\/v2\/comments?post=331"}],"wp:featuredmedia":[{"embeddable":true,"href":"http:\/\/klubmamgdynia.pl\/index.php\/wp-json\/wp\/v2\/media\/332"}],"wp:attachment":[{"href":"http:\/\/klubmamgdynia.pl\/index.php\/wp-json\/wp\/v2\/media?parent=331"}],"wp:term":[{"taxonomy":"product_cat","embeddable":true,"href":"http:\/\/klubmamgdynia.pl\/index.php\/wp-json\/wp\/v2\/product_cat?post=331"},{"taxonomy":"product_tag","embeddable":true,"href":"http:\/\/klubmamgdynia.pl\/index.php\/wp-json\/wp\/v2\/product_tag?post=331"}],"curies":[{"name":"wp","href":"https:\/\/api.w.org\/{rel}","templated":true}]}}