{"id":3313,"date":"2014-08-23T13:04:29","date_gmt":"2014-08-23T11:04:29","guid":{"rendered":"http:\/\/klubmamgdynia.pl\/index.php\/produkt\/deltacaps-pbo-50ml-preparat-zwalczajacy-wszelkie-owadylatajace-i-biegajace\/"},"modified":"2026-05-01T08:22:42","modified_gmt":"2026-05-01T06:22:42","slug":"deltacaps-pbo-50ml-preparat-zwalczajacy-wszelkie-owadylatajace-i-biegajace","status":"publish","type":"product","link":"http:\/\/klubmamgdynia.pl\/index.php\/produkt\/deltacaps-pbo-50ml-preparat-zwalczajacy-wszelkie-owadylatajace-i-biegajace\/","title":{"rendered":"Deltacaps Pbo 50Ml Preparat Zwalczaj\u0105cy Wszelkie Owadylataj\u0105ce I Biegaj\u0105ce"},"content":{"rendered":"<p>DELTACAPS PBO 50ml to \u015brodek owadob\u00f3jczy dedykowany do zwalczania wszelkiej ma\u015bci owad\u00f3w lataj\u0105cych i biegaj\u0105cych. Ogromn\u0105 zalet\u0105 produktu DELTACAPS PBO 50ml jest mo\u017cliwo\u015b\u0107 zastosowania go w szerokim spektrum pomieszcze\u0144. Preparat mo\u017ce by\u0107 stosowany m. in. w budynkach gospodarczych, inwentarskich, ale r\u00f3wnie\u017c z powodzeniem w budynkach u\u017cyteczno\u015bci publicznej takich jak szko\u0142y, hotele, etc.Aby u\u017cy\u0107 \u015brodka owadob\u00f3jczego DELTACAPS PBO nale\u017cy wpierw stworzy\u0107 roztw\u00f3r w proporcjach: 50 ml DELTACAPS PBO na 5 litr\u00f3w wody. Tworzy si\u0119 w ten spos\u00f3b roztw\u00f3r 1%, kt\u00f3ry wystarczy na oprysk do 50 m2 Przygotowanym \u015brodkiem DELTACAPS PBO nale\u017cy opryska\u0107 wszystkie te miejsca, gdzie wyst\u0119puje bardzo du\u017ce nagromadzenie owad\u00f3w. Preparat do dezynsekcji DELTACAPS PBO zwalcza m. in.: owady lataj\u0105ce: much, meszki, komary, osy i inne owady biegaj\u0105ce: prusaki, karaluchy, pluskwy, mr\u00f3wki, rybiki cukrowe i inne<\/p>\n<h2>Deltacaps Pbo 50Ml Preparat Zwalczaj\u0105cy Wszelkie Owadylataj\u0105ce I Biegaj\u0105ce Fermo<\/h2>\n<p>labirynt dla dzieci, pokoloruj wed\u0142ug wzoru, pomys\u0142 na prezent na roczek, czapka g\u00f3rnika szablon chomikuj, atrakcje we wroc\u0142awiu dla dzieci, pola znaczenie imienia, \u015bwi\u0119ty przemys\u0142aw, opis do zdj\u0119cia dziecka na fb, najrzadsze imiona dla dziewczynek, oliwier, kubu\u015b puchatek cytaty, quizy dla dzieci<\/p>\n<p>yyyyy<\/p>\n<p>&nbsp;<\/p>\n","protected":false},"excerpt":{"rendered":"<p>DELTACAPS PBO 50ml to \u015brodek owadob\u00f3jczy dedykowany do zwalczania wszelkiej ma\u015bci owad\u00f3w lataj\u0105cych i biegaj\u0105cych. Ogromn\u0105 zalet\u0105 produktu DELTACAPS PBO 50ml jest mo\u017cliwo\u015b\u0107 zastosowania go w szerokim spektrum pomieszcze\u0144. Preparat mo\u017ce by\u0107 stosowany m. in. w budynkach gospodarczych, inwentarskich, ale r\u00f3wnie\u017c z powodzeniem w budynkach u\u017cyteczno\u015bci publicznej takich jak szko\u0142y, hotele, etc.Aby u\u017cy\u0107 \u015brodka owadob\u00f3jczego [&hellip;]<\/p>\n","protected":false},"featured_media":3314,"comment_status":"closed","ping_status":"open","template":"","meta":[],"product_cat":[1046,313],"product_tag":[626,861,583,655,652],"class_list":["post-3313","product","type-product","status-publish","has-post-thumbnail","hentry","product_cat-fermo","product_cat-zwalczanie-i-odstraszanie-szkodnikow","product_tag-jacek","product_tag-jak-narysowac-psa","product_tag-kolysanki-dla-dzieci-tekst","product_tag-najlepsze-zagadki","product_tag-otto"],"_links":{"self":[{"href":"http:\/\/klubmamgdynia.pl\/index.php\/wp-json\/wp\/v2\/product\/3313","targetHints":{"allow":["GET"]}}],"collection":[{"href":"http:\/\/klubmamgdynia.pl\/index.php\/wp-json\/wp\/v2\/product"}],"about":[{"href":"http:\/\/klubmamgdynia.pl\/index.php\/wp-json\/wp\/v2\/types\/product"}],"replies":[{"embeddable":true,"href":"http:\/\/klubmamgdynia.pl\/index.php\/wp-json\/wp\/v2\/comments?post=3313"}],"wp:featuredmedia":[{"embeddable":true,"href":"http:\/\/klubmamgdynia.pl\/index.php\/wp-json\/wp\/v2\/media\/3314"}],"wp:attachment":[{"href":"http:\/\/klubmamgdynia.pl\/index.php\/wp-json\/wp\/v2\/media?parent=3313"}],"wp:term":[{"taxonomy":"product_cat","embeddable":true,"href":"http:\/\/klubmamgdynia.pl\/index.php\/wp-json\/wp\/v2\/product_cat?post=3313"},{"taxonomy":"product_tag","embeddable":true,"href":"http:\/\/klubmamgdynia.pl\/index.php\/wp-json\/wp\/v2\/product_tag?post=3313"}],"curies":[{"name":"wp","href":"https:\/\/api.w.org\/{rel}","templated":true}]}}