{"id":3315,"date":"2016-09-05T08:32:47","date_gmt":"2016-09-05T06:32:47","guid":{"rendered":"http:\/\/klubmamgdynia.pl\/index.php\/produkt\/rocco-junior-zestaw-mieszany-24x400g\/"},"modified":"2026-04-22T11:00:19","modified_gmt":"2026-04-22T09:00:19","slug":"rocco-junior-zestaw-mieszany-24x400g","status":"publish","type":"product","link":"http:\/\/klubmamgdynia.pl\/index.php\/produkt\/rocco-junior-zestaw-mieszany-24x400g\/","title":{"rendered":"Rocco Junior Zestaw Mieszany 24x400g"},"content":{"rendered":"<p>Karma mokra Rocco Junior to wysokowarto\u015bciowe, pe\u0142nowarto\u015bciowe wy\u017cywienie dla szczeni\u0105t i ps\u00f3w m\u0142odych w fazie wzrostu \/ Rocco Junior &#8211; to wysokojako\u015bciowa karma dla szczeni\u0105t, kt\u00f3rej receptur\u0119 zestawiono ze szczeg\u00f3lnym uwzgl\u0119dnieniem potrzeb szczeni\u0105t i m\u0142odych ps\u00f3w w fazie wzrostu. Rocco Junior zawiera ca\u0142\u0105 gam\u0119 witamin i sk\u0142adnik\u00f3w mineralnych, kt\u00f3re niezb\u0119dne s\u0105 dla \u017cycia m\u0142odych ps\u00f3w. Optymalne zestawienie wapnia i fosforu wspomaga mocn\u0105 budow\u0119 ko\u015bci. Rocco Junior &#8211; to dobry start w d\u0142ugie i zdrowe \u017cycie! Rocco Junior zawiera mi\u0119so najwy\u017cszej jako\u015bci, jak r\u00f3wnie\u017c ca\u0142\u0105 palet\u0119 warto\u015bciowych i zdrowych sk\u0142adnik\u00f3w: zwi\u0119kszon\u0105 ilo\u015b\u0107 wapnia: dla zdrowego wzrostu niezb\u0119dne dla \u017cycia kwasy t\u0142uszczowe Omega 3 und 6: dla pi\u0119knej sier\u015bci i zdrowej sk\u00f3ry witamin\u0119 A: dla zdrowia oczu i sk\u00f3ry witamin\u0119 D3: dla budowy ko\u015bci i uz\u0119bienia witamin\u0119 E: dla mi\u0119\u015bni staw\u00f3w i mi\u0119\u015bnia sercowego witamin\u0119 C: dla zdrowego wzrostu i og\u00f3lnego stanu organizmu biotyn: dla zdrowej przemiany materii, pi\u0119knej sier\u015bci i zdrowej sk\u00f3ry Podaruj Twojemu psu urozmaicenie w jego codziennym menue podaj\u0105c mu karm\u0119 Rocco Junior. Karma dost\u0119pny jest w dw\u00f3ch smakowitych wariantach: 24 x 400 g pakiet mieszany: 12 puszek o smaku indyka i serc ciel\u0119cych + wap\u0144 oraz serc kurzych z ry\u017cem + wap\u0144 24 x 400 g Indyk i serca ciel\u0119ce + wap\u0144 24 x 400 g Serca kurze i ry\u017c + wap\u0144 Wy\u0142\u0105czenie z prawdziwego mi\u0119sa Mi\u0119so mi\u0119su nier\u00f3wne! Wiele produkt\u00f3w zawiera tak zwane mi\u0119so prasowane, imituj\u0105ce prawdziwe mi\u0119so (i zawieraj\u0105ce substancje dodatkowe). Rocco produkowane jest tylko ze \u015bwie\u017cego mi\u0119sa. Mielone ko\u015bci, ro\u015blinne bia\u0142ko np. soja oraz spulchniacze nie wchodz\u0105 w sk\u0142ad produktu. Bez wieprzowiny G\u0142\u00f3wnym sk\u0142adnikiem Rocco jest mi\u0119so wo\u0142owe (min. 70 %) Jakie mi\u0119so stanowi pozosta\u0142e 30% zawarto\u015bci Rocco, rozpoznasz po wariancie smakowym. Zagwarantowane! Bez dodatk\u00f3w chemicznych Rocco stosuje w produkcji karm wyszukane, wy\u0142\u0105cznie \u015bwie\u017ce mi\u0119so najwy\u017cszej jako\u015bci, rezygnuj\u0105c przy tym ze wszystkich chemicznych dodatk\u00f3w takich jak aromaty, barwniki i sztucze konserwanty. Poprzez odpowiedni\u0105 obr\u00f3bk\u0119 mi\u0119sa w Rocco zachowane zosta\u0142y wszystkie wa\u017cne sk\u0142adniki od\u017cywcze mi\u0119sa, jak rownie\u017c jego wspania\u0142y smak. Dzi\u0119ki Rocco Tw\u00f3j pies b\u0119dzie cieszy\u0142 si\u0119 dobr\u0105 kondycj\u0105!<\/p>\n<h2>Rocco Junior Zestaw Mieszany 24x400g Rocco<\/h2>\n<p>super zings kolorowanki, pierniki na bo\u017ce narodzenie, bajki na dobranoc psi patrol, prezent dla nastolatk\u00f3w 2020, kolorowanka spiderman, dzieci.pl, jordan co oznacza, jad\u0105 jad\u0105 misie tekst, atrakcje we wroc\u0142awiu dla dzieci, szablony zimowe do wydruku, wakacje kolorowanka, kolorowanki do druku pokemon, darmowe kolorowanki do druku, jak narysowa\u0107 sanie miko\u0142aja, co kupi\u0107 na roczek dla ch\u0142opca, zagadki matematyczne dla dzieci 7 lat, prezent na roczek od babci, parasol szablon do wydruku, labirynt dla dzieci<\/p>\n<p>yyyyy<\/p>\n<p>&nbsp;<\/p>\n","protected":false},"excerpt":{"rendered":"<p>Karma mokra Rocco Junior to wysokowarto\u015bciowe, pe\u0142nowarto\u015bciowe wy\u017cywienie dla szczeni\u0105t i ps\u00f3w m\u0142odych w fazie wzrostu \/ Rocco Junior &#8211; to wysokojako\u015bciowa karma dla szczeni\u0105t, kt\u00f3rej receptur\u0119 zestawiono ze szczeg\u00f3lnym uwzgl\u0119dnieniem potrzeb szczeni\u0105t i m\u0142odych ps\u00f3w w fazie wzrostu. Rocco Junior zawiera ca\u0142\u0105 gam\u0119 witamin i sk\u0142adnik\u00f3w mineralnych, kt\u00f3re niezb\u0119dne s\u0105 dla \u017cycia m\u0142odych ps\u00f3w. [&hellip;]<\/p>\n","protected":false},"featured_media":3316,"comment_status":"closed","ping_status":"open","template":"","meta":[],"product_cat":[951,1047],"product_tag":[863,680,637,820,635],"class_list":["post-3315","product","type-product","status-publish","has-post-thumbnail","hentry","product_cat-karmy-dla-psow","product_cat-rocco","product_tag-bajki-dla-dziewczynek","product_tag-cytaty-z-malego-ksiecia","product_tag-niech-zyja-wakacje-tekst","product_tag-ziemia-wyspa-zielona-tekst","product_tag-znaki-drogowe-do-druku"],"_links":{"self":[{"href":"http:\/\/klubmamgdynia.pl\/index.php\/wp-json\/wp\/v2\/product\/3315","targetHints":{"allow":["GET"]}}],"collection":[{"href":"http:\/\/klubmamgdynia.pl\/index.php\/wp-json\/wp\/v2\/product"}],"about":[{"href":"http:\/\/klubmamgdynia.pl\/index.php\/wp-json\/wp\/v2\/types\/product"}],"replies":[{"embeddable":true,"href":"http:\/\/klubmamgdynia.pl\/index.php\/wp-json\/wp\/v2\/comments?post=3315"}],"wp:featuredmedia":[{"embeddable":true,"href":"http:\/\/klubmamgdynia.pl\/index.php\/wp-json\/wp\/v2\/media\/3316"}],"wp:attachment":[{"href":"http:\/\/klubmamgdynia.pl\/index.php\/wp-json\/wp\/v2\/media?parent=3315"}],"wp:term":[{"taxonomy":"product_cat","embeddable":true,"href":"http:\/\/klubmamgdynia.pl\/index.php\/wp-json\/wp\/v2\/product_cat?post=3315"},{"taxonomy":"product_tag","embeddable":true,"href":"http:\/\/klubmamgdynia.pl\/index.php\/wp-json\/wp\/v2\/product_tag?post=3315"}],"curies":[{"name":"wp","href":"https:\/\/api.w.org\/{rel}","templated":true}]}}