{"id":3317,"date":"2021-11-06T05:43:29","date_gmt":"2021-11-06T04:43:29","guid":{"rendered":"http:\/\/klubmamgdynia.pl\/index.php\/produkt\/royal-canin-york-junior-1kg-na-wage\/"},"modified":"2026-05-17T22:37:57","modified_gmt":"2026-05-17T20:37:57","slug":"royal-canin-york-junior-1kg-na-wage","status":"publish","type":"product","link":"http:\/\/klubmamgdynia.pl\/index.php\/produkt\/royal-canin-york-junior-1kg-na-wage\/","title":{"rendered":"Royal Canin York Junior 1Kg Na Wag\u0119"},"content":{"rendered":"<p>Royal Canin YORK JUNIOR 1kgKARMA ROZWA\u017bANA Z DU\u017bYCH WORK\u00d3W NA WAG\u0118 ZAPAKOWANA W WORECZEK STRUNOWY!!!PRZY WI\u0118KSZYCH ILO\u015aCIACH KARMA ZAPAKOWANA JEST W JEDEN WORECZEK STRUNOWY!!!!Karma pakowana jest w szczelnie zamkni\u0119te woreczki strunowe.Karma systematycznie jest sprzedawana w naszym sklepie stacjonarnym.Yorkshire Terrier przezywa kr\u00f3tk\u0105, ale intensywn\u0105 faz\u0119 wzrostu, kruche ko\u015bci Yorkshire terriera rozwijaj\u0105 si\u0119 bardzo szybko.Po ok. 2 miesi\u0105cach osi\u0105ga on ju\u017c szczyt swojego wzrostu.W ko\u0144c\u00f3wce fazy wzrostu Yorkshire terrier przybiera poma\u0142u na wadze, jego ko\u015bci powoli si\u0119 umacniaj\u0105.Zapotrzebowanie na energi\u0119 jest jednak wci\u0105\u017c dwukrotnie wy\u017csze ni\u017c u doros\u0142ego psa.System immunologiczny rosn\u0105cego Yorkshire Terriersa jest wyj\u0105tkowo wra\u017cliwy, poniewa\u017c nie jest do ko\u0144ca rozwini\u0119ta funkcja wytwarzania w\u0142asnych przeciwcia\u0142.Cz\u0119ste zmiany karmy mog\u0105 doprowadzi\u0107 do zaburze\u0144 flory jelitowej u szczeni\u0105t Yorkshire Terrier i do nadwra\u017cliwej przemiany materii.Royal Canin Yorkshire Terrier Junior o karma sucha, kt\u00f3ra zosta\u0142a opracowana specjalnie na potrzeby Yorkshire Terriera do 10 miesi\u0105ca \u017cyciaSk\u0142ad:m\u0105czka drobiowa (suszona), ry\u017c, m\u0105ka kukurydziana, izolat bia\u0142ka ro\u015blinnego*, t\u0142uszcz zwierz\u0119cy, pulpa buraczana, zwierz\u0119ce bia\u0142ko (hydrolizowane), sk\u0142adniki mineralne, hydrolizat dro\u017cd\u017cy ( \u017ar\u00f3d\u0142o mannanoligosacharyd\u00f3w), olej rybny, olej sojowy, olej og\u00f3recznikowy (0,01%), dro\u017cd\u017ce, fruktooligosacharydy, ekstrakt z aksamitki bogaty w lutin\u0119*L.I.P.: wyselekcjonowane, lekkostrawne bia\u0142ka o wysokiej warto\u015bci<\/p>\n<h2>Royal Canin York Junior 1Kg Na Wag\u0119 Royal Canin<\/h2>\n<p>kawaly na prima aprilis, znaczenie imiona dawid, bajki terapeutyczne o emocjach pdf, po\u0142\u0105cz kropki do druku \u0142atwe, quiz stolice europy, jak zrobi\u0107 samolot z papieru, kolorowanka do wydruku, henryk, m\u0105dre prezenty dla 7 latki, kolorowanka harry potter, lato lato lato czeka tekst, literki, kundel bury tekst, najpi\u0119kniejsze cytaty cytaty dla mamy, \u017carty na prima aprilis dla rodzic\u00f3w, gloria imi\u0119, kinderbal przepisy, ja\u015bmina, karnawa\u0142 maska karnawa\u0142owa szablon<\/p>\n<p>yyyyy<\/p>\n<p>&nbsp;<\/p>\n","protected":false},"excerpt":{"rendered":"<p>Royal Canin YORK JUNIOR 1kgKARMA ROZWA\u017bANA Z DU\u017bYCH WORK\u00d3W NA WAG\u0118 ZAPAKOWANA W WORECZEK STRUNOWY!!!PRZY WI\u0118KSZYCH ILO\u015aCIACH KARMA ZAPAKOWANA JEST W JEDEN WORECZEK STRUNOWY!!!!Karma pakowana jest w szczelnie zamkni\u0119te woreczki strunowe.Karma systematycznie jest sprzedawana w naszym sklepie stacjonarnym.Yorkshire Terrier przezywa kr\u00f3tk\u0105, ale intensywn\u0105 faz\u0119 wzrostu, kruche ko\u015bci Yorkshire terriera rozwijaj\u0105 si\u0119 bardzo szybko.Po ok. 2 [&hellip;]<\/p>\n","protected":false},"featured_media":3318,"comment_status":"closed","ping_status":"open","template":"","meta":[],"product_cat":[951,936],"product_tag":[685,758,855,846,604],"class_list":["post-3317","product","type-product","status-publish","has-post-thumbnail","hentry","product_cat-karmy-dla-psow","product_cat-royal-canin","product_tag-cytaty-o-rodzinie","product_tag-julian","product_tag-nietypowe-imiona-zenskie","product_tag-rysowanki","product_tag-zagadki-trudne"],"_links":{"self":[{"href":"http:\/\/klubmamgdynia.pl\/index.php\/wp-json\/wp\/v2\/product\/3317","targetHints":{"allow":["GET"]}}],"collection":[{"href":"http:\/\/klubmamgdynia.pl\/index.php\/wp-json\/wp\/v2\/product"}],"about":[{"href":"http:\/\/klubmamgdynia.pl\/index.php\/wp-json\/wp\/v2\/types\/product"}],"replies":[{"embeddable":true,"href":"http:\/\/klubmamgdynia.pl\/index.php\/wp-json\/wp\/v2\/comments?post=3317"}],"wp:featuredmedia":[{"embeddable":true,"href":"http:\/\/klubmamgdynia.pl\/index.php\/wp-json\/wp\/v2\/media\/3318"}],"wp:attachment":[{"href":"http:\/\/klubmamgdynia.pl\/index.php\/wp-json\/wp\/v2\/media?parent=3317"}],"wp:term":[{"taxonomy":"product_cat","embeddable":true,"href":"http:\/\/klubmamgdynia.pl\/index.php\/wp-json\/wp\/v2\/product_cat?post=3317"},{"taxonomy":"product_tag","embeddable":true,"href":"http:\/\/klubmamgdynia.pl\/index.php\/wp-json\/wp\/v2\/product_tag?post=3317"}],"curies":[{"name":"wp","href":"https:\/\/api.w.org\/{rel}","templated":true}]}}