{"id":3321,"date":"2018-10-11T07:36:46","date_gmt":"2018-10-11T05:36:46","guid":{"rendered":"http:\/\/klubmamgdynia.pl\/index.php\/produkt\/asplant-aspermet-200-ec-1-l\/"},"modified":"2026-04-06T15:44:53","modified_gmt":"2026-04-06T13:44:53","slug":"asplant-aspermet-200-ec-1-l","status":"publish","type":"product","link":"http:\/\/klubmamgdynia.pl\/index.php\/produkt\/asplant-aspermet-200-ec-1-l\/","title":{"rendered":"Asplant Aspermet 200 Ec 1 L"},"content":{"rendered":"<p>Aspermet 200 EC 1 l AsplantPreparat do zwalczania kleszczy, komar\u00f3w, much i innych owad\u00f3wDu\u017ca skuteczno\u015b\u0107 w zwalczaniu owad\u00f3w na powierzchniach zewn\u0119trznychOPIS:Aspermet 200 EC to bardzo skuteczny preparat owadob\u00f3jczy, w formie koncentratu st\u0119\u017conej emulsji do rozcie\u0144czania wod\u0105.Zastosowanie:Preparat Aspermet 200EC s\u0142u\u017cy do zwalczania owad\u00f3w, przede wszystkim: much, komar\u00f3w, prusak\u00f3w, karaluch\u00f3w, pluskiew, mr\u00f3wek faraona, rybik\u00f3w cukrowych, a tak\u017ce kleszczy.Preparat ma zastosowanie tak\u017ce w ochronie \u017cywno\u015bci i s\u0142u\u017cy tak\u017ce do zwalczania: wo\u0142k\u00f3w zbo\u017cowych, mklik\u00f3w m\u0105cznych, ruchomych form roztoczy itp. Aspermet 200EC wykazuje w\u0142a\u015bciwo\u015bci repelentne, wskutek tego zastosowanie oprysku powoduje usuni\u0119cie owad\u00f3w z miejsc ich przebywania.Preparat Aspermet 200 EC odznacza si\u0119 wysok\u0105 skuteczno\u015bci\u0105 w zwalczaniu przede wszystkim komar\u00f3w i kleszczy na powierzchniach zewn\u0119trznych.Preparat wykazuje dzia\u0142anie kontaktowe i \u017co\u0142\u0105dkowe.Dawkowanie:St\u0119\u017cenie preparatu :2 % (200 ml preparatu na 10 litr\u00f3w wody) w przypadku oprysku za pomoc\u0105 typowych aparat\u00f3w opryskowych. Zwalczanie komar\u00f3w i kleszczy na powierzchniach zewn\u0119trznych: stosowa\u0107 oprysk grubokroplisty, w st\u0119\u017ceniu1 % (100 ml preparatu w 10 litrach wody), w dawce 1 litr roztworu roboczego na 20 m2 powierzchni. UWAGA : Skuteczno\u015b\u0107 preparatu i trwa\u0142o\u015b\u0107 jego skutecznego dzia\u0142ania zwi\u0119ksza w spos\u00f3b wydatny stosowanie adiuwantu Grassfil, w proporcji 1 : 1 w stosunku do Aspermetu.Wystarczy na: 100 ml preparatu starcza na 200 m2 powierzchniZAWARTO\u015a\u0106 SUBSTANCJI AKTYWNEJW 1 litrze \u015brodka zawarte jest 200 g permetryny.<\/p>\n<h2>Asplant Aspermet 200 Ec 1 L <\/h2>\n<p>test z asiuni lektury, wakacje kolorowanka, skalne miasto, zagadki o zwierz\u0119tach wiejskich, niespotykane imiona \u017ce\u0144skie, najlepsze pranki na prima aprilis, prezent dla dziecka 1 rok, kundel bury tekst, peppa kolorowanka, julian znaczenie imienia, prezent pod choink\u0119 dla 7 letniej dziewczynki, co kupi\u0107 nastolatkowi, domki z rolek po papierze toaletowym, prezent na roczek od babci, smok wawelski bajka, imi\u0119 dla dziewczynki 2019, film o \u015bwi\u0119tach dla dzieci, bajki dla dzieci na dobranoc, wiersz o wakacjach, zagadki przyrodnicze, rysunki krok po kroku<\/p>\n<p>yyyyy<\/p>\n<p>&nbsp;<\/p>\n","protected":false},"excerpt":{"rendered":"<p>Aspermet 200 EC 1 l AsplantPreparat do zwalczania kleszczy, komar\u00f3w, much i innych owad\u00f3wDu\u017ca skuteczno\u015b\u0107 w zwalczaniu owad\u00f3w na powierzchniach zewn\u0119trznychOPIS:Aspermet 200 EC to bardzo skuteczny preparat owadob\u00f3jczy, w formie koncentratu st\u0119\u017conej emulsji do rozcie\u0144czania wod\u0105.Zastosowanie:Preparat Aspermet 200EC s\u0142u\u017cy do zwalczania owad\u00f3w, przede wszystkim: much, komar\u00f3w, prusak\u00f3w, karaluch\u00f3w, pluskiew, mr\u00f3wek faraona, rybik\u00f3w cukrowych, a tak\u017ce [&hellip;]<\/p>\n","protected":false},"featured_media":3322,"comment_status":"closed","ping_status":"open","template":"","meta":[],"product_cat":[313],"product_tag":[668,648,688,816,778],"class_list":["post-3321","product","type-product","status-publish","has-post-thumbnail","hentry","product_cat-zwalczanie-i-odstraszanie-szkodnikow","product_tag-atrakcje-dla-dzieci-wroclaw","product_tag-dobrej-nocy-i-sza","product_tag-kolysanki-tekst","product_tag-place-zabaw-warszawa","product_tag-zabawki-na-roczek-dla-chlopca"],"_links":{"self":[{"href":"http:\/\/klubmamgdynia.pl\/index.php\/wp-json\/wp\/v2\/product\/3321","targetHints":{"allow":["GET"]}}],"collection":[{"href":"http:\/\/klubmamgdynia.pl\/index.php\/wp-json\/wp\/v2\/product"}],"about":[{"href":"http:\/\/klubmamgdynia.pl\/index.php\/wp-json\/wp\/v2\/types\/product"}],"replies":[{"embeddable":true,"href":"http:\/\/klubmamgdynia.pl\/index.php\/wp-json\/wp\/v2\/comments?post=3321"}],"wp:featuredmedia":[{"embeddable":true,"href":"http:\/\/klubmamgdynia.pl\/index.php\/wp-json\/wp\/v2\/media\/3322"}],"wp:attachment":[{"href":"http:\/\/klubmamgdynia.pl\/index.php\/wp-json\/wp\/v2\/media?parent=3321"}],"wp:term":[{"taxonomy":"product_cat","embeddable":true,"href":"http:\/\/klubmamgdynia.pl\/index.php\/wp-json\/wp\/v2\/product_cat?post=3321"},{"taxonomy":"product_tag","embeddable":true,"href":"http:\/\/klubmamgdynia.pl\/index.php\/wp-json\/wp\/v2\/product_tag?post=3321"}],"curies":[{"name":"wp","href":"https:\/\/api.w.org\/{rel}","templated":true}]}}