{"id":3323,"date":"2023-05-20T12:48:57","date_gmt":"2023-05-20T10:48:57","guid":{"rendered":"http:\/\/klubmamgdynia.pl\/?post_type=product&#038;p=3323"},"modified":"2026-04-23T08:39:41","modified_gmt":"2026-04-23T06:39:41","slug":"kitekat-wykwintne-dania-w-sosie-4x100g","status":"publish","type":"product","link":"http:\/\/klubmamgdynia.pl\/index.php\/produkt\/kitekat-wykwintne-dania-w-sosie-4x100g\/","title":{"rendered":"Kitekat Wykwintne Dania W Sosie 4x100g"},"content":{"rendered":"<p>Mi\u0119sna Uczta w sosie z kaczk\u0105, z dziczyzn\u0105, z kr\u00f3likiem, z sercami.Karma pe\u0142noporcjowa dla doros\u0142ych kot\u00f3w.Ka\u017cdego dnia starasz si\u0119 jak najlepiej dba\u0107 o w\u0142a\u015bciw\u0105 diet\u0119 swojego kota. Podaj mu pyszny Kitekat w sosie. Smakowite, tre\u015bciwe danie pe\u0142ne jest soczystych mi\u0119snych kawa\u0142k\u00f3w z dziczyzn\u0105, kr\u00f3likiem, kaczk\u0105 lub sercami. Posi\u0142ek jest \u017ar\u00f3d\u0142em wapnia, bia\u0142ka, niezb\u0119dnych t\u0142uszczy, dzi\u0119ki kt\u00f3rym ko\u015bci, z\u0119by i dzi\u0105s\u0142a Twojego kota b\u0119d\u0105 zdrowe i mocne. Dzi\u0119ki witaminie B1 Tw\u00f3j przyjaciel b\u0119dzie zawsze w dobrym nastroju do zabaw, a niezb\u0119dne mikroelementy pomog\u0105 mu nabra\u0107 energii na ka\u017cdy kolejny dzie\u0144. K\u0105ski przepysznego mi\u0119sa w r\u00f3\u017cnych smakach zanurzone w delikatnym sosie dostarcz\u0105 Twemu kotu niezwyk\u0142ej przyjemno\u015bci jedzenia.Sk\u0142adniki:z kaczk\u0105:mi\u0119so i produkty pochodzenia zwierz\u0119cego (w tym 4% kaczki), zbo\u017ca, ro\u015blinne ekstrakty bia\u0142kowe, substancje mineralnez dziczyzn\u0105:mi\u0119so i produkty pochodzenia zwierz\u0119cego (w tym 4% dziczyzny), zbo\u017ca, ro\u015blinne ekstrakty bia\u0142kowe, substancje mineralnez kr\u00f3likiem:mi\u0119so i produkty pochodzenia zwierz\u0119cego (w tym 4% kr\u00f3lika), zbo\u017ca, ro\u015blinne ekstrakty bia\u0142kowe, substancje mineralnez sercami:mi\u0119so i produkty pochodzenia zwierz\u0119cego (w tym 4% serc), zbo\u017ca, ro\u015blinne ekstrakty bia\u0142kowe, substancje mineralneAnaliza:bia\u0142ko: 7%zawarto\u015b\u0107 t\u0142uszczu: 4,5%materia nieorganiczna: 2,5%w\u0142\u00f3kno surowe: 0.3%wilgotno\u015b\u0107: 82%Dawkowanie:Doros\u0142y kot o normalnej aktywno\u015bci i wadze ok. 4kg potrzebuje ok. 3-4 saszetek dziennie.Nale\u017cy dostosowa\u0107 ilo\u015b\u0107 karmy do poziomu aktywno\u015bci i kondycji kota. Pami\u0119taj, aby zapewni\u0107 zwierz\u0119ciu sta\u0142y dost\u0119p do \u015bwie\u017cej wody.<\/p>\n<h2>Kitekat Wykwintne Dania W Sosie 4x100g Kitekat<\/h2>\n<p>ko\u0142ysanki dla dzieci + tekst, kotek kolorowanka, ekskluzywny prezent na roczek, opis o rodzinie, zagadki o lesie, bajka na dobranoc do czytania, domki nad morzem z atrakcjami dla dzieci, leonardo imie, test z lektury kajko i kokosz szko\u0142a latania, koreczki dla dzieci na urodziny, zagadki matematyczne dla przedszkolak\u00f3w, zosia samosia, czytanki na dobranoc, wiersz na dobranoc dla dzieci, bajka terapeutyczna o dokuczaniu, kolorowanki bajki, bajki dla ch\u0142opc\u00f3w do czytania, mandale do druku, zagadki na my\u015blenie, rysowanie po \u015bladzie, \u0142amig\u0142owki do druku<\/p>\n<p>yyyyy<\/p>\n<p>&nbsp;<\/p>\n","protected":false},"excerpt":{"rendered":"<p>Mi\u0119sna Uczta w sosie z kaczk\u0105, z dziczyzn\u0105, z kr\u00f3likiem, z sercami.Karma pe\u0142noporcjowa dla doros\u0142ych kot\u00f3w.Ka\u017cdego dnia starasz si\u0119 jak najlepiej dba\u0107 o w\u0142a\u015bciw\u0105 diet\u0119 swojego kota. Podaj mu pyszny Kitekat w sosie. Smakowite, tre\u015bciwe danie pe\u0142ne jest soczystych mi\u0119snych kawa\u0142k\u00f3w z dziczyzn\u0105, kr\u00f3likiem, kaczk\u0105 lub sercami. Posi\u0142ek jest \u017ar\u00f3d\u0142em wapnia, bia\u0142ka, niezb\u0119dnych t\u0142uszczy, dzi\u0119ki [&hellip;]<\/p>\n","protected":false},"featured_media":3324,"comment_status":"closed","ping_status":"open","template":"","meta":[],"product_cat":[929,1049],"product_tag":[663,652,793],"class_list":["post-3323","product","type-product","status-publish","has-post-thumbnail","hentry","product_cat-karmy-dla-kotow","product_cat-kitekat","product_tag-kolorowanki-dla-dzieci-do-druku","product_tag-otto","product_tag-zagadki-smieszne-podchwytliwe"],"_links":{"self":[{"href":"http:\/\/klubmamgdynia.pl\/index.php\/wp-json\/wp\/v2\/product\/3323","targetHints":{"allow":["GET"]}}],"collection":[{"href":"http:\/\/klubmamgdynia.pl\/index.php\/wp-json\/wp\/v2\/product"}],"about":[{"href":"http:\/\/klubmamgdynia.pl\/index.php\/wp-json\/wp\/v2\/types\/product"}],"replies":[{"embeddable":true,"href":"http:\/\/klubmamgdynia.pl\/index.php\/wp-json\/wp\/v2\/comments?post=3323"}],"wp:featuredmedia":[{"embeddable":true,"href":"http:\/\/klubmamgdynia.pl\/index.php\/wp-json\/wp\/v2\/media\/3324"}],"wp:attachment":[{"href":"http:\/\/klubmamgdynia.pl\/index.php\/wp-json\/wp\/v2\/media?parent=3323"}],"wp:term":[{"taxonomy":"product_cat","embeddable":true,"href":"http:\/\/klubmamgdynia.pl\/index.php\/wp-json\/wp\/v2\/product_cat?post=3323"},{"taxonomy":"product_tag","embeddable":true,"href":"http:\/\/klubmamgdynia.pl\/index.php\/wp-json\/wp\/v2\/product_tag?post=3323"}],"curies":[{"name":"wp","href":"https:\/\/api.w.org\/{rel}","templated":true}]}}