{"id":3325,"date":"2023-01-24T18:29:05","date_gmt":"2023-01-24T17:29:05","guid":{"rendered":"http:\/\/klubmamgdynia.pl\/?post_type=product&#038;p=3325"},"modified":"2026-04-06T01:15:15","modified_gmt":"2026-04-05T23:15:15","slug":"lampa-uliczna-latarnia-solarna-led-z-pilotem-200w","status":"publish","type":"product","link":"http:\/\/klubmamgdynia.pl\/index.php\/produkt\/lampa-uliczna-latarnia-solarna-led-z-pilotem-200w\/","title":{"rendered":"Lampa Uliczna Latarnia Solarna Led Z Pilotem 200W"},"content":{"rendered":"<p>OpisLAMPA ULICZNA LATARNIA SOLARNA Z PILOTEM 200WMoc: 200WWbudowane czujniki: ruchu i zmierzchuPilot steruj\u0105cy lamp\u0105: TAKKlasa: IP65Czas \u0142adowania: 7-8hCzas \u015bwiecenia: nawet 3 noce!\u017bywotno\u015b\u0107: 50000h ( LED )K\u0105t \u015bwiecenia: 120\u00b0Kolor \u015bwiat\u0142a: 6500k (bia\u0142y zimny)Temperatura pracy: -30 ~ 60\u00b0C,Materia\u0142 wykonania: stal i tworzywo sztuczneWymiary: 62 x 25 x 5,5 cm\u015arednica otworu mocuj\u0105cego: min 3,5 max 6 cmWysoko\u015b\u0107 monta\u017cu: 3 &#8211; 6 mKolor: czarnyZESTAW ZAWIERALamp\u0119 solarn\u0105 LED 200W z panelem s\u0142onecznymPilot do sterowania\u015aruby monta\u017coweWYGODNY MONTA\u017bCiesz si\u0119 ekologiczn\u0105 i ca\u0142kowicie darmow\u0105 energi\u0105 s\u0142oneczn\u0105, dzi\u0119ki kt\u00f3rej o\u015bwietlisz dowolnie wybrane miejsce w swoim ogrodzie, na dzia\u0142ce, na ulicy czy nawet nad jeziorem! Poniewa\u017c do latarni solarnych nie trzeba doprowadza\u0107 \u017cadnych przewod\u00f3w, mo\u017cliwe jest zamontowanie jej nawet w k\u0142opotliwych miejscach takich jak pomosty, mariny i nabrze\u017ca!ENERGIA DOSTOSOWANA DO WSZYSTKICH TWOICH POTRZEB. Lampa posiada programator, dzi\u0119ki kt\u00f3remu mo\u017cliwe jest dopasowanie mocy oraz czasu \u015bwiecenia.Tryb I &#8211; po zmierzchu lampa \u015bwieci z niewielk\u0105 moc\u0105 (20%) i uaktywnia si\u0119 do pe\u0142nej mocy tylko po wykryciu ruchu.Tryb II &#8211; lampa \u015bwieci po zmierzchu z pe\u0142n\u0105 moc\u0105, przez ca\u0142\u0105 nocTryb III &#8211; lampa \u015bwieci z pe\u0142n\u0105 moc\u0105 przez wybran\u0105 ilo\u015b\u0107 godzin po czym przechodzi w tryb I i roz\u015bwietla si\u0119 tylko po wykryciu ruchu.Obs\u0142uga pilota:induction &#8211; ustawienie automatyczne lampa pali si\u0119 30% mocy, po wykryciu ruchu zapala si\u0119 na 100% mocy. Po znikni\u0119ciu ruchu lampa wraca do 30% mocy po oko\u0142o 30sek.3H- mo\u017cliwo\u015b\u0107 ustawienia czasu \u015bwiecenia po zmierzchu.5H- mo\u017cliwo\u015b\u0107 ustawienia czasu \u015bwiecenia po zmierzchu.8H- mo\u017cliwo\u015b\u0107 ustawienia czasu \u015bwiecenia po zmierzchu.100%- Lampa zapala si\u0119 na 100% swojej mocy po zmierzchu.50%- Lampa zapala si\u0119 na 50% swojej mocy po zmierzchu.LATARNIA MO\u017bE NIE ZNACZNIE R\u00d3\u017bNI\u0106 SI\u0118 KOLOREM G\u0141\u00d3WNEGO PRZYCISKU<\/p>\n<h2>Lampa Uliczna Latarnia Solarna Led Z Pilotem 200W <\/h2>\n<p>lody kolorowanka, co kupi\u0107 nastolatce na urodziny, maski dla dzieci do druku, gabriel, imi\u0119 alan, pierwszy obudzi\u0142 si\u0119 pierwiosnek tekst, zabawka na roczek dla dziewczynki, zagadki dla dzieci 5 lat, pieski, dzie\u0144 pluszowego misia, literki do nauki pisania do druku, dobrej nocy i sza, opisy do zdj z dzieckiem, kolorowanki uk\u0142ad s\u0142oneczny, by\u0142a sobie \u017cabka ma\u0142a tekst, maska batmana do druku, dobre \u017carty na prima aprilis, szablon zaproszenia na urodziny do wydruku czarno bia\u0142e<\/p>\n<p>yyyyy<\/p>\n<p>&nbsp;<\/p>\n","protected":false},"excerpt":{"rendered":"<p>OpisLAMPA ULICZNA LATARNIA SOLARNA Z PILOTEM 200WMoc: 200WWbudowane czujniki: ruchu i zmierzchuPilot steruj\u0105cy lamp\u0105: TAKKlasa: IP65Czas \u0142adowania: 7-8hCzas \u015bwiecenia: nawet 3 noce!\u017bywotno\u015b\u0107: 50000h ( LED )K\u0105t \u015bwiecenia: 120\u00b0Kolor \u015bwiat\u0142a: 6500k (bia\u0142y zimny)Temperatura pracy: -30 ~ 60\u00b0C,Materia\u0142 wykonania: stal i tworzywo sztuczneWymiary: 62 x 25 x 5,5 cm\u015arednica otworu mocuj\u0105cego: min 3,5 max 6 cmWysoko\u015b\u0107 monta\u017cu: [&hellip;]<\/p>\n","protected":false},"featured_media":3326,"comment_status":"closed","ping_status":"open","template":"","meta":[],"product_cat":[1050],"product_tag":[716,613,684,811],"class_list":["post-3325","product","type-product","status-publish","has-post-thumbnail","hentry","product_cat-oswietlenie-zewnetrzne-i-ogrodowe","product_tag-filmy-animowane-o-swietach","product_tag-na-wyspach-bergamutach","product_tag-prezent-dla-dziewczynki-na-roczek","product_tag-zagadki-logiczne-dla-dzieci"],"_links":{"self":[{"href":"http:\/\/klubmamgdynia.pl\/index.php\/wp-json\/wp\/v2\/product\/3325","targetHints":{"allow":["GET"]}}],"collection":[{"href":"http:\/\/klubmamgdynia.pl\/index.php\/wp-json\/wp\/v2\/product"}],"about":[{"href":"http:\/\/klubmamgdynia.pl\/index.php\/wp-json\/wp\/v2\/types\/product"}],"replies":[{"embeddable":true,"href":"http:\/\/klubmamgdynia.pl\/index.php\/wp-json\/wp\/v2\/comments?post=3325"}],"wp:featuredmedia":[{"embeddable":true,"href":"http:\/\/klubmamgdynia.pl\/index.php\/wp-json\/wp\/v2\/media\/3326"}],"wp:attachment":[{"href":"http:\/\/klubmamgdynia.pl\/index.php\/wp-json\/wp\/v2\/media?parent=3325"}],"wp:term":[{"taxonomy":"product_cat","embeddable":true,"href":"http:\/\/klubmamgdynia.pl\/index.php\/wp-json\/wp\/v2\/product_cat?post=3325"},{"taxonomy":"product_tag","embeddable":true,"href":"http:\/\/klubmamgdynia.pl\/index.php\/wp-json\/wp\/v2\/product_tag?post=3325"}],"curies":[{"name":"wp","href":"https:\/\/api.w.org\/{rel}","templated":true}]}}