{"id":3327,"date":"2020-05-24T21:01:13","date_gmt":"2020-05-24T19:01:13","guid":{"rendered":"http:\/\/klubmamgdynia.pl\/index.php\/produkt\/myszolapka-drewniana-pulapka-lapka-na-myszy-szczury-10-szt\/"},"modified":"2026-04-30T11:39:10","modified_gmt":"2026-04-30T09:39:10","slug":"myszolapka-drewniana-pulapka-lapka-na-myszy-szczury-10-szt","status":"publish","type":"product","link":"http:\/\/klubmamgdynia.pl\/index.php\/produkt\/myszolapka-drewniana-pulapka-lapka-na-myszy-szczury-10-szt\/","title":{"rendered":"Myszo\u0142apka Drewniana Pu\u0142apka \u0141apka Na Myszy Szczury 10 Szt."},"content":{"rendered":"<p>Myszo\u0142apka jest prostym, ale bardzo skutecznym urz\u0105dzeniem, umo\u017cliwiaj\u0105cym natychmiastowe unieszkodliwienie gryzonia. Bardzo \u0142atwa w obs\u0142udze. Jej standardowy rozmiar i klasyczna forma, umo\u017cliwiaj\u0105 sprawne chwytanie myszy i ma\u0142ych szczur\u00f3w.<\/p>\n<h2>Myszo\u0142apka Drewniana Pu\u0142apka \u0141apka Na Myszy Szczury 10 Szt. <\/h2>\n<p>\u0142amig\u0142\u00f3wki logiczne dla dzieci, cookie dough przepis, szybkie zagadki matematyczne, sentencje ma\u0142y ksi\u0105\u017ce cytaty, paj\u0105czek na rowerze test, mia imi\u0119, literki do druku, przechowywanie zabawek, szablon choinki do wydruku, kolorowanki wakacje, imiona z bajek, nietypowe imiona \u017ce\u0144skie, wiersze o wio\u015bnie jana brzechwy, \u015bwinka peppa kolorowanka, lodowiska w warszawie, fajne rzeczy dla nastolatk\u00f3w, fajne rzeczy dla nastolatk\u00f3w, prezent dla ch\u0142opca na roczek, cytaty o przyja\u017ani ma\u0142y ksi\u0105\u017c\u0119, alan imi\u0119, bajka terapeutyczna o emocjach<\/p>\n<p>yyyyy<\/p>\n<p>&nbsp;<\/p>\n","protected":false},"excerpt":{"rendered":"<p>Myszo\u0142apka jest prostym, ale bardzo skutecznym urz\u0105dzeniem, umo\u017cliwiaj\u0105cym natychmiastowe unieszkodliwienie gryzonia. Bardzo \u0142atwa w obs\u0142udze. Jej standardowy rozmiar i klasyczna forma, umo\u017cliwiaj\u0105 sprawne chwytanie myszy i ma\u0142ych szczur\u00f3w. Myszo\u0142apka Drewniana Pu\u0142apka \u0141apka Na Myszy Szczury 10 Szt. \u0142amig\u0142\u00f3wki logiczne dla dzieci, cookie dough przepis, szybkie zagadki matematyczne, sentencje ma\u0142y ksi\u0105\u017ce cytaty, paj\u0105czek na rowerze test, [&hellip;]<\/p>\n","protected":false},"featured_media":3328,"comment_status":"closed","ping_status":"open","template":"","meta":[],"product_cat":[313],"product_tag":[776,806,718,800,725],"class_list":["post-3327","product","type-product","status-publish","has-post-thumbnail","hentry","product_cat-zwalczanie-i-odstraszanie-szkodnikow","product_tag-dobrej-nocy","product_tag-prezent-dla-dziecka-na-roczek","product_tag-prezent-na-roczek-dla-chrzesniaka","product_tag-zagadki-smieszne","product_tag-zgadywanki"],"_links":{"self":[{"href":"http:\/\/klubmamgdynia.pl\/index.php\/wp-json\/wp\/v2\/product\/3327","targetHints":{"allow":["GET"]}}],"collection":[{"href":"http:\/\/klubmamgdynia.pl\/index.php\/wp-json\/wp\/v2\/product"}],"about":[{"href":"http:\/\/klubmamgdynia.pl\/index.php\/wp-json\/wp\/v2\/types\/product"}],"replies":[{"embeddable":true,"href":"http:\/\/klubmamgdynia.pl\/index.php\/wp-json\/wp\/v2\/comments?post=3327"}],"wp:featuredmedia":[{"embeddable":true,"href":"http:\/\/klubmamgdynia.pl\/index.php\/wp-json\/wp\/v2\/media\/3328"}],"wp:attachment":[{"href":"http:\/\/klubmamgdynia.pl\/index.php\/wp-json\/wp\/v2\/media?parent=3327"}],"wp:term":[{"taxonomy":"product_cat","embeddable":true,"href":"http:\/\/klubmamgdynia.pl\/index.php\/wp-json\/wp\/v2\/product_cat?post=3327"},{"taxonomy":"product_tag","embeddable":true,"href":"http:\/\/klubmamgdynia.pl\/index.php\/wp-json\/wp\/v2\/product_tag?post=3327"}],"curies":[{"name":"wp","href":"https:\/\/api.w.org\/{rel}","templated":true}]}}