{"id":3329,"date":"2014-11-28T17:46:04","date_gmt":"2014-11-28T16:46:04","guid":{"rendered":"http:\/\/klubmamgdynia.pl\/index.php\/produkt\/siekiero-mlot-isocore-s-36cm\/"},"modified":"2026-04-23T01:55:59","modified_gmt":"2026-04-22T23:55:59","slug":"siekiero-mlot-isocore-s-36cm","status":"publish","type":"product","link":"http:\/\/klubmamgdynia.pl\/index.php\/produkt\/siekiero-mlot-isocore-s-36cm\/","title":{"rendered":"Siekiero-M\u0142ot Isocore S 36Cm"},"content":{"rendered":"<p>Dane techniczne:D\u0142ugo\u015b\u0107: 36 cmWaga: 1,1 kgSiekierom\u0142ot Fiskars Pro IsoCore\u2122 S minimalizuje wstrz\u0105sy i wibracje o 50% w por\u00f3wnaniu do drewnianych r\u0119koje\u015bci.Zoptymalizowana geometria g\u0142owicy pozwala na do roz\u0142upywanie drewna (obuch roz\u0142upuj\u0105cy) lub wbijanie klin\u00f3w i pali (obuch p\u0142aski).Trwale montowana nitowana g\u0142owica eliminuje ryzyko odrzutu i pozostaje zawsze na miejscu &#8211; nawet przy zamachu z najwi\u0119ksz\u0105 si\u0142\u0105G\u0142owica z kutej, hartowanej stali jest pokryta pow\u0142ok\u0105 zabezpieczaj\u0105c\u0105 przed korozj\u0105W obuch p\u0142aski mo\u017cna uderza\u0107 w trakcie roz\u0142upywania innym narz\u0119dziem, aby wbi\u0107 g\u0142\u0119biej obuch klinowyPow\u0142oka SoftGrip\u2122 na r\u0119koje\u015bci oraz rozszerzana ko\u0144c\u00f3wka zapewniaj\u0105 pewny chwytTeksturowana powierzchnia r\u0105czki chroni przed powstawaniem p\u0119cherzy na d\u0142oniachCz\u0119\u015b\u0107 izolacyjna poch\u0142ania wstrz\u0105sy zanim dotr\u0105 do d\u0142oniDwuwarstwowa struktura uchwytu sk\u0142ada si\u0119 z materia\u0142\u00f3w izolacyjnych poch\u0142aniaj\u0105cych drgania i stalowej cz\u0119\u015bci eliminuj\u0105cej ryzyko uderzenia od\u0142amkiemPrzetestowany by sprosta\u0107 wymogom ISO oraz mi\u0119dzynarodowym standardom wytrzyma\u0142o\u015bci w najtrudniejszych warunkachIdealny do roz\u0142upywania drewna (obuch roz\u0142upuj\u0105cy) lub wbijania klin\u00f3w i pali (obuch p\u0142aski) W zestawie pokrowiec dla bezpiecznego przechowywania i transportu**Zdj\u0119cie pogl\u0105dowe&#8230;<\/p>\n<h2>Siekiero-M\u0142ot Isocore S 36Cm Fiskars<\/h2>\n<p>quiz o bo\u017cym narodzeniu, w uk\u0142adzie s\u0142onecznym, nadie\u017cda imi\u0119, najrzadsze imiona dla dziewczynek, pomys\u0142y na prezent na roczek, trudne zagadki dla doros\u0142ych, zabawka dla rocznej dziewczynki, lodowiska w warszawie, na wyspach bergamuta, kartka walentynkowa r\u0119cznie robiona \u0142atwa, \u015bwi\u0119ta wielkanocne piosenka tekst, kolorowanki do druku pokemon, imiona dla ch\u0142opc\u00f3w, kolorowanka lego, gry planszowe dla m\u0142odzie\u017cy, bursztynek bursztynek, traktor do druku, bajeczki na dobranoc, jak narysowac kota<\/p>\n<p>yyyyy<\/p>\n<p>&nbsp;<\/p>\n","protected":false},"excerpt":{"rendered":"<p>Dane techniczne:D\u0142ugo\u015b\u0107: 36 cmWaga: 1,1 kgSiekierom\u0142ot Fiskars Pro IsoCore\u2122 S minimalizuje wstrz\u0105sy i wibracje o 50% w por\u00f3wnaniu do drewnianych r\u0119koje\u015bci.Zoptymalizowana geometria g\u0142owicy pozwala na do roz\u0142upywanie drewna (obuch roz\u0142upuj\u0105cy) lub wbijanie klin\u00f3w i pali (obuch p\u0142aski).Trwale montowana nitowana g\u0142owica eliminuje ryzyko odrzutu i pozostaje zawsze na miejscu &#8211; nawet przy zamachu z najwi\u0119ksz\u0105 si\u0142\u0105G\u0142owica [&hellip;]<\/p>\n","protected":false},"featured_media":3330,"comment_status":"closed","ping_status":"open","template":"","meta":[],"product_cat":[1051,1052],"product_tag":[726,576,672,849],"class_list":["post-3329","product","type-product","status-publish","has-post-thumbnail","hentry","product_cat-fiskars","product_cat-siekiery","product_tag-quiz-zemsta","product_tag-trudne-zagadki","product_tag-trudne-zagadki-z-odpowiedziami","product_tag-zagadki-matematyczne-dla-dzieci"],"_links":{"self":[{"href":"http:\/\/klubmamgdynia.pl\/index.php\/wp-json\/wp\/v2\/product\/3329","targetHints":{"allow":["GET"]}}],"collection":[{"href":"http:\/\/klubmamgdynia.pl\/index.php\/wp-json\/wp\/v2\/product"}],"about":[{"href":"http:\/\/klubmamgdynia.pl\/index.php\/wp-json\/wp\/v2\/types\/product"}],"replies":[{"embeddable":true,"href":"http:\/\/klubmamgdynia.pl\/index.php\/wp-json\/wp\/v2\/comments?post=3329"}],"wp:featuredmedia":[{"embeddable":true,"href":"http:\/\/klubmamgdynia.pl\/index.php\/wp-json\/wp\/v2\/media\/3330"}],"wp:attachment":[{"href":"http:\/\/klubmamgdynia.pl\/index.php\/wp-json\/wp\/v2\/media?parent=3329"}],"wp:term":[{"taxonomy":"product_cat","embeddable":true,"href":"http:\/\/klubmamgdynia.pl\/index.php\/wp-json\/wp\/v2\/product_cat?post=3329"},{"taxonomy":"product_tag","embeddable":true,"href":"http:\/\/klubmamgdynia.pl\/index.php\/wp-json\/wp\/v2\/product_tag?post=3329"}],"curies":[{"name":"wp","href":"https:\/\/api.w.org\/{rel}","templated":true}]}}