{"id":333,"date":"2024-10-05T03:13:35","date_gmt":"2024-10-05T01:13:35","guid":{"rendered":"http:\/\/klubmamgdynia.pl\/?post_type=product&#038;p=333"},"modified":"2026-04-06T13:42:22","modified_gmt":"2026-04-06T11:42:22","slug":"mushie-przescieradlo-do-lozeczka-120-x-60cm-breathable-cotton-natural","status":"publish","type":"product","link":"http:\/\/klubmamgdynia.pl\/index.php\/produkt\/mushie-przescieradlo-do-lozeczka-120-x-60cm-breathable-cotton-natural\/","title":{"rendered":"Mushie Prze\u015bcierad\u0142o Do \u0141\u00f3\u017ceczka 120 X 60Cm Breathable Cotton Natural"},"content":{"rendered":"<p>Prze\u015bcierad\u0142o do \u0142\u00f3\u017ceczka z gumk\u0105 \u015bci\u0105gaj\u0105c\u0105 wykonane ze 100% oddychaj\u0105cej bawe\u0142ny.Komfortowy sen Maluszka w delikatnym dotyku.Do kolekcji mo\u017cna dobra\u0107 inne akcesoria marki Mushie: otulacze, kocyki oraz akcesoria pomocne w nauce jedzenia.Pi\u0119kny design i doskona\u0142a jako\u015b\u0107.Mushie to propozycja dla stylowej i wymagaj\u0105cej Mamy, wykonane s\u0105 z najzdrowszej, najnaturalniejszej, najdelikatniejszej dla wra\u017cliwej sk\u00f3ry Noworodk\u00f3w i Niemowlak\u00f3w tkaniny czyli 100% bawe\u0142ny.Dzi\u0119ki temu s\u0105 najlepszym z mo\u017cliwych naturalnym materia\u0142em do otulania bardzo wra\u017cliwej sk\u00f3ry Noworodk\u00f3w i Wcze\u015bniak\u00f3w.Oddychaj\u0105ce w\u0142a\u015bciwo\u015bci w\u0142\u00f3kien czystej bawe\u0142ny zapewniaj\u0105 naturaln\u0105 regulacj\u0119 temperatury cia\u0142a Niemowl\u0119cia, gwarantuj\u0105c optimum komfortu cieplnego,S\u0105 nadzwyczajnie delikatne w dotyku.Dodatkowo ka\u017cde pranie powoduje, i\u017c staj\u0105 si\u0119 bardziej delikatniejsze i milsze w dotyku.Produkt antyalergiczny &#8211; nie uczula.Sk\u0142ad: 100% bawe\u0142naWymiary: 120 x 60 \u00d7 20 cmSpos\u00f3b u\u017cytkowania:zalecamy pra\u0107 r\u0119czniemo\u017cna pra\u0107 w pralce &#8211; u\u017cywaj\u0105c siatek do praniazalecana max temp, prania 30 oC stopnisuszy\u0107 z dala bezpo\u015brednich \u017ar\u00f3de\u0142 ciep\u0142anie suszy\u0107 bezpo\u015brednio na s\u0142o\u0144cunie mo\u017cna suszy\u0107 w suszarce b\u0119bnowejnie wybiela\u0107nie prasowa\u0107nie pra\u0107 chemiczniePrzed pierwszym u\u017cyciem nale\u017cy wypra\u0107.Odcienie tkanin i\/lub odcienie element\u00f3w sk\u0142adowych produkt\u00f3w mog\u0105 r\u00f3\u017cni\u0107 si\u0119 w zale\u017cno\u015bci od partii. Nie stanowi to wady produktu.WA\u017bNE !Uszkodzenia tkanin i produkt\u00f3w tekstylnych powsta\u0142e podczas i w wyniku u\u017cytkowania [pranie, prasowanie, wybielanie i suszenie] nie s\u0105 podstaw\u0105 do reklamacji.<\/p>\n<h2>Mushie Prze\u015bcierad\u0142o Do \u0141\u00f3\u017ceczka 120 X 60Cm Breathable Cotton Natural Mushie<\/h2>\n<p>pole dyniowe pozna\u0144, bajka dla niemowlaka, kolorowanka wr\u00f3\u017cka, zabawy dla 7 latka, zagadki dla dzieci 10-12 lat, koty kolorowanki do druku, aurelia, quizy miko\u0142ajek, dzieci z bullerbyn quiz, bajka psi patrol do czytania, fajne zagadki dla dzieci<\/p>\n<p>yyyyy<\/p>\n<p>&nbsp;<\/p>\n","protected":false},"excerpt":{"rendered":"<p>Prze\u015bcierad\u0142o do \u0142\u00f3\u017ceczka z gumk\u0105 \u015bci\u0105gaj\u0105c\u0105 wykonane ze 100% oddychaj\u0105cej bawe\u0142ny.Komfortowy sen Maluszka w delikatnym dotyku.Do kolekcji mo\u017cna dobra\u0107 inne akcesoria marki Mushie: otulacze, kocyki oraz akcesoria pomocne w nauce jedzenia.Pi\u0119kny design i doskona\u0142a jako\u015b\u0107.Mushie to propozycja dla stylowej i wymagaj\u0105cej Mamy, wykonane s\u0105 z najzdrowszej, najnaturalniejszej, najdelikatniejszej dla wra\u017cliwej sk\u00f3ry Noworodk\u00f3w i Niemowlak\u00f3w tkaniny [&hellip;]<\/p>\n","protected":false},"featured_media":334,"comment_status":"closed","ping_status":"open","template":"","meta":[],"product_cat":[132,142],"product_tag":[652,717,869,756],"class_list":["post-333","product","type-product","status-publish","has-post-thumbnail","hentry","product_cat-mushie","product_cat-przescieradla-dla-dzieci","product_tag-otto","product_tag-prezent-roczek","product_tag-zagadki-na-logike","product_tag-zaproszenie-na-urodziny-do-druku"],"_links":{"self":[{"href":"http:\/\/klubmamgdynia.pl\/index.php\/wp-json\/wp\/v2\/product\/333","targetHints":{"allow":["GET"]}}],"collection":[{"href":"http:\/\/klubmamgdynia.pl\/index.php\/wp-json\/wp\/v2\/product"}],"about":[{"href":"http:\/\/klubmamgdynia.pl\/index.php\/wp-json\/wp\/v2\/types\/product"}],"replies":[{"embeddable":true,"href":"http:\/\/klubmamgdynia.pl\/index.php\/wp-json\/wp\/v2\/comments?post=333"}],"wp:featuredmedia":[{"embeddable":true,"href":"http:\/\/klubmamgdynia.pl\/index.php\/wp-json\/wp\/v2\/media\/334"}],"wp:attachment":[{"href":"http:\/\/klubmamgdynia.pl\/index.php\/wp-json\/wp\/v2\/media?parent=333"}],"wp:term":[{"taxonomy":"product_cat","embeddable":true,"href":"http:\/\/klubmamgdynia.pl\/index.php\/wp-json\/wp\/v2\/product_cat?post=333"},{"taxonomy":"product_tag","embeddable":true,"href":"http:\/\/klubmamgdynia.pl\/index.php\/wp-json\/wp\/v2\/product_tag?post=333"}],"curies":[{"name":"wp","href":"https:\/\/api.w.org\/{rel}","templated":true}]}}