{"id":3333,"date":"2021-05-15T06:09:49","date_gmt":"2021-05-15T04:09:49","guid":{"rendered":"http:\/\/klubmamgdynia.pl\/index.php\/produkt\/trixie-pieluchy-l-12szt-op-tx23635\/"},"modified":"2026-05-17T23:00:42","modified_gmt":"2026-05-17T21:00:42","slug":"trixie-pieluchy-l-12szt-op-tx23635","status":"publish","type":"product","link":"http:\/\/klubmamgdynia.pl\/index.php\/produkt\/trixie-pieluchy-l-12szt-op-tx23635\/","title":{"rendered":"Trixie Pieluchy L 12Szt\/Op (Tx23635)"},"content":{"rendered":"<p>Praktyczne majtko-pieluszki dla suk w okresie cieczki lub w okresie rekonwalescencji po operacji oraz przy nietrzymaniu moczu.HigieniczneDopasowuj\u0105 si\u0119 do cia\u0142a dzi\u0119ki gumceBardzo ch\u0142onneZ otworem na ogonJednorazoweRozmiar M-LTabela rozmiar\u00f3w:Model WymiaryXS &#8211; S 20 &#8211; 28 cmS &#8211; M 28 &#8211; 40 cmM 32 &#8211; 48 cmM &#8211; L 36 &#8211; 52 cmL 38 &#8211; 56 cmXL 40 &#8211; 58 cm<\/p>\n<h2>Trixie Pieluchy L 12Szt\/Op (Tx23635) Trixie<\/h2>\n<p>test z lektury kajko i kokosz szko\u0142a latania, gry planszowe dla nastolatk\u00f3w, s\u0142owa do przyjaciela, jesienne zagadki, dynie pozna\u0144, test z opowie\u015bci z narnii lew czarownica i stara szafa, lato lato lato czeka tekst, prezenty dla 15 latki, quizy dla dzieci 10 lat, pi\u0119kne cytaty o nauczycielach, choinko pi\u0119kna jak las tekst, logiczne zagadki, kolorowanki do druku kotki<\/p>\n<p>yyyyy<\/p>\n<p>&nbsp;<\/p>\n","protected":false},"excerpt":{"rendered":"<p>Praktyczne majtko-pieluszki dla suk w okresie cieczki lub w okresie rekonwalescencji po operacji oraz przy nietrzymaniu moczu.HigieniczneDopasowuj\u0105 si\u0119 do cia\u0142a dzi\u0119ki gumceBardzo ch\u0142onneZ otworem na ogonJednorazoweRozmiar M-LTabela rozmiar\u00f3w:Model WymiaryXS &#8211; S 20 &#8211; 28 cmS &#8211; M 28 &#8211; 40 cmM 32 &#8211; 48 cmM &#8211; L 36 &#8211; 52 cmL 38 &#8211; 56 cmXL [&hellip;]<\/p>\n","protected":false},"featured_media":3334,"comment_status":"closed","ping_status":"open","template":"","meta":[],"product_cat":[1054,43],"product_tag":[754,654,752,645,858],"class_list":["post-3333","product","type-product","status-publish","has-post-thumbnail","hentry","product_cat-higiena-psow","product_cat-trixie","product_tag-dyplomy-do-wydrukowania-a4","product_tag-krotkie-bajki-dla-dzieci-do-czytania","product_tag-kuba-imie","product_tag-latwe-zagadki","product_tag-podchwytliwe-zagadki"],"_links":{"self":[{"href":"http:\/\/klubmamgdynia.pl\/index.php\/wp-json\/wp\/v2\/product\/3333","targetHints":{"allow":["GET"]}}],"collection":[{"href":"http:\/\/klubmamgdynia.pl\/index.php\/wp-json\/wp\/v2\/product"}],"about":[{"href":"http:\/\/klubmamgdynia.pl\/index.php\/wp-json\/wp\/v2\/types\/product"}],"replies":[{"embeddable":true,"href":"http:\/\/klubmamgdynia.pl\/index.php\/wp-json\/wp\/v2\/comments?post=3333"}],"wp:featuredmedia":[{"embeddable":true,"href":"http:\/\/klubmamgdynia.pl\/index.php\/wp-json\/wp\/v2\/media\/3334"}],"wp:attachment":[{"href":"http:\/\/klubmamgdynia.pl\/index.php\/wp-json\/wp\/v2\/media?parent=3333"}],"wp:term":[{"taxonomy":"product_cat","embeddable":true,"href":"http:\/\/klubmamgdynia.pl\/index.php\/wp-json\/wp\/v2\/product_cat?post=3333"},{"taxonomy":"product_tag","embeddable":true,"href":"http:\/\/klubmamgdynia.pl\/index.php\/wp-json\/wp\/v2\/product_tag?post=3333"}],"curies":[{"name":"wp","href":"https:\/\/api.w.org\/{rel}","templated":true}]}}