{"id":3337,"date":"2018-11-06T03:31:22","date_gmt":"2018-11-06T02:31:22","guid":{"rendered":"http:\/\/klubmamgdynia.pl\/index.php\/produkt\/flysky-kabel-symulatora-lotu-i10-do-aparatur-fsi10-pl-fv23\/"},"modified":"2026-04-26T20:00:02","modified_gmt":"2026-04-26T18:00:02","slug":"flysky-kabel-symulatora-lotu-i10-do-aparatur-fsi10-pl-fv23","status":"publish","type":"product","link":"http:\/\/klubmamgdynia.pl\/index.php\/produkt\/flysky-kabel-symulatora-lotu-i10-do-aparatur-fsi10-pl-fv23\/","title":{"rendered":"flysky Kabel symulatora lotu i10 do aparatur FSi10 PL FV23"},"content":{"rendered":"<p>Kabel symulatora lotu i10 do aparatur FS-i10Kabel symulatora lotu i10 do aparatur FS-i10<\/p>\n<h2>flysky Kabel symulatora lotu i10 do aparatur FSi10 PL FV23 FlySky<\/h2>\n<p>szlaczki do druku, kolorowanka do druku kotek, szablon zaproszenia na urodziny do wydruku czarno bia\u0142e, cytaty korczak, zagadki o zwierz\u0119tach wiejskich, opisy do zdj\u0119\u0107 z dzieckiem, gry ruchowe dla dzieci, karmen imie, kolorowanki jesie\u0144 do druku, historia pluszowego misia, test dynastia mizio\u0142k\u00f3w, liwia znaczenie imienia, bajki dla chlopcow, bajka terapeutyczna o dokuczaniu, zagadki o wio\u015bnie dla dzieci, prezent na roczek dla chlopca, dzie\u0144 misia 2021, zagadki dla 8 latka, prezent dla roczniaka<\/p>\n<p>yyyyy<\/p>\n<p>&nbsp;<\/p>\n","protected":false},"excerpt":{"rendered":"<p>Kabel symulatora lotu i10 do aparatur FS-i10Kabel symulatora lotu i10 do aparatur FS-i10 flysky Kabel symulatora lotu i10 do aparatur FSi10 PL FV23 FlySky szlaczki do druku, kolorowanka do druku kotek, szablon zaproszenia na urodziny do wydruku czarno bia\u0142e, cytaty korczak, zagadki o zwierz\u0119tach wiejskich, opisy do zdj\u0119\u0107 z dzieckiem, gry ruchowe dla dzieci, karmen [&hellip;]<\/p>\n","protected":false},"featured_media":3338,"comment_status":"closed","ping_status":"open","template":"","meta":[],"product_cat":[1053,1055],"product_tag":[702,706,876,609],"class_list":["post-3337","product","type-product","status-publish","has-post-thumbnail","hentry","product_cat-akcesoria-i-czesci-modelarskie","product_cat-flysky","product_tag-co-kupic-na-roczek-dla-dziewczynki","product_tag-imie-kuba","product_tag-przyjazn","product_tag-quiz-flagi-europy"],"_links":{"self":[{"href":"http:\/\/klubmamgdynia.pl\/index.php\/wp-json\/wp\/v2\/product\/3337","targetHints":{"allow":["GET"]}}],"collection":[{"href":"http:\/\/klubmamgdynia.pl\/index.php\/wp-json\/wp\/v2\/product"}],"about":[{"href":"http:\/\/klubmamgdynia.pl\/index.php\/wp-json\/wp\/v2\/types\/product"}],"replies":[{"embeddable":true,"href":"http:\/\/klubmamgdynia.pl\/index.php\/wp-json\/wp\/v2\/comments?post=3337"}],"wp:featuredmedia":[{"embeddable":true,"href":"http:\/\/klubmamgdynia.pl\/index.php\/wp-json\/wp\/v2\/media\/3338"}],"wp:attachment":[{"href":"http:\/\/klubmamgdynia.pl\/index.php\/wp-json\/wp\/v2\/media?parent=3337"}],"wp:term":[{"taxonomy":"product_cat","embeddable":true,"href":"http:\/\/klubmamgdynia.pl\/index.php\/wp-json\/wp\/v2\/product_cat?post=3337"},{"taxonomy":"product_tag","embeddable":true,"href":"http:\/\/klubmamgdynia.pl\/index.php\/wp-json\/wp\/v2\/product_tag?post=3337"}],"curies":[{"name":"wp","href":"https:\/\/api.w.org\/{rel}","templated":true}]}}