{"id":3339,"date":"2024-07-13T12:04:58","date_gmt":"2024-07-13T10:04:58","guid":{"rendered":"http:\/\/klubmamgdynia.pl\/?post_type=product&#038;p=3339"},"modified":"2026-04-29T19:12:23","modified_gmt":"2026-04-29T17:12:23","slug":"stiga-combi-166-2t0070481-st2","status":"publish","type":"product","link":"http:\/\/klubmamgdynia.pl\/index.php\/produkt\/stiga-combi-166-2t0070481-st2\/","title":{"rendered":"Stiga Combi 166 (2T0070481\/ST2)"},"content":{"rendered":"<p>Traktor ogrodowy Stiga Combi 166                            <\/p>\n<p>Traktor ogrodowy Combi 166 sprawdza si\u0119 idealnie do ogrod\u00f3w z trudnymi podjazdami i ostrymi \u0142ukami, na kt\u00f3rym znajduj\u0105 si\u0119 z\u0142o\u017cone konstrukcje architektury ogrodowej. Jest on na tyle ma\u0142y, \u017ce zmie\u015bci si\u0119 w ciasnych podjazdach, a jego w\u0105ski promie\u0144 skr\u0119tu u\u0142atwia manewrowanie wok\u00f3\u0142 przeszk\u00f3d. Ponadto, jednocylindrowy silnik o pojemno\u015bci 224 cm3, 66-centymetrowa szeroko\u015b\u0107 koszenia i du\u017cy kosz na traw\u0119 o pojemno\u015bci 150 litr\u00f3w sprawiaj\u0105, \u017ce jest to urz\u0105dzenie idealne do koszenia obszar\u00f3w do 1500 m2. Elastyczny system koszenia 3 w 1 &#8211; zawiera 6 stopniow\u0105 regulacj\u0119 wysoko\u015bci koszenia, wyb\u00f3r trybu pomi\u0119dzy zbieraniem, wyrzutem bocznym i mulczowaniem &#8211; w zale\u017cno\u015bci od trawnika oraz sezonu. Aby zapewni\u0107 p\u0142ynn\u0105 i bezpieczn\u0105 jazd\u0119, traktor ogrodowy Combi 166, zosta\u0142 r\u00f3wnie\u017c wyposa\u017cony w \u0142atwo dost\u0119pny regulator pr\u0119dko\u015bci i nap\u0119d hydrostatyczny sterowany peda\u0142em. Po prostu usi\u0105d\u017a, w\u0142\u0105cz i gotowe! Zestaw do mulczowania sprzedawany osobno                            <\/p>\n<p>Zasilany jednocylindrowym silnikiem spalinowym STIGA ST 250 ES 224 cc traktor ogrodowy Combi 166 jest idealnym partnerem ogrodowym do ogrod\u00f3w do 1500 m2                            <\/p>\n<p>Stworzony z my\u015bl\u0105 o w\u0105skich przestrzeniach, bardzo zwinny, aby omija\u0107 przeszkody ogrodowe jak krzewy i drzewa. Idealny do ogrod\u00f3w do 1500 m2                            <\/p>\n<p>66 cm szeroko\u015bci koszenia, 6 r\u00f3\u017cnych wysoko\u015bci koszenia, system koszenia 3w1 pozwalaj\u0105cy na prac\u0119 w trybie: zbierania, mulczowania lub wyrzutu bocznego                            <\/p>\n<p>150-litrowy kosz na traw\u0119 oznacza prac\u0119 z mniejsz\u0105 ilo\u015bci\u0105 niezb\u0119dnych przerw na jego opr\u00f3\u017cnianie                            <\/p>\n<p>Ergonomiczna kierownica zapewnia maksymalny komfort podczas jazdy. Regulator pr\u0119dko\u015bci jest w \u0142atwo dost\u0119pnym miejscu                            <\/p>\n<p>Nap\u0119d hydrostatyczny sterowany peda\u0142em no\u017cnym zapewnia wygodn\u0105 i wydajn\u0105 kontrol\u0119 pr\u0119dko\u015bci<\/p>\n<h2>Stiga Combi 166 (2T0070481\/ST2) Stiga<\/h2>\n<p>\u0142amig\u0142\u00f3wki matematyczne, test miko\u0142ajek, trudne zagadki z odpowiedziami, nadia, zagdki, \u017carty na prima aprilis dla ch\u0142opaka, znajd\u017a r\u00f3\u017cnice do druku, trudne zagadki z odpowiedziami, \u017cyczenia na lany poniedzia\u0142ek wielkanocny, bajki do czytania na dobranoc, pomys\u0142 na prezent dla 15 latki, bezwarunkowa mi\u0142o\u015b\u0107 do dziecka cytaty, opis o dziecku, maska psi patrol do druku, plac zabaw pozna\u0144, bajka dla dzieci do czytania, mi\u0142osz imie, kolorowanka antystresowa<\/p>\n<p>yyyyy<\/p>\n<p>&nbsp;<\/p>\n","protected":false},"excerpt":{"rendered":"<p>Traktor ogrodowy Stiga Combi 166 Traktor ogrodowy Combi 166 sprawdza si\u0119 idealnie do ogrod\u00f3w z trudnymi podjazdami i ostrymi \u0142ukami, na kt\u00f3rym znajduj\u0105 si\u0119 z\u0142o\u017cone konstrukcje architektury ogrodowej. Jest on na tyle ma\u0142y, \u017ce zmie\u015bci si\u0119 w ciasnych podjazdach, a jego w\u0105ski promie\u0144 skr\u0119tu u\u0142atwia manewrowanie wok\u00f3\u0142 przeszk\u00f3d. Ponadto, jednocylindrowy silnik o pojemno\u015bci 224 cm3, [&hellip;]<\/p>\n","protected":false},"featured_media":3340,"comment_status":"closed","ping_status":"open","template":"","meta":[],"product_cat":[1056,1057],"product_tag":[727,684,609,709],"class_list":["post-3339","product","type-product","status-publish","has-post-thumbnail","hentry","product_cat-stiga","product_cat-traktory-i-kosiarki-samojezdne","product_tag-godlo-polski-do-druku","product_tag-prezent-dla-dziewczynki-na-roczek","product_tag-quiz-flagi-europy","product_tag-zagadki-dla-dzieci-6-7-lat"],"_links":{"self":[{"href":"http:\/\/klubmamgdynia.pl\/index.php\/wp-json\/wp\/v2\/product\/3339","targetHints":{"allow":["GET"]}}],"collection":[{"href":"http:\/\/klubmamgdynia.pl\/index.php\/wp-json\/wp\/v2\/product"}],"about":[{"href":"http:\/\/klubmamgdynia.pl\/index.php\/wp-json\/wp\/v2\/types\/product"}],"replies":[{"embeddable":true,"href":"http:\/\/klubmamgdynia.pl\/index.php\/wp-json\/wp\/v2\/comments?post=3339"}],"wp:featuredmedia":[{"embeddable":true,"href":"http:\/\/klubmamgdynia.pl\/index.php\/wp-json\/wp\/v2\/media\/3340"}],"wp:attachment":[{"href":"http:\/\/klubmamgdynia.pl\/index.php\/wp-json\/wp\/v2\/media?parent=3339"}],"wp:term":[{"taxonomy":"product_cat","embeddable":true,"href":"http:\/\/klubmamgdynia.pl\/index.php\/wp-json\/wp\/v2\/product_cat?post=3339"},{"taxonomy":"product_tag","embeddable":true,"href":"http:\/\/klubmamgdynia.pl\/index.php\/wp-json\/wp\/v2\/product_tag?post=3339"}],"curies":[{"name":"wp","href":"https:\/\/api.w.org\/{rel}","templated":true}]}}