{"id":3341,"date":"2013-09-20T10:33:42","date_gmt":"2013-09-20T08:33:42","guid":{"rendered":"http:\/\/klubmamgdynia.pl\/index.php\/produkt\/odbiornik-flysky-micro-fs-a8s-8ch-afhds-2a-ppm-i-bus\/"},"modified":"2026-04-05T18:33:59","modified_gmt":"2026-04-05T16:33:59","slug":"odbiornik-flysky-micro-fs-a8s-8ch-afhds-2a-ppm-i-bus","status":"publish","type":"product","link":"http:\/\/klubmamgdynia.pl\/index.php\/produkt\/odbiornik-flysky-micro-fs-a8s-8ch-afhds-2a-ppm-i-bus\/","title":{"rendered":"Odbiornik FlySky Micro FS-A8S 8CH AFHDS 2A PPM i-BUS"},"content":{"rendered":"<p>Odbiornik FlySky FS-A8S to odbiornik 8-kana\u0142owy dedykowany do dron\u00f3w. Wykorzystuje protok\u00f3\u0142 Automatic Frequency Hopping Digital System (AFHDS 2A), obs\u0142uguje standardowe wyj\u015bcia PPM i 18 kana\u0142\u00f3w i-BUS.Dane techniczne: Ilo\u015b\u0107 kana\u0142\u00f3w: 8 (PPM), 18 (i-BUS)Zakres cz\u0119stotliwo\u015bci: 2.408-2.475GHzD\u0142ugo\u015b\u0107 fali: 500KHzIlo\u015b\u0107 pasm: 135Czu\u0142o\u015b\u0107 RX: -92 dBmSystem 2.4GHz: AFHDS 2ATyp modulacji: GFSK Port DSC: PPM\/i-BUS\/S.BUSMetoda transferu: FHSSWyj\u015bcie danych 1.5mm*3 Pin PPM\/i-BUS\/S.BUSD\u0142ugo\u015b\u0107 anteny: 26mmZasilanie wej\u015bciowe: 4.0-8.4VSpos\u00f3b wy\u015bwietlania: LEDBrak zak\u0142\u00f3ce\u0144 naziemnych (Nadawanie i odbi\u00f3r 1 m od pod\u0142o\u017ca): pow. 300Pr\u0105d pracy: 40mAOp\u00f3\u017anienie kana\u0142u: pon. 15msRozmiar: 20 x 14 x 5.3mmWaga: 1.2gCertyfikaty: CE0678, FCCID: N45ZA8S00 Kompatybilne nadajniki: FS-i4, FS-i6, FS-i6S, FS-i6X, FS-i10<\/p>\n<h2>Odbiornik FlySky Micro FS-A8S 8CH AFHDS 2A PPM i-BUS FlySky<\/h2>\n<p>anastazja imi\u0119, co na roczek, otto, rysunki do druku, zagadki matematyczne dla przedszkolak\u00f3w, \u015bwinka peppa dom, wiersz o wakacjach, niespotykane imiona \u017ce\u0144skie<\/p>\n<p>yyyyy<\/p>\n<p>&nbsp;<\/p>\n","protected":false},"excerpt":{"rendered":"<p>Odbiornik FlySky FS-A8S to odbiornik 8-kana\u0142owy dedykowany do dron\u00f3w. Wykorzystuje protok\u00f3\u0142 Automatic Frequency Hopping Digital System (AFHDS 2A), obs\u0142uguje standardowe wyj\u015bcia PPM i 18 kana\u0142\u00f3w i-BUS.Dane techniczne: Ilo\u015b\u0107 kana\u0142\u00f3w: 8 (PPM), 18 (i-BUS)Zakres cz\u0119stotliwo\u015bci: 2.408-2.475GHzD\u0142ugo\u015b\u0107 fali: 500KHzIlo\u015b\u0107 pasm: 135Czu\u0142o\u015b\u0107 RX: -92 dBmSystem 2.4GHz: AFHDS 2ATyp modulacji: GFSK Port DSC: PPM\/i-BUS\/S.BUSMetoda transferu: FHSSWyj\u015bcie danych 1.5mm*3 Pin [&hellip;]<\/p>\n","protected":false},"featured_media":3342,"comment_status":"closed","ping_status":"open","template":"","meta":[],"product_cat":[1053,1055],"product_tag":[772,853,632],"class_list":["post-3341","product","type-product","status-publish","has-post-thumbnail","hentry","product_cat-akcesoria-i-czesci-modelarskie","product_cat-flysky","product_tag-45-panstw-europy-i-ich-stolice-quiz","product_tag-kolorowanki-do-druku-dla-doroslych","product_tag-warszawa-atrakcje-dla-mlodziezy"],"_links":{"self":[{"href":"http:\/\/klubmamgdynia.pl\/index.php\/wp-json\/wp\/v2\/product\/3341","targetHints":{"allow":["GET"]}}],"collection":[{"href":"http:\/\/klubmamgdynia.pl\/index.php\/wp-json\/wp\/v2\/product"}],"about":[{"href":"http:\/\/klubmamgdynia.pl\/index.php\/wp-json\/wp\/v2\/types\/product"}],"replies":[{"embeddable":true,"href":"http:\/\/klubmamgdynia.pl\/index.php\/wp-json\/wp\/v2\/comments?post=3341"}],"wp:featuredmedia":[{"embeddable":true,"href":"http:\/\/klubmamgdynia.pl\/index.php\/wp-json\/wp\/v2\/media\/3342"}],"wp:attachment":[{"href":"http:\/\/klubmamgdynia.pl\/index.php\/wp-json\/wp\/v2\/media?parent=3341"}],"wp:term":[{"taxonomy":"product_cat","embeddable":true,"href":"http:\/\/klubmamgdynia.pl\/index.php\/wp-json\/wp\/v2\/product_cat?post=3341"},{"taxonomy":"product_tag","embeddable":true,"href":"http:\/\/klubmamgdynia.pl\/index.php\/wp-json\/wp\/v2\/product_tag?post=3341"}],"curies":[{"name":"wp","href":"https:\/\/api.w.org\/{rel}","templated":true}]}}