{"id":3345,"date":"2019-05-09T16:26:35","date_gmt":"2019-05-09T14:26:35","guid":{"rendered":"http:\/\/klubmamgdynia.pl\/index.php\/produkt\/brit-patemeat-turkey-6x800g\/"},"modified":"2026-04-04T10:12:08","modified_gmt":"2026-04-04T08:12:08","slug":"brit-patemeat-turkey-6x800g","status":"publish","type":"product","link":"http:\/\/klubmamgdynia.pl\/index.php\/produkt\/brit-patemeat-turkey-6x800g\/","title":{"rendered":"Brit Pate&amp;Meat Turkey 6X800G"},"content":{"rendered":"<p>Brit Pate &amp; Meat TurkeyPE\u0141NOWARTO\u015aCIOWA\u00a0KARMA DLA PS\u00d3WBrit Pate&amp;Meat Turkey zapewnia kompletne i<br \/>\nzbilansowane \u017cywienie. Karm\u0119 nale\u017cy podawa\u0107 w temperaturze pokojowej. Dawkowanie<br \/>\nkarmy mo\u017ce r\u00f3\u017cni\u0107 si\u0119 w zale\u017cno\u015bci od aktywno\u015bci psa i \u015brodowiska, w kt\u00f3rym \u017cyje. Podaj\u0105c<br \/>\npuszk\u0119 celem urozmaicenia i wzbogacenia smaku posi\u0142k\u00f3w, nale\u017cy odpowiednio pomniejszy\u0107<br \/>\ndzienn\u0105 porcj\u0119 karmy podstawowej. Nale\u017cy zapewni\u0107 psu dost\u0119p do \u015bwie\u017cej wody.<br \/>\nPrzechowywa\u0107 w suchym i ch\u0142odnym miejscu. Po otwarciu przechowywa\u0107 w lod\u00f3wce.                             <\/p>\n<p>a                            <\/p>\n<p>Energia Metaboliczna981 kcal\/kg                            <\/p>\n<p>SK\u0141AD                            <\/p>\n<p>44% kurczak (mi\u0119so i narz\u0105dy), 26% indyk (mi\u0119so\u00a0i narz\u0105dy), 3% skrobia grochowa, 1% b\u0142onnik grochowy,\u00a00,5% olej z \u0142ososia.\u00a0                            <\/p>\n<p>SK\u0141ADNIKI ANALITYCZNE                            <\/p>\n<p>bia\u0142ko surowe 9,0%, t\u0142uszcz surowy 5,0%, popi\u00f3\u0142 surowy 3,0%,\u00a0wilgotno\u015b\u0107 78,0%, w\u0142\u00f3kno surowe 0,5%, wap\u0144 0,1%, fosfor 0,3%, s\u00f3d 0,2%.                            <\/p>\n<p>DODATKI DIETETYCZNE NA 1 KG                            <\/p>\n<p>witamina D3 (E671) 250 j.m., witamina E (3a700) 100 mg,\u00a0cynk (3b606) 15 mg, \u017celazo (E1) 10 mg, mangan (E5) 3 mg, jod (3b201) 0,75 mg, mied\u017a (E4) 0,5\u00a0mg, biotyna 0,2 mg.                            <\/p>\n<p>DODATKI TECHNOLOGICZNE W 1KG                            <\/p>\n<p>\u00a0m\u0105czka chleba \u015bwi\u0119toja\u0144skiego (E410) 5 000 mg                            <\/p>\n<p>SPRAWD\u0179 CA\u0141\u0104 GAM\u0118 PRODUKT\u00d3W BRIT PATE&amp;MEAT                            <\/p>\n<p>            Brit Pate&amp;Meat Salmon 400G<\/p>\n<p>                    Zobacz<\/p>\n<p>            Brit Pate&amp;Meat Beef 400G<\/p>\n<p>                    Zobacz<\/p>\n<p>            Brit Pate&amp;Meat Chicken 400G<\/p>\n<p>                    Zobacz<\/p>\n<p>            Brit Pate&amp;Meat Turkey 400G<\/p>\n<p>                    Zobacz<\/p>\n<p>            Brit Pate&amp;Meat Duck 400G<\/p>\n<p>                    Zobacz<\/p>\n<p>            Brit Pate&amp;Meat Rabbit 400G<\/p>\n<p>                    Zobacz<\/p>\n<p>            Brit Pate&amp;Meat Lamb 400G<\/p>\n<p>                    Zobacz<\/p>\n<p>            Brit Pate&amp;Meat Venison 400G<\/p>\n<p>                    Zobacz<\/p>\n<p>            Brit Pate&amp;Meat Puppy 400G<\/p>\n<p>                    Zobacz<\/p>\n<p>Profilaktyka przez \u017cywienie &#8211; to g\u0142\u00f3wna zasada, kt\u00f3r\u0105 spe\u0142niaj\u0105 starannie skomponowane karmy Brit. Wiemy, \u017ce zwierz\u0119ta domowe s\u0105 w r\u00f3wnym stopniu jak my sami nara\u017cone na stres i powa\u017cne choroby, dlatego z mi\u0142o\u015bci do nich opracowali\u015bmy unikaln\u0105 receptur\u0119, opart\u0105 na wyselekcjonowanych sk\u0142adnikach. Wierzymy, \u017ce odpowiednia dieta ma ogromne znaczenie dla zdrowia i kondycji naszych czworono\u017cnych przyjaci\u00f3\u0142. St\u0105d w karmach Brit znajdziecie tylko to, co najlepsze: wysokiej jako\u015bci mi\u0119so, ryby, warzywa i owoce, zio\u0142a oraz sk\u0142adniki funkcjonalne.<\/p>\n<h2>Brit Pate&amp;Meat Turkey 6X800G Brit<\/h2>\n<p>planety uk\u0142ad s\u0142oneczny dla dzieci do druku, pia imi\u0119, prezent dla dziewczynki 7 lat, zagadki o zwierz\u0119tach wiejskich, policja kolorowanka, test na znaki drogowe, upominek dla nastolatk\u00f3w, eksperyment dla dzieci wulkan, opisy rodzina, tekst kolysanek, karnawa\u0142 maska karnawa\u0142owa szablon, zagadki podchwytliwe z odpowiedziami, zabawka na roczek dla ch\u0142opca, wystawy dla dzieci warszawa, zabawy dla 7 latki, bajki do czytania online, kwiaty polne nazwy, pisanki woskiem wzory, bursztynek<\/p>\n<p>yyyyy<\/p>\n<p>&nbsp;<\/p>\n","protected":false},"excerpt":{"rendered":"<p>Brit Pate &amp; Meat TurkeyPE\u0141NOWARTO\u015aCIOWA\u00a0KARMA DLA PS\u00d3WBrit Pate&amp;Meat Turkey zapewnia kompletne i zbilansowane \u017cywienie. Karm\u0119 nale\u017cy podawa\u0107 w temperaturze pokojowej. Dawkowanie karmy mo\u017ce r\u00f3\u017cni\u0107 si\u0119 w zale\u017cno\u015bci od aktywno\u015bci psa i \u015brodowiska, w kt\u00f3rym \u017cyje. Podaj\u0105c puszk\u0119 celem urozmaicenia i wzbogacenia smaku posi\u0142k\u00f3w, nale\u017cy odpowiednio pomniejszy\u0107 dzienn\u0105 porcj\u0119 karmy podstawowej. Nale\u017cy zapewni\u0107 psu dost\u0119p do [&hellip;]<\/p>\n","protected":false},"featured_media":3346,"comment_status":"closed","ping_status":"open","template":"","meta":[],"product_cat":[954,951],"product_tag":[664,660,593,780,791],"class_list":["post-3345","product","type-product","status-publish","has-post-thumbnail","hentry","product_cat-brit","product_cat-karmy-dla-psow","product_tag-atrakcje-dla-dzieci-trojmiasto","product_tag-bianka","product_tag-jak-narysowac-konia","product_tag-krecik-bajka","product_tag-zagadki-na-myslenie"],"_links":{"self":[{"href":"http:\/\/klubmamgdynia.pl\/index.php\/wp-json\/wp\/v2\/product\/3345","targetHints":{"allow":["GET"]}}],"collection":[{"href":"http:\/\/klubmamgdynia.pl\/index.php\/wp-json\/wp\/v2\/product"}],"about":[{"href":"http:\/\/klubmamgdynia.pl\/index.php\/wp-json\/wp\/v2\/types\/product"}],"replies":[{"embeddable":true,"href":"http:\/\/klubmamgdynia.pl\/index.php\/wp-json\/wp\/v2\/comments?post=3345"}],"wp:featuredmedia":[{"embeddable":true,"href":"http:\/\/klubmamgdynia.pl\/index.php\/wp-json\/wp\/v2\/media\/3346"}],"wp:attachment":[{"href":"http:\/\/klubmamgdynia.pl\/index.php\/wp-json\/wp\/v2\/media?parent=3345"}],"wp:term":[{"taxonomy":"product_cat","embeddable":true,"href":"http:\/\/klubmamgdynia.pl\/index.php\/wp-json\/wp\/v2\/product_cat?post=3345"},{"taxonomy":"product_tag","embeddable":true,"href":"http:\/\/klubmamgdynia.pl\/index.php\/wp-json\/wp\/v2\/product_tag?post=3345"}],"curies":[{"name":"wp","href":"https:\/\/api.w.org\/{rel}","templated":true}]}}