{"id":335,"date":"2021-11-09T19:36:31","date_gmt":"2021-11-09T18:36:31","guid":{"rendered":"http:\/\/klubmamgdynia.pl\/index.php\/produkt\/b-toys-wyscigowka-ve1006\/"},"modified":"2026-04-30T07:45:42","modified_gmt":"2026-04-30T05:45:42","slug":"b-toys-wyscigowka-ve1006","status":"publish","type":"product","link":"http:\/\/klubmamgdynia.pl\/index.php\/produkt\/b-toys-wyscigowka-ve1006\/","title":{"rendered":"B.Toys Wy\u015bcig\u00f3wka (Ve1006)"},"content":{"rendered":"<p>B Toys Wonder Wheels Roadster Wy\u015bcig\u00f3wka nbsp; Wy\u015bcig\u00f3wka z serii Wonder Wheels firmy B Toys nbsp;idealnie nadaje si\u0119 do zabawy w domu oraz na zewn\u0105trz w ogr\u00f3dku na pla\u017cy lub w piasku Samoch\u00f3d zapakowany jest w \u0142adne opakowanie kt\u00f3re idealnie nadaje si\u0119 na prezent Wonder Wheels to nowa marka kanadyjskiego producenta zabawek B toys Wonder Wheels sk\u0142ada si\u0119 z du\u017cych atrakcyjnych pojazd\u00f3w z bardzo solidnego plastiku Laweta ci\u0119\u017car\u00f3wka koparka betoniarka wywrotka kt\u00f3re nadaj\u0105 si\u0119 do odgrywania scen budowy a tak\u017ce traktor prom czy samolot Seria Wonder Wheels posiada wszystko co mali jak r\u00f3wnie\u017c duzi : ch\u0142opcy lubi\u0105 najbardziej Producent: nbsp;B Toys Seria: nbsp;Wonder Wheels Kolor: nbsp;Niebieski Wiek: nbsp; 12 m Wymiary opakowania: nbsp;24 5cm x 16 5cm x 14 0cm Zabawka nbsp;nie zawiera nbsp; FTALAN\u00d3W nbsp;ani nbsp; BPA nbsp; Bisfenolu A<\/p>\n<h2>B.Toys Wy\u015bcig\u00f3wka (Ve1006) B.Toys<\/h2>\n<p>maska kota do druku, nadia imi\u0119, walentynka kolorowanka, co oznacza nazwa jordan, gabriela imie, bajka o kreciku, piosenki dla dzieci tekst<\/p>\n<p>yyyyy<\/p>\n<p>&nbsp;<\/p>\n","protected":false},"excerpt":{"rendered":"<p>B Toys Wonder Wheels Roadster Wy\u015bcig\u00f3wka nbsp; Wy\u015bcig\u00f3wka z serii Wonder Wheels firmy B Toys nbsp;idealnie nadaje si\u0119 do zabawy w domu oraz na zewn\u0105trz w ogr\u00f3dku na pla\u017cy lub w piasku Samoch\u00f3d zapakowany jest w \u0142adne opakowanie kt\u00f3re idealnie nadaje si\u0119 na prezent Wonder Wheels to nowa marka kanadyjskiego producenta zabawek B toys Wonder [&hellip;]<\/p>\n","protected":false},"featured_media":336,"comment_status":"closed","ping_status":"open","template":"","meta":[],"product_cat":[83,143],"product_tag":[837,716,583],"class_list":["post-335","product","type-product","status-publish","has-post-thumbnail","hentry","product_cat-auta-i-inne-pojazdy-do-zabawy","product_cat-b-toys","product_tag-cicha-noc-po-angielsku","product_tag-filmy-animowane-o-swietach","product_tag-kolysanki-dla-dzieci-tekst"],"_links":{"self":[{"href":"http:\/\/klubmamgdynia.pl\/index.php\/wp-json\/wp\/v2\/product\/335","targetHints":{"allow":["GET"]}}],"collection":[{"href":"http:\/\/klubmamgdynia.pl\/index.php\/wp-json\/wp\/v2\/product"}],"about":[{"href":"http:\/\/klubmamgdynia.pl\/index.php\/wp-json\/wp\/v2\/types\/product"}],"replies":[{"embeddable":true,"href":"http:\/\/klubmamgdynia.pl\/index.php\/wp-json\/wp\/v2\/comments?post=335"}],"wp:featuredmedia":[{"embeddable":true,"href":"http:\/\/klubmamgdynia.pl\/index.php\/wp-json\/wp\/v2\/media\/336"}],"wp:attachment":[{"href":"http:\/\/klubmamgdynia.pl\/index.php\/wp-json\/wp\/v2\/media?parent=335"}],"wp:term":[{"taxonomy":"product_cat","embeddable":true,"href":"http:\/\/klubmamgdynia.pl\/index.php\/wp-json\/wp\/v2\/product_cat?post=335"},{"taxonomy":"product_tag","embeddable":true,"href":"http:\/\/klubmamgdynia.pl\/index.php\/wp-json\/wp\/v2\/product_tag?post=335"}],"curies":[{"name":"wp","href":"https:\/\/api.w.org\/{rel}","templated":true}]}}