{"id":3353,"date":"2017-01-04T02:09:51","date_gmt":"2017-01-04T01:09:51","guid":{"rendered":"http:\/\/klubmamgdynia.pl\/index.php\/produkt\/lego-ninjago-71760-smok-gromu-jaya-evo\/"},"modified":"2026-04-23T12:41:19","modified_gmt":"2026-04-23T10:41:19","slug":"lego-ninjago-71760-smok-gromu-jaya-evo","status":"publish","type":"product","link":"http:\/\/klubmamgdynia.pl\/index.php\/produkt\/lego-ninjago-71760-smok-gromu-jaya-evo\/","title":{"rendered":"LEGO NINJAGO 71760 Smok gromu Jaya EVO"},"content":{"rendered":"<h2>LEGO NINJAGO 71760 Smok gromu Jaya EVO LEGO<\/h2>\n<p>jak rozmawia\u0107 z dzie\u0107mi o wojnie, co mo\u017cna zrobi\u0107 z rolki papieru, domki nad morzem z atrakcjami dla dzieci, prezent dla dwunastolatka<\/p>\n<p>yyyyy<\/p>\n<p>&nbsp;<\/p>\n","protected":false},"excerpt":{"rendered":"<p>LEGO NINJAGO 71760 Smok gromu Jaya EVO LEGO jak rozmawia\u0107 z dzie\u0107mi o wojnie, co mo\u017cna zrobi\u0107 z rolki papieru, domki nad morzem z atrakcjami dla dzieci, prezent dla dwunastolatka yyyyy &nbsp;<\/p>\n","protected":false},"featured_media":3354,"comment_status":"closed","ping_status":"open","template":"","meta":[],"product_cat":[113,540],"product_tag":[825,702,795,866,732],"class_list":["post-3353","product","type-product","status-publish","has-post-thumbnail","hentry","product_cat-klocki","product_cat-lego","product_tag-bajka-na-dobranoc-do-czytania","product_tag-co-kupic-na-roczek-dla-dziewczynki","product_tag-mini-zoo-warszawa","product_tag-opis-do-zdjecia-dziecka-na-fb","product_tag-prezent-dla-rocznego-chlopca"],"_links":{"self":[{"href":"http:\/\/klubmamgdynia.pl\/index.php\/wp-json\/wp\/v2\/product\/3353","targetHints":{"allow":["GET"]}}],"collection":[{"href":"http:\/\/klubmamgdynia.pl\/index.php\/wp-json\/wp\/v2\/product"}],"about":[{"href":"http:\/\/klubmamgdynia.pl\/index.php\/wp-json\/wp\/v2\/types\/product"}],"replies":[{"embeddable":true,"href":"http:\/\/klubmamgdynia.pl\/index.php\/wp-json\/wp\/v2\/comments?post=3353"}],"wp:featuredmedia":[{"embeddable":true,"href":"http:\/\/klubmamgdynia.pl\/index.php\/wp-json\/wp\/v2\/media\/3354"}],"wp:attachment":[{"href":"http:\/\/klubmamgdynia.pl\/index.php\/wp-json\/wp\/v2\/media?parent=3353"}],"wp:term":[{"taxonomy":"product_cat","embeddable":true,"href":"http:\/\/klubmamgdynia.pl\/index.php\/wp-json\/wp\/v2\/product_cat?post=3353"},{"taxonomy":"product_tag","embeddable":true,"href":"http:\/\/klubmamgdynia.pl\/index.php\/wp-json\/wp\/v2\/product_tag?post=3353"}],"curies":[{"name":"wp","href":"https:\/\/api.w.org\/{rel}","templated":true}]}}