{"id":3355,"date":"2025-07-12T12:11:30","date_gmt":"2025-07-12T10:11:30","guid":{"rendered":"http:\/\/klubmamgdynia.pl\/?post_type=product&#038;p=3355"},"modified":"2026-04-06T17:19:19","modified_gmt":"2026-04-06T15:19:19","slug":"cobi-740073-super-wings-figurka-transformujaca-bucky","status":"publish","type":"product","link":"http:\/\/klubmamgdynia.pl\/index.php\/produkt\/cobi-740073-super-wings-figurka-transformujaca-bucky\/","title":{"rendered":"Cobi 740073 Super Wings Figurka Transformuj\u0105ca Bucky"},"content":{"rendered":"<p>Figurki transformuj\u0105ce z samolot\u00f3w w Mini Roboty w 3 krokach w opakowaniu z blistrem. Wybierz swojego bohatera i uk\u0142adaj r\u00f3\u017cne scenariusze zabawy. Figurka posiada obracaj\u0105ce k\u00f3\u0142ka. W asortymencie znajdziesz nowych bohater\u00f3w takich jak: Crystal i Bucky. Dost\u0119pne wzory:Jett &#8211; D\u017cetek \u2013 g\u0142\u00f3wny bohater, bia\u0142o-czerwony samolot-robot;Donnie &#8211; \u015arubek \u2013 \u017c\u00f3\u0142to-niebieski samolot, potrafi budowa\u0107 i reperowa\u0107 u\u017cywaj\u0105c swojej skrzynki z narz\u0119dziami;Dizzy &#8211; Frunia \u2013 r\u00f3\u017cowo-bia\u0142y helikopter ratunkowy, ratuje ludzi w razie wypadku;Kim &#8211; Miga \u2013 samoch\u00f3d policyjny, jest cz\u0119\u015bci\u0105 Patrolu Policji;Astro &#8211; samolot o bia\u0142ym kolorze, brat bli\u017aniak Astry;Crystal &#8211; fioletowy samolot-kot., pomaga ludziom po zamieciach i burzach lodowych;Bucky &#8211; Micro \u2013 pomara\u0144czowo-\u017c\u00f3\u0142ty samolot-kr\u00f3lik zdolny do kurczenia si\u0119, wykazuje si\u0119 du\u017c\u0105 wiedz\u0105 na temat owad\u00f3w.<\/p>\n<h2>Cobi 740073 Super Wings Figurka Transformuj\u0105ca Bucky Cobi<\/h2>\n<p>afryka\u0144skie imiona, wzruszaj\u0105c\u0105 piosenka dla taty, myszka minnie kolorowanka, asiunia &#8211; test z lektury pdf, pytania logiczne, maska kota do druku, zagadki logiczne \u015bmieszne, quiz o koniach, anio\u0142ki w niebie pisz\u0105, zagadki dla nastolatk\u00f3w, atrakcje dla dzieci wroc\u0142aw i okolice, rymowanki o pisankach, alan znaczenie imienia, super zings kolorowanka, ma\u0142y ksi\u0105\u017ce cytaty o przyja\u017ani<\/p>\n<p>yyyyy<\/p>\n<p>&nbsp;<\/p>\n","protected":false},"excerpt":{"rendered":"<p>Figurki transformuj\u0105ce z samolot\u00f3w w Mini Roboty w 3 krokach w opakowaniu z blistrem. Wybierz swojego bohatera i uk\u0142adaj r\u00f3\u017cne scenariusze zabawy. Figurka posiada obracaj\u0105ce k\u00f3\u0142ka. W asortymencie znajdziesz nowych bohater\u00f3w takich jak: Crystal i Bucky. Dost\u0119pne wzory:Jett &#8211; D\u017cetek \u2013 g\u0142\u00f3wny bohater, bia\u0142o-czerwony samolot-robot;Donnie &#8211; \u015arubek \u2013 \u017c\u00f3\u0142to-niebieski samolot, potrafi budowa\u0107 i reperowa\u0107 u\u017cywaj\u0105c [&hellip;]<\/p>\n","protected":false},"featured_media":3356,"comment_status":"closed","ping_status":"open","template":"","meta":[],"product_cat":[83,484],"product_tag":[801,660,744,746],"class_list":["post-3355","product","type-product","status-publish","has-post-thumbnail","hentry","product_cat-auta-i-inne-pojazdy-do-zabawy","product_cat-cobi","product_tag-bajki-terapeutyczne-o-emocjach","product_tag-bianka","product_tag-kolorowanki-swiateczne-do-wydruku","product_tag-zagadki-typu-co-to-jest"],"_links":{"self":[{"href":"http:\/\/klubmamgdynia.pl\/index.php\/wp-json\/wp\/v2\/product\/3355","targetHints":{"allow":["GET"]}}],"collection":[{"href":"http:\/\/klubmamgdynia.pl\/index.php\/wp-json\/wp\/v2\/product"}],"about":[{"href":"http:\/\/klubmamgdynia.pl\/index.php\/wp-json\/wp\/v2\/types\/product"}],"replies":[{"embeddable":true,"href":"http:\/\/klubmamgdynia.pl\/index.php\/wp-json\/wp\/v2\/comments?post=3355"}],"wp:featuredmedia":[{"embeddable":true,"href":"http:\/\/klubmamgdynia.pl\/index.php\/wp-json\/wp\/v2\/media\/3356"}],"wp:attachment":[{"href":"http:\/\/klubmamgdynia.pl\/index.php\/wp-json\/wp\/v2\/media?parent=3355"}],"wp:term":[{"taxonomy":"product_cat","embeddable":true,"href":"http:\/\/klubmamgdynia.pl\/index.php\/wp-json\/wp\/v2\/product_cat?post=3355"},{"taxonomy":"product_tag","embeddable":true,"href":"http:\/\/klubmamgdynia.pl\/index.php\/wp-json\/wp\/v2\/product_tag?post=3355"}],"curies":[{"name":"wp","href":"https:\/\/api.w.org\/{rel}","templated":true}]}}