{"id":3357,"date":"2021-11-16T18:30:29","date_gmt":"2021-11-16T17:30:29","guid":{"rendered":"http:\/\/klubmamgdynia.pl\/index.php\/produkt\/vidaxl-samoprzylepne-nakladki-na-schody-15-szt-65x25-cm-taupe-326871\/"},"modified":"2026-04-17T05:14:58","modified_gmt":"2026-04-17T03:14:58","slug":"vidaxl-samoprzylepne-nakladki-na-schody-15-szt-65x25-cm-taupe-326871","status":"publish","type":"product","link":"http:\/\/klubmamgdynia.pl\/index.php\/produkt\/vidaxl-samoprzylepne-nakladki-na-schody-15-szt-65x25-cm-taupe-326871\/","title":{"rendered":"Vidaxl Samoprzylepne Nak\u0142adki Na Schody 15 Szt. 65X25 Cm Taupe (326871)"},"content":{"rendered":"<p>Nak\u0142adki na schody nie tylko b\u0119d\u0105 efektownym dodatkiem dekoracyjnym do wystroju Twojego wn\u0119trza, ale tak\u017ce ochroni\u0105 Ci\u0119 przed po\u015blizgni\u0119ciem podczas wchodzenia i schodzenia po schodach, jak r\u00f3wnie\u017c zabezpiecz\u0105 stopnie przez zarysowaniami.Nak\u0142adki zosta\u0142y wykonane z mocnego materia\u0142u stylizowanego na sizal, dzi\u0119ki czemu s\u0105 wyg\u0142uszaj\u0105ce, antypo\u015blizgowe, ciep\u0142e i wygodne. Mo\u017cna je pra\u0107 w pralce i wy\u0142o\u017cy\u0107 tak, aby chroni\u0142y zar\u00f3wno stopnice, jak i podstopnice. Samoprzylepne ta\u015bmy na odwrocie umo\u017cliwiaj\u0105 \u0142atwe i szybkie przymocowanie nak\u0142adek do stopni schod\u00f3w.Kolor: taupe (szarobr\u0105zowy)Materia\u0142: tkanina (89% polipropylen, 5% poliester, 6% bawe\u0142na)Wymiary: 65 x 25 cm (d\u0142. x szer.)Wysoko\u015b\u0107 ca\u0142kowita: 5,3 mmGramatura w\u0142osia: 640 g\/m\u00b2Z ta\u015bmami samoprzylepnymiO wygl\u0105dzie sizaluZawarto\u015b\u0107 paczki:15 x nak\u0142adka na schody<\/p>\n<h2>Vidaxl Samoprzylepne Nak\u0142adki Na Schody 15 Szt. 65X25 Cm Taupe (326871) VidaXL<\/h2>\n<p>wiosenna kolorowanka, rzadkie imiona dla dziewczynek, wroc\u0142aw atrakcje dla dzieci, kr\u00f3tkie bajki na dobranoc do czytania, atrakcje dla dzieci tr\u00f3jmiasto, lol kolorowanki do druku, zaproszenia na urodziny do wydruku czarno bia\u0142e, quiz o bo\u017cym narodzeniu, atrakcje dla nastolatk\u00f3w, uk\u0142ad s\u0142oneczny dla dzieci do druku, prezent na roczek od babci, dobranoc zimowe, milena imie, marcelina imi\u0119, kolorowanki dla dziewczynek lol, proste zagadki, wakacje kolorowanka, r\u00f3\u017cne zagadki<\/p>\n<p>yyyyy<\/p>\n<p>&nbsp;<\/p>\n","protected":false},"excerpt":{"rendered":"<p>Nak\u0142adki na schody nie tylko b\u0119d\u0105 efektownym dodatkiem dekoracyjnym do wystroju Twojego wn\u0119trza, ale tak\u017ce ochroni\u0105 Ci\u0119 przed po\u015blizgni\u0119ciem podczas wchodzenia i schodzenia po schodach, jak r\u00f3wnie\u017c zabezpiecz\u0105 stopnie przez zarysowaniami.Nak\u0142adki zosta\u0142y wykonane z mocnego materia\u0142u stylizowanego na sizal, dzi\u0119ki czemu s\u0105 wyg\u0142uszaj\u0105ce, antypo\u015blizgowe, ciep\u0142e i wygodne. Mo\u017cna je pra\u0107 w pralce i wy\u0142o\u017cy\u0107 tak, [&hellip;]<\/p>\n","protected":false},"featured_media":3358,"comment_status":"closed","ping_status":"open","template":"","meta":[],"product_cat":[23,313],"product_tag":[853,752,818,835],"class_list":["post-3357","product","type-product","status-publish","has-post-thumbnail","hentry","product_cat-vidaxl","product_cat-zwalczanie-i-odstraszanie-szkodnikow","product_tag-kolorowanki-do-druku-dla-doroslych","product_tag-kuba-imie","product_tag-oliwier","product_tag-radosc-dziecka-cytaty"],"_links":{"self":[{"href":"http:\/\/klubmamgdynia.pl\/index.php\/wp-json\/wp\/v2\/product\/3357","targetHints":{"allow":["GET"]}}],"collection":[{"href":"http:\/\/klubmamgdynia.pl\/index.php\/wp-json\/wp\/v2\/product"}],"about":[{"href":"http:\/\/klubmamgdynia.pl\/index.php\/wp-json\/wp\/v2\/types\/product"}],"replies":[{"embeddable":true,"href":"http:\/\/klubmamgdynia.pl\/index.php\/wp-json\/wp\/v2\/comments?post=3357"}],"wp:featuredmedia":[{"embeddable":true,"href":"http:\/\/klubmamgdynia.pl\/index.php\/wp-json\/wp\/v2\/media\/3358"}],"wp:attachment":[{"href":"http:\/\/klubmamgdynia.pl\/index.php\/wp-json\/wp\/v2\/media?parent=3357"}],"wp:term":[{"taxonomy":"product_cat","embeddable":true,"href":"http:\/\/klubmamgdynia.pl\/index.php\/wp-json\/wp\/v2\/product_cat?post=3357"},{"taxonomy":"product_tag","embeddable":true,"href":"http:\/\/klubmamgdynia.pl\/index.php\/wp-json\/wp\/v2\/product_tag?post=3357"}],"curies":[{"name":"wp","href":"https:\/\/api.w.org\/{rel}","templated":true}]}}