{"id":3359,"date":"2021-08-13T02:21:08","date_gmt":"2021-08-13T00:21:08","guid":{"rendered":"http:\/\/klubmamgdynia.pl\/index.php\/produkt\/flysky-odbiornik-fs-r6b-6ch-2-4ghz\/"},"modified":"2026-04-28T21:00:48","modified_gmt":"2026-04-28T19:00:48","slug":"flysky-odbiornik-fs-r6b-6ch-2-4ghz","status":"publish","type":"product","link":"http:\/\/klubmamgdynia.pl\/index.php\/produkt\/flysky-odbiornik-fs-r6b-6ch-2-4ghz\/","title":{"rendered":"Flysky Odbiornik Fs R6B 6Ch 2.4Ghz"},"content":{"rendered":"<p>6-kana\u0142owy odbiornik FlySky FS-R6B, dedykowany do nadajnik\u00f3w FS-T4A, FS-T4B, FS-T6, FS-T6A.Liczba kana\u0142\u00f3w: 6Zastosowanie: helikoptery, samoloty, quadcoptery, \u0142odzieModulacja: GFSKCzu\u0142o\u015b\u0107: 1024 bit\u00f3wPort bindowania: takGniazdo zasilania: VCCZasilanie: 4-8,4V DCWymiary: 45x23x13mmWaga: 13g<\/p>\n<h2>Flysky Odbiornik Fs R6B 6Ch 2.4Ghz FlySky<\/h2>\n<p>basen warszawa, bajka o emocjach, karty pracy dla dzieci z ukrainy pdf, list do gwiazdora, quiz spos\u00f3b na alcybiadesa, \u017carty na prima aprilis w domu, prezent na pierwsze urodziny, zabawy dla 7 latki, co kupi\u0107 na roczek dla ch\u0142opca<\/p>\n<p>yyyyy<\/p>\n<p>&nbsp;<\/p>\n","protected":false},"excerpt":{"rendered":"<p>6-kana\u0142owy odbiornik FlySky FS-R6B, dedykowany do nadajnik\u00f3w FS-T4A, FS-T4B, FS-T6, FS-T6A.Liczba kana\u0142\u00f3w: 6Zastosowanie: helikoptery, samoloty, quadcoptery, \u0142odzieModulacja: GFSKCzu\u0142o\u015b\u0107: 1024 bit\u00f3wPort bindowania: takGniazdo zasilania: VCCZasilanie: 4-8,4V DCWymiary: 45x23x13mmWaga: 13g Flysky Odbiornik Fs R6B 6Ch 2.4Ghz FlySky basen warszawa, bajka o emocjach, karty pracy dla dzieci z ukrainy pdf, list do gwiazdora, quiz spos\u00f3b na alcybiadesa, \u017carty [&hellip;]<\/p>\n","protected":false},"featured_media":3360,"comment_status":"closed","ping_status":"open","template":"","meta":[],"product_cat":[1053,1055],"product_tag":[668,662,768],"class_list":["post-3359","product","type-product","status-publish","has-post-thumbnail","hentry","product_cat-akcesoria-i-czesci-modelarskie","product_cat-flysky","product_tag-atrakcje-dla-dzieci-wroclaw","product_tag-bajki-na-dobranoc","product_tag-krotkie-zagadki-logiczne"],"_links":{"self":[{"href":"http:\/\/klubmamgdynia.pl\/index.php\/wp-json\/wp\/v2\/product\/3359","targetHints":{"allow":["GET"]}}],"collection":[{"href":"http:\/\/klubmamgdynia.pl\/index.php\/wp-json\/wp\/v2\/product"}],"about":[{"href":"http:\/\/klubmamgdynia.pl\/index.php\/wp-json\/wp\/v2\/types\/product"}],"replies":[{"embeddable":true,"href":"http:\/\/klubmamgdynia.pl\/index.php\/wp-json\/wp\/v2\/comments?post=3359"}],"wp:featuredmedia":[{"embeddable":true,"href":"http:\/\/klubmamgdynia.pl\/index.php\/wp-json\/wp\/v2\/media\/3360"}],"wp:attachment":[{"href":"http:\/\/klubmamgdynia.pl\/index.php\/wp-json\/wp\/v2\/media?parent=3359"}],"wp:term":[{"taxonomy":"product_cat","embeddable":true,"href":"http:\/\/klubmamgdynia.pl\/index.php\/wp-json\/wp\/v2\/product_cat?post=3359"},{"taxonomy":"product_tag","embeddable":true,"href":"http:\/\/klubmamgdynia.pl\/index.php\/wp-json\/wp\/v2\/product_tag?post=3359"}],"curies":[{"name":"wp","href":"https:\/\/api.w.org\/{rel}","templated":true}]}}