{"id":3363,"date":"2023-11-04T11:45:19","date_gmt":"2023-11-04T10:45:19","guid":{"rendered":"http:\/\/klubmamgdynia.pl\/?post_type=product&#038;p=3363"},"modified":"2026-05-17T22:46:55","modified_gmt":"2026-05-17T20:46:55","slug":"dianasklep-slomki-do-budowania-klocki-konstrukcyjne-box-988el","status":"publish","type":"product","link":"http:\/\/klubmamgdynia.pl\/index.php\/produkt\/dianasklep-slomki-do-budowania-klocki-konstrukcyjne-box-988el\/","title":{"rendered":"Dianasklep S\u0142omki do budowania klocki konstrukcyjne BOX 988el"},"content":{"rendered":"<p>KLOCKI KONSTRUKCYJNE ZESTAW 988 EL. Du\u017cy zestaw r\u00f3\u017cnokolorowych s\u0142omek konstrukcyjny wykonanych z plastiku\u015awietnie pobudzaj\u0105 wyobra\u017ani\u0119 i kreatywno\u015b\u0107 dziecka. Klocki b\u0119d\u0105 nie lada gratk\u0105 dla ma\u0142ego konstruktora.Mo\u017cna z nich tworzy\u0107 najr\u00f3\u017cniejsze wzory, kszta\u0142ty i formy, jedynym ograniczeniem jest wyobra\u017ania ma\u0142ego konstruktora i ilo\u015b\u0107 klock\u00f3w.Zabawa klockami to wspania\u0142a przygoda.Mo\u017cliwo\u015b\u0107 stworzenia unikatowej budowli dostarczy dziecku mn\u00f3stwo satysfakcji.\u0141atwe w u\u017cyciu. Zestaw z pewno\u015bci\u0105 dostarczy mn\u00f3stwo rado\u015bci i zabawy.Pozw\u00f3l dziecku wczu\u0107 si\u0119 w rol\u0119 prawdziwego konstruktora. Doskona\u0142a zabawa dla ca\u0142ej rodziny! Dzi\u0119ki zabawie klockami dziecko:1.\u0106wiczy zdolno\u015bci manualne &#8211; a wi\u0119c przygotowuje do nauki pisania2.\u0106wiczy koncentracj\u01193.\u0106wiczy koordynacj\u0119 wzrokow\u01054.Rozwija wyobra\u017ani\u01195.Rozwija kreatywno\u015b\u01076.Wsp\u00f3lne budowanie z klock\u00f3w z rodzicami czy innymi dzie\u0107mi uczy dzielenia si\u0119 i wsp\u00f3\u0142dzia\u0142ania Zawarto\u015b\u0107 zestawu:7 k\u00f3\u0142 (4 ma\u0142e, 3 du\u017ce) S\u0142omki\u0141\u0105czniki*S\u0142omek i \u0142\u0105cznik\u00f3w jest mniej wi\u0119cej po r\u00f3wnoWymiary :d\u0142ugosc s\u0142omki: 6cm \u015brednica ma\u0142ego ko\u0142a: 3,2cm\u015brednica du\u017cego ko\u0142a: 4,5cm\u015brednica s\u0142omki: 3mm Zapakowane w estetyczne, oryginale pude\u0142ko<\/p>\n<h2>Dianasklep S\u0142omki do budowania klocki konstrukcyjne BOX 988el Kontext<\/h2>\n<p>szlaczki, quizy o skokach narciarskich, quiz o akademii pana kleksa, 45 pa\u0144stw europy i ich stolice quiz, ozdoby \u015bwi\u0105teczne z rolek po papierze toaletowym, cytaty korczaka, quiz o hobbicie<\/p>\n<p>yyyyy<\/p>\n<p>&nbsp;<\/p>\n","protected":false},"excerpt":{"rendered":"<p>KLOCKI KONSTRUKCYJNE ZESTAW 988 EL. Du\u017cy zestaw r\u00f3\u017cnokolorowych s\u0142omek konstrukcyjny wykonanych z plastiku\u015awietnie pobudzaj\u0105 wyobra\u017ani\u0119 i kreatywno\u015b\u0107 dziecka. Klocki b\u0119d\u0105 nie lada gratk\u0105 dla ma\u0142ego konstruktora.Mo\u017cna z nich tworzy\u0107 najr\u00f3\u017cniejsze wzory, kszta\u0142ty i formy, jedynym ograniczeniem jest wyobra\u017ania ma\u0142ego konstruktora i ilo\u015b\u0107 klock\u00f3w.Zabawa klockami to wspania\u0142a przygoda.Mo\u017cliwo\u015b\u0107 stworzenia unikatowej budowli dostarczy dziecku mn\u00f3stwo satysfakcji.\u0141atwe w [&hellip;]<\/p>\n","protected":false},"featured_media":3364,"comment_status":"closed","ping_status":"open","template":"","meta":[],"product_cat":[113,20],"product_tag":[584,826,600],"class_list":["post-3363","product","type-product","status-publish","has-post-thumbnail","hentry","product_cat-klocki","product_cat-kontext","product_tag-liwia","product_tag-prezent-dla-15-latka","product_tag-zaproszenia-na-urodziny-do-druku"],"_links":{"self":[{"href":"http:\/\/klubmamgdynia.pl\/index.php\/wp-json\/wp\/v2\/product\/3363","targetHints":{"allow":["GET"]}}],"collection":[{"href":"http:\/\/klubmamgdynia.pl\/index.php\/wp-json\/wp\/v2\/product"}],"about":[{"href":"http:\/\/klubmamgdynia.pl\/index.php\/wp-json\/wp\/v2\/types\/product"}],"replies":[{"embeddable":true,"href":"http:\/\/klubmamgdynia.pl\/index.php\/wp-json\/wp\/v2\/comments?post=3363"}],"wp:featuredmedia":[{"embeddable":true,"href":"http:\/\/klubmamgdynia.pl\/index.php\/wp-json\/wp\/v2\/media\/3364"}],"wp:attachment":[{"href":"http:\/\/klubmamgdynia.pl\/index.php\/wp-json\/wp\/v2\/media?parent=3363"}],"wp:term":[{"taxonomy":"product_cat","embeddable":true,"href":"http:\/\/klubmamgdynia.pl\/index.php\/wp-json\/wp\/v2\/product_cat?post=3363"},{"taxonomy":"product_tag","embeddable":true,"href":"http:\/\/klubmamgdynia.pl\/index.php\/wp-json\/wp\/v2\/product_tag?post=3363"}],"curies":[{"name":"wp","href":"https:\/\/api.w.org\/{rel}","templated":true}]}}