{"id":3365,"date":"2022-09-18T12:17:04","date_gmt":"2022-09-18T10:17:04","guid":{"rendered":"http:\/\/klubmamgdynia.pl\/index.php\/produkt\/dedra-ded8712\/"},"modified":"2026-04-29T12:54:50","modified_gmt":"2026-04-29T10:54:50","slug":"dedra-ded8712","status":"publish","type":"product","link":"http:\/\/klubmamgdynia.pl\/index.php\/produkt\/dedra-ded8712\/","title":{"rendered":"Dedra DED8712"},"content":{"rendered":"<p>Pi\u0142a spalinowa DED8712                            <\/p>\n<p>Mocne i komfortowe w u\u017cyciu narz\u0119dzieFunkcjonalna, spalinowa pi\u0142a DEDRA DED8712 to urz\u0105dzenie, dzi\u0119ki kt\u00f3remu praca z drewnem opa\u0142owym, deskami czy ga\u0142\u0119ziami drzew, nie b\u0119dzie ju\u017c \u017cadnym problemem. Jest to wysokiej jako\u015bci sprz\u0119t ogrodniczy, dzi\u0119ki kt\u00f3remu realizacja prac w ogrodzie b\u0119dzie o wiele \u0142atwiejsza, szybsza i wygodniejsza. Urz\u0105dzenie wyposa\u017cone zosta\u0142o w automatyczne smarowanie \u0142a\u0144cucha oraz automatyczny hamulec, kt\u00f3rego zadaniem jest zapewnienie bezpiecze\u0144stwa u\u017cytkownikowi.                            <\/p>\n<p>Niekwestionowana szybko\u015b\u0107 pracyPi\u0142a spalinowa DEDRA DED8712 to nie tylko sprz\u0119t, kt\u00f3ry mo\u017cna wykorzysta\u0107 w ka\u017cdych warunkach, lecz urz\u0105dzenie wyr\u00f3\u017cniaj\u0105ce si\u0119 niesamowit\u0105 szybko\u015bci\u0105 i wydajno\u015bci\u0105 pracy. Urz\u0105dzenie to jest zasilane przez bardzo mocny silnik spalinowy o mocy 2,8 KM i pojemno\u015bci 54,6 cm3.                            <\/p>\n<p>Optymalna eksploatacjaDzi\u0119ki swym niezwykle ciekawym w\u0142a\u015bciwo\u015bciom pi\u0142a DEDRA DED8712 mo\u017ce by\u0107 wykorzystana zar\u00f3wno do typowych prac wycinkowych, jak i do niezwykle precyzyjnych zada\u0144 specjalnych. Urz\u0105dzenie to wyposa\u017cono bowiem w prowadnic\u0119 o d\u0142ugo\u015bci 45 cm i \u0142a\u0144cuch, kt\u00f3re mog\u0105 by\u0107 dostosowane do bie\u017c\u0105cych potrzeb u\u017cytkownika. Na tym jednak nie koniec, gdy\u017c dzi\u0119ki mechanicznemu hamulcowi, u\u017cytkownik ma zapewnione wi\u0119ksze bezpiecze\u0144stwo.Technologia automatycznego smarowania \u0142a\u0144cucha to wi\u0119cej wygody oraz mniej konieczno\u015bci dbania o urz\u0105dzenie. Wystarczy, \u017ce b\u0119dziesz kontrolowa\u0142 stan odpowiedniej substancji w zbiorniku. \u0141a\u0144cuch b\u0119dzie nasmarowany za ka\u017cdym razem, gdy korzystasz z pi\u0142y. Dzi\u0119ki temu \u017cywotno\u015b\u0107 urz\u0105dzenia znacz\u0105co si\u0119 wyd\u0142u\u017cy i nie b\u0119dzie uzale\u017cniona od Twojej pami\u0119ci.                            <\/p>\n<p>Ergonomia pracyFunkcjonalna pi\u0142a DEDRA DED8712 wyr\u00f3\u017cnia si\u0119 niewielk\u0105 mas\u0105, dzi\u0119ki kt\u00f3rej jej obs\u0142uga jest niezwykle prosta. Wa\u017cy ona zaledwie 1 kg, co jest istotn\u0105 zalet\u0105 w przypadku tak zaawansowanego sprz\u0119tu. Co wi\u0119cej, wysokiej jako\u015bci \u0142a\u0144cuch i ostrza sprawiaj\u0105, \u017ce urz\u0105dzenie zyskuje na funkcjonalno\u015bci. Wp\u0142ywa to pozytywnie na okres u\u017cytkowania. Pojemno\u015b\u0107 zbiornika na olej wynosi 250 ml, a na paliwo 0,58 l.W zestawie u\u017cytkownik otrzymuje instrukcj\u0119 obs\u0142ugi w j\u0119zyku polskim i kart\u0119 gwarancyjn\u0105, a tak\u017ce prowadnic\u0119 i \u0142a\u0144cuch.<\/p>\n<h2>Dedra DED8712 Dedra<\/h2>\n<p>zabawa dla 7 latka, quizy online, gad\u017cety dla nastolatk\u00f3w 2021, jaki prezent na roczek, malowane kamienie, miko\u0142ajki 2021 warszawa, zabawy dla 5-6 latk\u00f3w, wr\u00f3zby andrzejkowe dla dzieci, quizy za darmo, roczek dziewczynki, bajki do czytania online, atrakcje dla dzieci warszawa<\/p>\n<p>yyyyy<\/p>\n<p>&nbsp;<\/p>\n","protected":false},"excerpt":{"rendered":"<p>Pi\u0142a spalinowa DED8712 Mocne i komfortowe w u\u017cyciu narz\u0119dzieFunkcjonalna, spalinowa pi\u0142a DEDRA DED8712 to urz\u0105dzenie, dzi\u0119ki kt\u00f3remu praca z drewnem opa\u0142owym, deskami czy ga\u0142\u0119ziami drzew, nie b\u0119dzie ju\u017c \u017cadnym problemem. Jest to wysokiej jako\u015bci sprz\u0119t ogrodniczy, dzi\u0119ki kt\u00f3remu realizacja prac w ogrodzie b\u0119dzie o wiele \u0142atwiejsza, szybsza i wygodniejsza. Urz\u0105dzenie wyposa\u017cone zosta\u0142o w automatyczne smarowanie [&hellip;]<\/p>\n","protected":false},"featured_media":3366,"comment_status":"closed","ping_status":"open","template":"","meta":[],"product_cat":[1060,1061],"product_tag":[618,774,846,869,701,577],"class_list":["post-3365","product","type-product","status-publish","has-post-thumbnail","hentry","product_cat-dedra","product_cat-pily-spalinowe","product_tag-lato-lato-lato-czeka-tekst","product_tag-prezent-na-roczek-nie-zabawka","product_tag-rysowanki","product_tag-zagadki-na-logike","product_tag-zgadywanki-dla-dzieci","product_tag-znaki-drogowe-test"],"_links":{"self":[{"href":"http:\/\/klubmamgdynia.pl\/index.php\/wp-json\/wp\/v2\/product\/3365","targetHints":{"allow":["GET"]}}],"collection":[{"href":"http:\/\/klubmamgdynia.pl\/index.php\/wp-json\/wp\/v2\/product"}],"about":[{"href":"http:\/\/klubmamgdynia.pl\/index.php\/wp-json\/wp\/v2\/types\/product"}],"replies":[{"embeddable":true,"href":"http:\/\/klubmamgdynia.pl\/index.php\/wp-json\/wp\/v2\/comments?post=3365"}],"wp:featuredmedia":[{"embeddable":true,"href":"http:\/\/klubmamgdynia.pl\/index.php\/wp-json\/wp\/v2\/media\/3366"}],"wp:attachment":[{"href":"http:\/\/klubmamgdynia.pl\/index.php\/wp-json\/wp\/v2\/media?parent=3365"}],"wp:term":[{"taxonomy":"product_cat","embeddable":true,"href":"http:\/\/klubmamgdynia.pl\/index.php\/wp-json\/wp\/v2\/product_cat?post=3365"},{"taxonomy":"product_tag","embeddable":true,"href":"http:\/\/klubmamgdynia.pl\/index.php\/wp-json\/wp\/v2\/product_tag?post=3365"}],"curies":[{"name":"wp","href":"https:\/\/api.w.org\/{rel}","templated":true}]}}