{"id":3367,"date":"2013-01-08T05:39:18","date_gmt":"2013-01-08T04:39:18","guid":{"rendered":"http:\/\/klubmamgdynia.pl\/index.php\/produkt\/spray-do-zwalczania-owadow-latajacych\/"},"modified":"2026-04-08T12:53:20","modified_gmt":"2026-04-08T10:53:20","slug":"spray-do-zwalczania-owadow-latajacych","status":"publish","type":"product","link":"http:\/\/klubmamgdynia.pl\/index.php\/produkt\/spray-do-zwalczania-owadow-latajacych\/","title":{"rendered":"Spray Do Zwalczania Owad\u00f3w Lataj\u0105cych"},"content":{"rendered":"<p>Owady potrafi\u0105 sta\u0107 si\u0119 prawdziwym utrapieniem, zw\u0142aszcza je\u017celi pojawia si\u0119 ich zbyt du\u017co. Cz\u0119stym problemem jest kwestia pozbycia si\u0119 ich z pomieszczenia. Usuni\u0119cie irytuj\u0105cych owad\u00f3w z domu dla wielu ludzi jest frustruj\u0105ce i uci\u0105\u017cliwe. Na szcz\u0119\u015bcie w naszym sklepie Vigonez mo\u017cesz znale\u017a\u0107 produkty, kt\u00f3re skutecznie rozwi\u0105\u017c\u0105 Twoje problemy z owadami i pozwol\u0105 Ci cieszy\u0107 si\u0119 spokojem. Takim produktem jest spray do zwalczania owad\u00f3w lataj\u0105cych.Skuteczny spos\u00f3b na owadySpray do zniech\u0119cania owad\u00f3w lataj\u0105cych z serii Vigonez Neptun jest niesamowicie skutecznym i niezawodnym \u015brodkiem. Do owad\u00f3w tego rodzaju zaliczaj\u0105 si\u0119 mi\u0119dzy innymi wszelkiego rodzaju muchy, komary, meszki i wiele innych, znanych r\u00f3wnie\u017c pod nazw\u0105 owad\u00f3w skrzydlatych Preparat jest skuteczny w dzia\u0142aniu nie tylko przeciw samym owadom, ale r\u00f3wnie\u017c doskonale radzi sobie z ich larwami. \u015arodek do zwalczania owad\u00f3w Vigonez, jakim jest spray zniech\u0119caj\u0105cy, dzia\u0142a natychmiast po u\u017cyciu przynosz\u0105c d\u0142ugotrwa\u0142e efekty rezydualne. Dzi\u0119ki szybkiemu dzia\u0142aniu sprayu natychmiast wyeliminujesz zar\u00f3wno doros\u0142e osobniki, jak i larwy, powoduj\u0105c ich ca\u0142kowite zniszczenie.W produkcji preparatu zastosowano bezbarwn\u0105 formu\u0142\u0119, kt\u00f3ra nie plami i nie pozostawia \u017cadnych widocznych osad\u00f3w, dzi\u0119ki czemu nie musisz si\u0119 martwi\u0107 o to, \u017ce po zastosowaniu sprayu pozostan\u0105 jakie\u015b \u015blady. \u015arodek do zwalczania owad\u00f3w lataj\u0105cych jest bezpieczny. Dzi\u0119ki temu nie b\u0119dzie akumulowa\u0142 si\u0119 w Twoim organizmie. Dodatkowo preparat ten nie stwarza niebezpiecze\u0144stwa i w \u017caden spos\u00f3b nie wp\u0142ywa swoim dzia\u0142aniem na ssaki i ptaki. Pojemno\u015b\u0107 zbiornika, w kt\u00f3rym znajduje si\u0119 spray Vigonez Neptun, to 200 ml. Dzia\u0142anie mo\u017ce si\u0119 utrzymywa\u0107 nawet do 6 miesi\u0119cy.Vigonez \u2013 \u015brodki do zwalczania owad\u00f3w\u015arodki do zwalczania owad\u00f3w produkowane i oferowane przez nasz sklep cechuj\u0105 si\u0119 du\u017c\u0105 skuteczno\u015bci\u0105 w walce z natr\u0119tnymi owadami. Dzi\u0119ki naszemu wieloletniemu do\u015bwiadczeniu produkty to gwarancja szybkiego i skuteczne pozbycie si\u0119 wyst\u0119puj\u0105cego problemu. Preparaty s\u0105 pozytywnie oceniane mi\u0119dzy innymi przez profesjonalist\u00f3w.\u015arodki do zwalczania owad\u00f3w \u2013 sklep, cena, opinieW sklepie dost\u0119pna jest bardzo bogata oferta \u015brodk\u00f3w do zwalczania owad\u00f3w, z kt\u00f3rej mo\u017cesz skorzysta\u0107. Oferowane produkty cechuj\u0105 si\u0119 najwy\u017csz\u0105 jako\u015bci\u0105 i natychmiastowymi efektami, jednocze\u015bnie b\u0119d\u0105c w bardzo przyst\u0119pnych cenach. Spray zniech\u0119caj\u0105cy owady lataj\u0105ce Vigonez Neptun posiada atrakcyjn\u0105 cen\u0119, co nie nadwyr\u0119\u017cy Twojego bud\u017cetu. Produkty Vigonez s\u0105 z powodzeniem wykorzystywane przez profesjonalist\u00f3w i firmy DDD, kt\u00f3re chwal\u0105 sobie skuteczno\u015b\u0107 ich dzia\u0142ania. Je\u017celi masz jakie\u015b w\u0105tpliwo\u015bci, skontaktuj si\u0119 z naszym sklepem. \u015arodki do zwalczania owad\u00f3w Vigonez pomog\u0105 Ci rozwi\u0105za\u0107 problem.<\/p>\n<h2>Spray Do Zwalczania Owad\u00f3w Lataj\u0105cych <\/h2>\n<p>super zings kolorowanki, miko\u0142ajek sprawdzian z lektury z odpowiedziami, bajki na dobranoc do czytania, zagadki logiczne dla dzieci 10 lat do druku, wiersze o wio\u015bnie jana brzechwy, liwia, najlepsze \u017carty na prima aprilis, malowanki do druku, zagadki wielkanocne dla dzieci, kolorowanki kotki, pytania logiczne<\/p>\n<p>yyyyy<\/p>\n<p>&nbsp;<\/p>\n","protected":false},"excerpt":{"rendered":"<p>Owady potrafi\u0105 sta\u0107 si\u0119 prawdziwym utrapieniem, zw\u0142aszcza je\u017celi pojawia si\u0119 ich zbyt du\u017co. Cz\u0119stym problemem jest kwestia pozbycia si\u0119 ich z pomieszczenia. Usuni\u0119cie irytuj\u0105cych owad\u00f3w z domu dla wielu ludzi jest frustruj\u0105ce i uci\u0105\u017cliwe. Na szcz\u0119\u015bcie w naszym sklepie Vigonez mo\u017cesz znale\u017a\u0107 produkty, kt\u00f3re skutecznie rozwi\u0105\u017c\u0105 Twoje problemy z owadami i pozwol\u0105 Ci cieszy\u0107 si\u0119 [&hellip;]<\/p>\n","protected":false},"featured_media":3368,"comment_status":"closed","ping_status":"open","template":"","meta":[],"product_cat":[313],"product_tag":[731,586,693],"class_list":["post-3367","product","type-product","status-publish","has-post-thumbnail","hentry","product_cat-zwalczanie-i-odstraszanie-szkodnikow","product_tag-maly-ksiaze-cytaty","product_tag-smieszne-zagadki","product_tag-zagadki-dla-doroslych"],"_links":{"self":[{"href":"http:\/\/klubmamgdynia.pl\/index.php\/wp-json\/wp\/v2\/product\/3367","targetHints":{"allow":["GET"]}}],"collection":[{"href":"http:\/\/klubmamgdynia.pl\/index.php\/wp-json\/wp\/v2\/product"}],"about":[{"href":"http:\/\/klubmamgdynia.pl\/index.php\/wp-json\/wp\/v2\/types\/product"}],"replies":[{"embeddable":true,"href":"http:\/\/klubmamgdynia.pl\/index.php\/wp-json\/wp\/v2\/comments?post=3367"}],"wp:featuredmedia":[{"embeddable":true,"href":"http:\/\/klubmamgdynia.pl\/index.php\/wp-json\/wp\/v2\/media\/3368"}],"wp:attachment":[{"href":"http:\/\/klubmamgdynia.pl\/index.php\/wp-json\/wp\/v2\/media?parent=3367"}],"wp:term":[{"taxonomy":"product_cat","embeddable":true,"href":"http:\/\/klubmamgdynia.pl\/index.php\/wp-json\/wp\/v2\/product_cat?post=3367"},{"taxonomy":"product_tag","embeddable":true,"href":"http:\/\/klubmamgdynia.pl\/index.php\/wp-json\/wp\/v2\/product_tag?post=3367"}],"curies":[{"name":"wp","href":"https:\/\/api.w.org\/{rel}","templated":true}]}}