{"id":337,"date":"2024-03-14T20:02:59","date_gmt":"2024-03-14T19:02:59","guid":{"rendered":"http:\/\/klubmamgdynia.pl\/index.php\/produkt\/ltc-grajaca-kaczka-lt107\/"},"modified":"2026-04-29T20:42:01","modified_gmt":"2026-04-29T18:42:01","slug":"ltc-grajaca-kaczka-lt107","status":"publish","type":"product","link":"http:\/\/klubmamgdynia.pl\/index.php\/produkt\/ltc-grajaca-kaczka-lt107\/","title":{"rendered":"Ltc Graj\u0105ca Kaczka Lt107"},"content":{"rendered":"<p>LT107 LandToys &#8211; GRAJ\u0104CA KACZUSZKA KACZKA DLA DZIECI JE\u0179DZI Muzyczna kaczuszka zaprojektowana zosta\u0142a z my\u015bl\u0105 o najm\u0142odszych. Zabawka uruchamiana jest przycisk znajduj\u0105cym si\u0119 na czubku g\u0142owy kaczuszki. Po naci\u015bni\u0119ciu przycisku zabawka zostaje wprawiona w ruch. Kaczuszka porusza si\u0119 po p\u0142askiej powierzchni rado\u015bnie kwacz\u0105c i przewracaj\u0105c oczkami. Kaczuszka sama je\u017adzi, w momencie gdy odbije si\u0119 od przeszk\u00f3d zawraca. Podczas jazdy skrzyde\u0142ka kaczuszki ruszaj\u0105 si\u0119. Zabawka posiada prze\u0142\u0105cznik on\/off oraz 2 stopniow\u0105 regulacj\u0119 nat\u0119\u017cenia g\u0142o\u015bno\u015bci (umieszczone na n\u00f3\u017cce kaczki, od spodu). Po przyci\u015bni\u0119ciu kolorowych przycisk\u00f3w na brzuszku dziecko us\u0142yszy: weso\u0142e odg\u0142osy, melodyjki, bicie serca, kwakanie piskl\u0119cia. kuchnia do zabawy | zestaw do piasku | kasa sklepowa | barbie zabawki | prezent dla dziewczynki 3 lata | maskotki | drewniane zabawki | zabawki smoby | lalki bobasy | zabawki do ogrodu | klocki drewniane | traktor z przyczep\u0105 | zabawki dla dzieci od 3 lat | baby born akcesoria | ma\u0142y lekarz<\/p>\n<h2>Ltc Graj\u0105ca Kaczka Lt107 LandToys<\/h2>\n<p>gda\u0144sk atrakcje dla m\u0142odzie\u017cy, quizy za darmo, bajka o smoku, bajka o \u017cabie, zabawka dla rocznej dziewczynki, szlaczki dla dzieci do druku<\/p>\n<p>yyyyy<\/p>\n<p>&nbsp;<\/p>\n","protected":false},"excerpt":{"rendered":"<p>LT107 LandToys &#8211; GRAJ\u0104CA KACZUSZKA KACZKA DLA DZIECI JE\u0179DZI Muzyczna kaczuszka zaprojektowana zosta\u0142a z my\u015bl\u0105 o najm\u0142odszych. Zabawka uruchamiana jest przycisk znajduj\u0105cym si\u0119 na czubku g\u0142owy kaczuszki. Po naci\u015bni\u0119ciu przycisku zabawka zostaje wprawiona w ruch. Kaczuszka porusza si\u0119 po p\u0142askiej powierzchni rado\u015bnie kwacz\u0105c i przewracaj\u0105c oczkami. Kaczuszka sama je\u017adzi, w momencie gdy odbije si\u0119 od [&hellip;]<\/p>\n","protected":false},"featured_media":338,"comment_status":"closed","ping_status":"open","template":"","meta":[],"product_cat":[144,61],"product_tag":[648,656,692,695,782],"class_list":["post-337","product","type-product","status-publish","has-post-thumbnail","hentry","product_cat-landtoys","product_cat-zabawki-edukacyjne-dla-niemowlat","product_tag-dobrej-nocy-i-sza","product_tag-kolorowanki-lol","product_tag-prezenty-na-roczek","product_tag-rzadkie-imiona-zenskie","product_tag-zagadki-dla-dzieci-z-odpowiedziami"],"_links":{"self":[{"href":"http:\/\/klubmamgdynia.pl\/index.php\/wp-json\/wp\/v2\/product\/337","targetHints":{"allow":["GET"]}}],"collection":[{"href":"http:\/\/klubmamgdynia.pl\/index.php\/wp-json\/wp\/v2\/product"}],"about":[{"href":"http:\/\/klubmamgdynia.pl\/index.php\/wp-json\/wp\/v2\/types\/product"}],"replies":[{"embeddable":true,"href":"http:\/\/klubmamgdynia.pl\/index.php\/wp-json\/wp\/v2\/comments?post=337"}],"wp:featuredmedia":[{"embeddable":true,"href":"http:\/\/klubmamgdynia.pl\/index.php\/wp-json\/wp\/v2\/media\/338"}],"wp:attachment":[{"href":"http:\/\/klubmamgdynia.pl\/index.php\/wp-json\/wp\/v2\/media?parent=337"}],"wp:term":[{"taxonomy":"product_cat","embeddable":true,"href":"http:\/\/klubmamgdynia.pl\/index.php\/wp-json\/wp\/v2\/product_cat?post=337"},{"taxonomy":"product_tag","embeddable":true,"href":"http:\/\/klubmamgdynia.pl\/index.php\/wp-json\/wp\/v2\/product_tag?post=337"}],"curies":[{"name":"wp","href":"https:\/\/api.w.org\/{rel}","templated":true}]}}