{"id":3371,"date":"2018-03-27T23:06:34","date_gmt":"2018-03-27T21:06:34","guid":{"rendered":"http:\/\/klubmamgdynia.pl\/index.php\/produkt\/liewood-butelka-na-wode-falk-250ml-cat-rose\/"},"modified":"2026-04-03T13:06:35","modified_gmt":"2026-04-03T11:06:35","slug":"liewood-butelka-na-wode-falk-250ml-cat-rose","status":"publish","type":"product","link":"http:\/\/klubmamgdynia.pl\/index.php\/produkt\/liewood-butelka-na-wode-falk-250ml-cat-rose\/","title":{"rendered":"Liewood Butelka Na Wod\u0119 Falk 250Ml Cat Rose"},"content":{"rendered":"<p>Sportowa butelka na wod\u0119 dla dziecka, kt\u00f3ra idealnie si\u0119 sprawdzi na placu zabaw, w szkole czy na pla\u017cy.Wykonana jest z najwy\u017cszej jako\u015bci stali nierdzewnej. Butelka utrzymuje temperatur\u0119 ciep\u0142ego p\u0142ynu do 12 godzin, a zimnego do 24 godzin.W zestawie znajduje si\u0119 sportowa zakr\u0119tka ze s\u0142omk\u0105.Wiek: 12m+Materia\u0142: stal nierdzewna. Produkt hipoalergiczny.Wymiar: \u015brednica 6.4cm, wysoko\u015b\u0107 15.5cm, pojemno\u015b\u0107 250mlZaleca si\u0119 r\u0119czne mycie ze wzgl\u0119du na funkcj\u0119 termiczn\u0105.<\/p>\n<h2>Liewood Butelka Na Wod\u0119 Falk 250Ml Cat Rose <\/h2>\n<p>prezenty dla nastolatek, zagadki o przyborach szkolnych, anio\u0142ki do druku, szlaczki literopodobne do wydruku, paloma<\/p>\n<p>yyyyy<\/p>\n<p>&nbsp;<\/p>\n","protected":false},"excerpt":{"rendered":"<p>Sportowa butelka na wod\u0119 dla dziecka, kt\u00f3ra idealnie si\u0119 sprawdzi na placu zabaw, w szkole czy na pla\u017cy.Wykonana jest z najwy\u017cszej jako\u015bci stali nierdzewnej. Butelka utrzymuje temperatur\u0119 ciep\u0142ego p\u0142ynu do 12 godzin, a zimnego do 24 godzin.W zestawie znajduje si\u0119 sportowa zakr\u0119tka ze s\u0142omk\u0105.Wiek: 12m+Materia\u0142: stal nierdzewna. Produkt hipoalergiczny.Wymiar: \u015brednica 6.4cm, wysoko\u015b\u0107 15.5cm, pojemno\u015b\u0107 250mlZaleca [&hellip;]<\/p>\n","protected":false},"featured_media":3372,"comment_status":"closed","ping_status":"open","template":"","meta":[],"product_cat":[215],"product_tag":[761,594,596,804,771,767],"class_list":["post-3371","product","type-product","status-publish","has-post-thumbnail","hentry","product_cat-naczynia-i-sztucce-dla-dzieci","product_tag-choinko-piekna-jak-las-tekst","product_tag-podchwytliwe-zagadki-dla-dzieci","product_tag-pomysly-na-prima-aprilis","product_tag-ryz-z-owocami","product_tag-stolice-europy-quiz","product_tag-zaproszenia-urodzinowe-do-druku"],"_links":{"self":[{"href":"http:\/\/klubmamgdynia.pl\/index.php\/wp-json\/wp\/v2\/product\/3371","targetHints":{"allow":["GET"]}}],"collection":[{"href":"http:\/\/klubmamgdynia.pl\/index.php\/wp-json\/wp\/v2\/product"}],"about":[{"href":"http:\/\/klubmamgdynia.pl\/index.php\/wp-json\/wp\/v2\/types\/product"}],"replies":[{"embeddable":true,"href":"http:\/\/klubmamgdynia.pl\/index.php\/wp-json\/wp\/v2\/comments?post=3371"}],"wp:featuredmedia":[{"embeddable":true,"href":"http:\/\/klubmamgdynia.pl\/index.php\/wp-json\/wp\/v2\/media\/3372"}],"wp:attachment":[{"href":"http:\/\/klubmamgdynia.pl\/index.php\/wp-json\/wp\/v2\/media?parent=3371"}],"wp:term":[{"taxonomy":"product_cat","embeddable":true,"href":"http:\/\/klubmamgdynia.pl\/index.php\/wp-json\/wp\/v2\/product_cat?post=3371"},{"taxonomy":"product_tag","embeddable":true,"href":"http:\/\/klubmamgdynia.pl\/index.php\/wp-json\/wp\/v2\/product_tag?post=3371"}],"curies":[{"name":"wp","href":"https:\/\/api.w.org\/{rel}","templated":true}]}}