{"id":3373,"date":"2025-06-30T23:11:52","date_gmt":"2025-06-30T21:11:52","guid":{"rendered":"http:\/\/klubmamgdynia.pl\/?post_type=product&#038;p=3373"},"modified":"2026-04-29T10:44:57","modified_gmt":"2026-04-29T08:44:57","slug":"nuuroo-lykke-koala-4-czesciowy-zestaw-zastawy-stolowej-mahon","status":"publish","type":"product","link":"http:\/\/klubmamgdynia.pl\/index.php\/produkt\/nuuroo-lykke-koala-4-czesciowy-zestaw-zastawy-stolowej-mahon\/","title":{"rendered":"Nuuroo Lykke Koala 4-Cz\u0119\u015bciowy Zestaw Zastawy Sto\u0142owej Maho\u0144"},"content":{"rendered":"<p>Szczeg\u00f3\u0142y produktu: Zabawny zestaw naczy\u0144 sto\u0142owych dla dzieci Lykke sk\u0142ada si\u0119 z talerzyka, miseczki, kubeczka i \u0142y\u017ceczki. Uroczy motyw koala Silikon jest mi\u0119kki i praktyczny, poniewa\u017c mo\u017cna go my\u0107 w zmywarce i nie st\u0142ucze si\u0119, je\u015bli spadnie na pod\u0142og\u0119. Materia\u0142 i wymiary: Wszystkie cztery elementy s\u0105 wykonane z silikonu z certyfikatem LFGB i nie zawieraj\u0105 \u017cadnych szkodliwych substancji chemicznych. Wymiary: 19 x 17 x 8 cm Masa: 401 g Instrukcje dotycz\u0105ce przechowywania i piel\u0119gnacji: Silikon jest bezpieczny dla \u017cywno\u015bci, mo\u017cna go my\u0107 w zmywarce i u\u017cywa\u0107 w kuchence mikrofalowej. W zestawie: Nuuroo Zestaw naczy\u0144 Lykke Koala z talerzem, misk\u0105, kubkiem i \u0142y\u017ck\u0105, Maho\u0144<\/p>\n<h2>Nuuroo Lykke Koala 4-Cz\u0119\u015bciowy Zestaw Zastawy Sto\u0142owej Maho\u0144 <\/h2>\n<p>julian, cytaty korczak, dziecko cytaty, zaproszenia urodzinowe do wydruku chomikuj, ksi\u0105\u017cka dla dzieci online, jak narysowa\u0107 psa, prima aprilis w szkole, imie gaja, walentynka dla syna<\/p>\n<p>yyyyy<\/p>\n<p>&nbsp;<\/p>\n","protected":false},"excerpt":{"rendered":"<p>Szczeg\u00f3\u0142y produktu: Zabawny zestaw naczy\u0144 sto\u0142owych dla dzieci Lykke sk\u0142ada si\u0119 z talerzyka, miseczki, kubeczka i \u0142y\u017ceczki. Uroczy motyw koala Silikon jest mi\u0119kki i praktyczny, poniewa\u017c mo\u017cna go my\u0107 w zmywarce i nie st\u0142ucze si\u0119, je\u015bli spadnie na pod\u0142og\u0119. Materia\u0142 i wymiary: Wszystkie cztery elementy s\u0105 wykonane z silikonu z certyfikatem LFGB i nie zawieraj\u0105 [&hellip;]<\/p>\n","protected":false},"featured_media":3374,"comment_status":"closed","ping_status":"open","template":"","meta":[],"product_cat":[215],"product_tag":[817,761,605,760],"class_list":["post-3373","product","type-product","status-publish","has-post-thumbnail","hentry","product_cat-naczynia-i-sztucce-dla-dzieci","product_tag-bajka-terapeutyczna-o-emocjach","product_tag-choinko-piekna-jak-las-tekst","product_tag-milena","product_tag-zagadka-matematyczna"],"_links":{"self":[{"href":"http:\/\/klubmamgdynia.pl\/index.php\/wp-json\/wp\/v2\/product\/3373","targetHints":{"allow":["GET"]}}],"collection":[{"href":"http:\/\/klubmamgdynia.pl\/index.php\/wp-json\/wp\/v2\/product"}],"about":[{"href":"http:\/\/klubmamgdynia.pl\/index.php\/wp-json\/wp\/v2\/types\/product"}],"replies":[{"embeddable":true,"href":"http:\/\/klubmamgdynia.pl\/index.php\/wp-json\/wp\/v2\/comments?post=3373"}],"wp:featuredmedia":[{"embeddable":true,"href":"http:\/\/klubmamgdynia.pl\/index.php\/wp-json\/wp\/v2\/media\/3374"}],"wp:attachment":[{"href":"http:\/\/klubmamgdynia.pl\/index.php\/wp-json\/wp\/v2\/media?parent=3373"}],"wp:term":[{"taxonomy":"product_cat","embeddable":true,"href":"http:\/\/klubmamgdynia.pl\/index.php\/wp-json\/wp\/v2\/product_cat?post=3373"},{"taxonomy":"product_tag","embeddable":true,"href":"http:\/\/klubmamgdynia.pl\/index.php\/wp-json\/wp\/v2\/product_tag?post=3373"}],"curies":[{"name":"wp","href":"https:\/\/api.w.org\/{rel}","templated":true}]}}