{"id":3375,"date":"2020-10-03T23:12:29","date_gmt":"2020-10-03T21:12:29","guid":{"rendered":"http:\/\/klubmamgdynia.pl\/index.php\/produkt\/wanienka-skladana-comfort-bh-323r\/"},"modified":"2026-04-04T01:27:31","modified_gmt":"2026-04-03T23:27:31","slug":"wanienka-skladana-comfort-bh-323r","status":"publish","type":"product","link":"http:\/\/klubmamgdynia.pl\/index.php\/produkt\/wanienka-skladana-comfort-bh-323r\/","title":{"rendered":"Wanienka sk\u0142adana &#8222;Comfort&#8221;, BH-323R"},"content":{"rendered":"<p>Wanienka sk\u0142adana Comfort, Babyhood to innowacyjne rozwi\u0105zanie, kt\u00f3re zaoszcz\u0119dzi miejsc\u0430 w \u0142azience i przyda si\u0119 w podr\u00f3\u017cy. Lekka kompaktowa i \u0142atwa do z\u0142o\u017cenia. Wanienka zrobiona jest z wysokiej jako\u015bci tworzywa sztucznego i silikonu, posiada pow\u0142ok\u0119 antypo\u015blizgow\u0105.<\/p>\n<h2>Wanienka sk\u0142adana &#8222;Comfort&#8221;, BH-323R Inny<\/h2>\n<p>zagadki na inteligencje, gry dla m\u0142odzie\u017cy, zagadki wielkanocne do druku, czytanki na dobranoc, plac zabaw pozna\u0144, dzie\u0144 matki w\u0142asnor\u0119czny prezent dla mamy od dziecka, zagadki logiczne \u015bmieszne, bajki o ksi\u0119\u017cniczkach do czytania, paj\u0105czek na rowerze test, test znaki drogowe, milan imie, co kupi\u0107 dziewczynce na roczek, atrakcje dla dzieci w warszawie dzi\u015b, karty matematyczne tabliczka mno\u017cenia do wydruku, co oznacza jordan, zagadki dla 8 latka, alan imi\u0119, maski karnawa\u0142owe do druku, maska misia do druku, zgadywanki<\/p>\n<p>yyyyy<\/p>\n<p>&nbsp;<\/p>\n","protected":false},"excerpt":{"rendered":"<p>Wanienka sk\u0142adana Comfort, Babyhood to innowacyjne rozwi\u0105zanie, kt\u00f3re zaoszcz\u0119dzi miejsc\u0430 w \u0142azience i przyda si\u0119 w podr\u00f3\u017cy. Lekka kompaktowa i \u0142atwa do z\u0142o\u017cenia. Wanienka zrobiona jest z wysokiej jako\u015bci tworzywa sztucznego i silikonu, posiada pow\u0142ok\u0119 antypo\u015blizgow\u0105. Wanienka sk\u0142adana &#8222;Comfort&#8221;, BH-323R Inny zagadki na inteligencje, gry dla m\u0142odzie\u017cy, zagadki wielkanocne do druku, czytanki na dobranoc, plac [&hellip;]<\/p>\n","protected":false},"featured_media":3376,"comment_status":"closed","ping_status":"open","template":"","meta":[],"product_cat":[169,958],"product_tag":[660,836,688],"class_list":["post-3375","product","type-product","status-publish","has-post-thumbnail","hentry","product_cat-inny","product_cat-komody-kapielowe-wanienki-i-przewijaki","product_tag-bianka","product_tag-co-kupic-dziecku-na-roczek","product_tag-kolysanki-tekst"],"_links":{"self":[{"href":"http:\/\/klubmamgdynia.pl\/index.php\/wp-json\/wp\/v2\/product\/3375","targetHints":{"allow":["GET"]}}],"collection":[{"href":"http:\/\/klubmamgdynia.pl\/index.php\/wp-json\/wp\/v2\/product"}],"about":[{"href":"http:\/\/klubmamgdynia.pl\/index.php\/wp-json\/wp\/v2\/types\/product"}],"replies":[{"embeddable":true,"href":"http:\/\/klubmamgdynia.pl\/index.php\/wp-json\/wp\/v2\/comments?post=3375"}],"wp:featuredmedia":[{"embeddable":true,"href":"http:\/\/klubmamgdynia.pl\/index.php\/wp-json\/wp\/v2\/media\/3376"}],"wp:attachment":[{"href":"http:\/\/klubmamgdynia.pl\/index.php\/wp-json\/wp\/v2\/media?parent=3375"}],"wp:term":[{"taxonomy":"product_cat","embeddable":true,"href":"http:\/\/klubmamgdynia.pl\/index.php\/wp-json\/wp\/v2\/product_cat?post=3375"},{"taxonomy":"product_tag","embeddable":true,"href":"http:\/\/klubmamgdynia.pl\/index.php\/wp-json\/wp\/v2\/product_tag?post=3375"}],"curies":[{"name":"wp","href":"https:\/\/api.w.org\/{rel}","templated":true}]}}