{"id":3379,"date":"2024-05-28T23:03:55","date_gmt":"2024-05-28T21:03:55","guid":{"rendered":"http:\/\/klubmamgdynia.pl\/?post_type=product&#038;p=3379"},"modified":"2026-04-30T04:42:56","modified_gmt":"2026-04-30T02:42:56","slug":"nanoo-toothbrush-kids-1-szt-szczotka-do-zebow-dla-dzieci-yellow","status":"publish","type":"product","link":"http:\/\/klubmamgdynia.pl\/index.php\/produkt\/nanoo-toothbrush-kids-1-szt-szczotka-do-zebow-dla-dzieci-yellow\/","title":{"rendered":"NANOO Toothbrush Kids 1 szt. szczotka do z\u0119b\u00f3w dla dzieci Yellow"},"content":{"rendered":"<p>NANOO Toothbrush Kids szczotka do z\u0119b\u00f3w dla dzieci Yellow 1 szt.. NANOO Toothbrush Kids najlepsza cena. NANOO kup teraz.<\/p>\n<h2>NANOO Toothbrush Kids 1 szt. szczotka do z\u0119b\u00f3w dla dzieci Yellow <\/h2>\n<p>lol surprise kolorowanka, rado\u015b\u0107 dziecka cytaty, zagadki dla m\u0142odzie\u017cy, test z lektury spos\u00f3b na alcybiadesa, wydarzenia dla dzieci warszawa, wzruszaj\u0105c\u0105 piosenka dla taty, zagadki dla dzieci 10-12 lat trudne, na roczek dla dziewczynki, zagadki o lesie, o mamie, bajki do czytania na dobranoc, rainbow dash kolorowanka, kotek kolorowanka do druku, kolorowanka kotek do druku, list do gwiazdora, malowanki do wydruku, kotek kolorowanka do druku, quiz flagi, pu\u0142tusk atrakcje dla dzieci<\/p>\n<p>yyyyy<\/p>\n<p>&nbsp;<\/p>\n","protected":false},"excerpt":{"rendered":"<p>NANOO Toothbrush Kids szczotka do z\u0119b\u00f3w dla dzieci Yellow 1 szt.. NANOO Toothbrush Kids najlepsza cena. NANOO kup teraz. NANOO Toothbrush Kids 1 szt. szczotka do z\u0119b\u00f3w dla dzieci Yellow lol surprise kolorowanka, rado\u015b\u0107 dziecka cytaty, zagadki dla m\u0142odzie\u017cy, test z lektury spos\u00f3b na alcybiadesa, wydarzenia dla dzieci warszawa, wzruszaj\u0105c\u0105 piosenka dla taty, zagadki dla [&hellip;]<\/p>\n","protected":false},"featured_media":3380,"comment_status":"closed","ping_status":"open","template":"","meta":[],"product_cat":[474],"product_tag":[664,828,695,595],"class_list":["post-3379","product","type-product","status-publish","has-post-thumbnail","hentry","product_cat-kosmetyki-dla-dzieci-i-niemowlat","product_tag-atrakcje-dla-dzieci-trojmiasto","product_tag-filmy-wigilijne-dla-dzieci","product_tag-rzadkie-imiona-zenskie","product_tag-zagadki-dla-6-latka"],"_links":{"self":[{"href":"http:\/\/klubmamgdynia.pl\/index.php\/wp-json\/wp\/v2\/product\/3379","targetHints":{"allow":["GET"]}}],"collection":[{"href":"http:\/\/klubmamgdynia.pl\/index.php\/wp-json\/wp\/v2\/product"}],"about":[{"href":"http:\/\/klubmamgdynia.pl\/index.php\/wp-json\/wp\/v2\/types\/product"}],"replies":[{"embeddable":true,"href":"http:\/\/klubmamgdynia.pl\/index.php\/wp-json\/wp\/v2\/comments?post=3379"}],"wp:featuredmedia":[{"embeddable":true,"href":"http:\/\/klubmamgdynia.pl\/index.php\/wp-json\/wp\/v2\/media\/3380"}],"wp:attachment":[{"href":"http:\/\/klubmamgdynia.pl\/index.php\/wp-json\/wp\/v2\/media?parent=3379"}],"wp:term":[{"taxonomy":"product_cat","embeddable":true,"href":"http:\/\/klubmamgdynia.pl\/index.php\/wp-json\/wp\/v2\/product_cat?post=3379"},{"taxonomy":"product_tag","embeddable":true,"href":"http:\/\/klubmamgdynia.pl\/index.php\/wp-json\/wp\/v2\/product_tag?post=3379"}],"curies":[{"name":"wp","href":"https:\/\/api.w.org\/{rel}","templated":true}]}}