{"id":3381,"date":"2023-03-05T12:58:42","date_gmt":"2023-03-05T11:58:42","guid":{"rendered":"http:\/\/klubmamgdynia.pl\/?post_type=product&#038;p=3381"},"modified":"2026-04-05T20:12:33","modified_gmt":"2026-04-05T18:12:33","slug":"brit-mono-protein-beefrice-400g","status":"publish","type":"product","link":"http:\/\/klubmamgdynia.pl\/index.php\/produkt\/brit-mono-protein-beefrice-400g\/","title":{"rendered":"Brit Mono Protein Beef&amp;Rice\u00a0400G"},"content":{"rendered":"<p>Brit Mono Protein Beef &amp; Rice 400GBRIT MONO PROTEIN BEEF &amp; RICE PE\u0141NOPORCJOWA KARMA WILGOTNA Z WO\u0141OWIN\u0104 I RY\u017bEM DLA PS\u00d3W WSZYSTKICH RAS. ODPOWIEDNIA DLA PS\u00d3W Z WRA\u017bLIWYM PRZEWODEM POKARMOWYM, ALERGI\u0104 I NIETOLERANCJ\u0104 POKARMOW\u0104Bez soi. Bez glutenu. Bez dodatku konserwant\u00f3w i barwnik\u00f3w. 100% czystego bia\u0142ka wo\u0142owego. Brit Mono Protein Beef &amp; Rice zapewnia kompletne i zbilansowane \u017cywienie z ograniczon\u0105 liczb\u0105 sk\u0142adnik\u00f3w. Dzi\u0119ki zastosowaniu jednego rodzaju bia\u0142ka jest to odpowiednia karma do zmniejszenia ryzyka alergii i nietolerancji pokarmowej. Puszk\u0119 nale\u017cy podawa\u0107 w temperaturze pokojowej. Dawkowanie karmy mo\u017ce r\u00f3\u017cni\u0107 si\u0119 w zale\u017cno\u015bci od aktywno\u015bci psa i \u015brodowiska, w kt\u00f3rym \u017cyje. Podaj\u0105c puszk\u0119 celem urozmaicenia i wzbogacenia smaku posi\u0142k\u00f3w, nale\u017cy odpowiednio pomniejszy\u0107 dzienn\u0105 porcj\u0119 karmy podstawowej. Nale\u017cy zapewni\u0107 psu sta\u0142y dost\u0119p do \u015bwie\u017cej wody.                            <\/p>\n<p>a                            <\/p>\n<p>Energia Metaboliczna1 260 kcal\/kg                            <\/p>\n<p>SK\u0141AD                            <\/p>\n<p>70% wo\u0142owina (mi\u0119so, narz\u0105dy), 4% ry\u017c, 3% skrobia\u00a0grochowa, 1% b\u0142onnik grochowy.                            <\/p>\n<p>SK\u0141ADNIKI ANALITYCZNE                            <\/p>\n<p>bia\u0142ko surowe 11,0%, t\u0142uszcz surowy 10,0%, popi\u00f3\u0142 surowy 2,0%, wilgotno\u015b\u0107 78,0%,\u00a0w\u0142\u00f3kno surowe 0,7%, wap\u0144 0,2%, fosfor 0,3%, s\u00f3d 0,4%.                            <\/p>\n<p>DODATKI DIETETYCZNE NA 1 KG                            <\/p>\n<p>\u00a0witamina D3 (E671) 250 j.m., witamina E (3a700) 100 mg, cynk (3b606) 15 mg,\u00a0\u017celazo (E1) 10 mg, mangan (E5) 3 mg, jod (3b201) 0,75 mg, mied\u017a (E4) 0,5 mg, biotyna (3a880) 0,2 mg.                            <\/p>\n<p>DODATKI TECHNOLOGICZNE W 1 KG                            <\/p>\n<p>m\u0105czka chleba \u015bwi\u0119toja\u0144skiego (E410) 5 000 mg                            <\/p>\n<p>SPRAWD\u0179 CA\u0141\u0104 GAM\u0118 PRODUKT\u00d3W BRIT MONO PROTEIN                            <\/p>\n<p>            Brit Mono Protein Rabbit 400G<\/p>\n<p>                    Zobacz<\/p>\n<p>            Brit Mono Protein Lamb 400G<\/p>\n<p>                    Zobacz<\/p>\n<p>            Brit Mono Protein Beef Z Wo\u0142owin\u0105 400G<\/p>\n<p>                    Zobacz<\/p>\n<p>            Brit Mono Protein Turkey 400G<\/p>\n<p>                    Zobacz<\/p>\n<p>            Brit Mono Protein Lamb&amp;Rice 400G<\/p>\n<p>                    Zobacz<\/p>\n<p>            Brit Mono Protein Beef&amp;Rice\u00a0400G<\/p>\n<p>                    Zobacz<\/p>\n<p>            Brit Mono Protein Tuna&amp;Sweet Potato\u00a0400G<\/p>\n<p>                    Zobacz<\/p>\n<p>Profilaktyka przez \u017cywienie &#8211; to g\u0142\u00f3wna zasada, kt\u00f3r\u0105 spe\u0142niaj\u0105 starannie skomponowane karmy Brit Care. Wiemy, \u017ce zwierz\u0119ta domowe s\u0105 w r\u00f3wnym stopniu jak my sami nara\u017cone na stres i powa\u017cne choroby, dlatego z mi\u0142o\u015bci do nich opracowali\u015bmy unikaln\u0105 receptur\u0119, opart\u0105 na wyselekcjonowanych sk\u0142adnikach. Wierzymy, \u017ce odpowiednia dieta ma ogromne znaczenie dla zdrowia i kondycji naszych czworono\u017cnych przyjaci\u00f3\u0142. St\u0105d w karmach Brit znajdziecie tylko to, co najlepsze: wysokiej jako\u015bci mi\u0119so, ryby, warzywa i owoce, zio\u0142a oraz sk\u0142adniki funkcjonalne.<\/p>\n<h2>Brit Mono Protein Beef&amp;Rice\u00a0400G Brit<\/h2>\n<p>cytaty o przyja\u017ani kr\u00f3tkie, pozytywne cytaty mama cytaty, prezent na roczek dla chrze\u015bniaka, wiosenne zagadki, wystawy dla dzieci warszawa, celina, jak narysowa\u0107 psa krok po kroku, quizy online, paj\u0105czek na rowerze test, wierszyki na smigus dyngus, lodowiska w warszawie, flagi europy quiz, ko\u0142ysanki teksty, dinozaury kolorowanki, kartka walentynkowa zrobiona przez dzieci, kolorowanki winx, iwo imie<\/p>\n<p>yyyyy<\/p>\n<p>&nbsp;<\/p>\n","protected":false},"excerpt":{"rendered":"<p>Brit Mono Protein Beef &amp; Rice 400GBRIT MONO PROTEIN BEEF &amp; RICE PE\u0141NOPORCJOWA KARMA WILGOTNA Z WO\u0141OWIN\u0104 I RY\u017bEM DLA PS\u00d3W WSZYSTKICH RAS. ODPOWIEDNIA DLA PS\u00d3W Z WRA\u017bLIWYM PRZEWODEM POKARMOWYM, ALERGI\u0104 I NIETOLERANCJ\u0104 POKARMOW\u0104Bez soi. Bez glutenu. Bez dodatku konserwant\u00f3w i barwnik\u00f3w. 100% czystego bia\u0142ka wo\u0142owego. Brit Mono Protein Beef &amp; Rice zapewnia kompletne i [&hellip;]<\/p>\n","protected":false},"featured_media":3382,"comment_status":"closed","ping_status":"open","template":"","meta":[],"product_cat":[954,951],"product_tag":[731,582,652,606,710],"class_list":["post-3381","product","type-product","status-publish","has-post-thumbnail","hentry","product_cat-brit","product_cat-karmy-dla-psow","product_tag-maly-ksiaze-cytaty","product_tag-nauka-pisania-literek-do-wydruku-pdf","product_tag-otto","product_tag-stala-pod-sniegiem","product_tag-zagadki-dla-dzieci-10-12-lat"],"_links":{"self":[{"href":"http:\/\/klubmamgdynia.pl\/index.php\/wp-json\/wp\/v2\/product\/3381","targetHints":{"allow":["GET"]}}],"collection":[{"href":"http:\/\/klubmamgdynia.pl\/index.php\/wp-json\/wp\/v2\/product"}],"about":[{"href":"http:\/\/klubmamgdynia.pl\/index.php\/wp-json\/wp\/v2\/types\/product"}],"replies":[{"embeddable":true,"href":"http:\/\/klubmamgdynia.pl\/index.php\/wp-json\/wp\/v2\/comments?post=3381"}],"wp:featuredmedia":[{"embeddable":true,"href":"http:\/\/klubmamgdynia.pl\/index.php\/wp-json\/wp\/v2\/media\/3382"}],"wp:attachment":[{"href":"http:\/\/klubmamgdynia.pl\/index.php\/wp-json\/wp\/v2\/media?parent=3381"}],"wp:term":[{"taxonomy":"product_cat","embeddable":true,"href":"http:\/\/klubmamgdynia.pl\/index.php\/wp-json\/wp\/v2\/product_cat?post=3381"},{"taxonomy":"product_tag","embeddable":true,"href":"http:\/\/klubmamgdynia.pl\/index.php\/wp-json\/wp\/v2\/product_tag?post=3381"}],"curies":[{"name":"wp","href":"https:\/\/api.w.org\/{rel}","templated":true}]}}