{"id":3383,"date":"2018-03-08T04:31:55","date_gmt":"2018-03-08T03:31:55","guid":{"rendered":"http:\/\/klubmamgdynia.pl\/index.php\/produkt\/clics-woreczek-28el\/"},"modified":"2026-05-17T23:38:45","modified_gmt":"2026-05-17T21:38:45","slug":"clics-woreczek-28el","status":"publish","type":"product","link":"http:\/\/klubmamgdynia.pl\/index.php\/produkt\/clics-woreczek-28el\/","title":{"rendered":"Clics Woreczek 28el."},"content":{"rendered":"<p>KLOCKI CLICS to zestawy kolorowych, edukacyjnych klock\u00f3w, kt\u00f3re razem tworz\u0105 setki r\u00f3\u017cnych konstrukcji ograniczonych tylko wyobra\u017ani\u0105 budowniczego.Prosty i unikalny spos\u00f3b \u0142\u0105czenia, daje mo\u017cliwo\u015b\u0107 budowy zar\u00f3wno p\u0142askich jak i przestrzennych konstrukcji.Produkowane z polipropylenu s\u0105 bezpieczne, wytrzyma\u0142e i zdolne do d\u0142ugotrwa\u0142ego u\u017cycia w ka\u017cdych warunkach&#8230;.<\/p>\n<h2>Clics Woreczek 28el. Clics<\/h2>\n<p>alfabet kolorowanki, labirynt dla dzieci, marcel imi\u0119, kolorowanki do druku pokemon, \u015bwinka peppa kolorowanka do druku, dyplomy szablony pdf, sara, buziak gify na dobranoc smieszne<\/p>\n<p>yyyyy<\/p>\n<p>&nbsp;<\/p>\n","protected":false},"excerpt":{"rendered":"<p>KLOCKI CLICS to zestawy kolorowych, edukacyjnych klock\u00f3w, kt\u00f3re razem tworz\u0105 setki r\u00f3\u017cnych konstrukcji ograniczonych tylko wyobra\u017ani\u0105 budowniczego.Prosty i unikalny spos\u00f3b \u0142\u0105czenia, daje mo\u017cliwo\u015b\u0107 budowy zar\u00f3wno p\u0142askich jak i przestrzennych konstrukcji.Produkowane z polipropylenu s\u0105 bezpieczne, wytrzyma\u0142e i zdolne do d\u0142ugotrwa\u0142ego u\u017cycia w ka\u017cdych warunkach&#8230;. Clics Woreczek 28el. Clics alfabet kolorowanki, labirynt dla dzieci, marcel imi\u0119, kolorowanki [&hellip;]<\/p>\n","protected":false},"featured_media":3384,"comment_status":"closed","ping_status":"open","template":"","meta":[],"product_cat":[1062,113],"product_tag":[789,707,743],"class_list":["post-3383","product","type-product","status-publish","has-post-thumbnail","hentry","product_cat-clics","product_cat-klocki","product_tag-kaczuszka","product_tag-karty-pracy-dla-dzieci-z-ukrainy","product_tag-quiz-dla-dzieci"],"_links":{"self":[{"href":"http:\/\/klubmamgdynia.pl\/index.php\/wp-json\/wp\/v2\/product\/3383","targetHints":{"allow":["GET"]}}],"collection":[{"href":"http:\/\/klubmamgdynia.pl\/index.php\/wp-json\/wp\/v2\/product"}],"about":[{"href":"http:\/\/klubmamgdynia.pl\/index.php\/wp-json\/wp\/v2\/types\/product"}],"replies":[{"embeddable":true,"href":"http:\/\/klubmamgdynia.pl\/index.php\/wp-json\/wp\/v2\/comments?post=3383"}],"wp:featuredmedia":[{"embeddable":true,"href":"http:\/\/klubmamgdynia.pl\/index.php\/wp-json\/wp\/v2\/media\/3384"}],"wp:attachment":[{"href":"http:\/\/klubmamgdynia.pl\/index.php\/wp-json\/wp\/v2\/media?parent=3383"}],"wp:term":[{"taxonomy":"product_cat","embeddable":true,"href":"http:\/\/klubmamgdynia.pl\/index.php\/wp-json\/wp\/v2\/product_cat?post=3383"},{"taxonomy":"product_tag","embeddable":true,"href":"http:\/\/klubmamgdynia.pl\/index.php\/wp-json\/wp\/v2\/product_tag?post=3383"}],"curies":[{"name":"wp","href":"https:\/\/api.w.org\/{rel}","templated":true}]}}