{"id":3385,"date":"2011-04-25T09:22:33","date_gmt":"2011-04-25T07:22:33","guid":{"rendered":"http:\/\/klubmamgdynia.pl\/index.php\/produkt\/royal-canin-shih-tzu-adult-15kg\/"},"modified":"2026-04-19T04:18:33","modified_gmt":"2026-04-19T02:18:33","slug":"royal-canin-shih-tzu-adult-15kg","status":"publish","type":"product","link":"http:\/\/klubmamgdynia.pl\/index.php\/produkt\/royal-canin-shih-tzu-adult-15kg\/","title":{"rendered":"Royal Canin Shih Tzu Adult 1,5kg"},"content":{"rendered":"<p>Royal Canin &#8211; gwarancja najwy\u017cszej smakowito\u015bci                            <\/p>\n<p>Dlaczego karma Royal Canin b\u0119dzie<br \/>\nodpowiednia dla Twojego zwierz\u0119cia?<\/p>\n<p>Bo potrzeb jest wiele,<br \/>\na Royal Canin odpowiada<br \/>\nna wszystkie.                            <\/p>\n<p>                                Zobacz szczeg\u00f3\u0142y Gwarancji Najwy\u017cszej Smakowito\u015bci<\/p>\n<h2>Royal Canin Shih Tzu Adult 1,5kg Royal Canin<\/h2>\n<p>kolorowanki dla dziewczynek, sentencja dla dziecka, aneta, kaczuszka, cytaty rodzina, atrakcje dla dzieci wroc\u0142aw, dobrej nocy, quizy online<\/p>\n<p>yyyyy<\/p>\n<p>&nbsp;<\/p>\n","protected":false},"excerpt":{"rendered":"<p>Royal Canin &#8211; gwarancja najwy\u017cszej smakowito\u015bci Dlaczego karma Royal Canin b\u0119dzie odpowiednia dla Twojego zwierz\u0119cia? Bo potrzeb jest wiele, a Royal Canin odpowiada na wszystkie. Zobacz szczeg\u00f3\u0142y Gwarancji Najwy\u017cszej Smakowito\u015bci Royal Canin Shih Tzu Adult 1,5kg Royal Canin kolorowanki dla dziewczynek, sentencja dla dziecka, aneta, kaczuszka, cytaty rodzina, atrakcje dla dzieci wroc\u0142aw, dobrej nocy, quizy [&hellip;]<\/p>\n","protected":false},"featured_media":3386,"comment_status":"closed","ping_status":"open","template":"","meta":[],"product_cat":[951,936],"product_tag":[645,637,652,628],"class_list":["post-3385","product","type-product","status-publish","has-post-thumbnail","hentry","product_cat-karmy-dla-psow","product_cat-royal-canin","product_tag-latwe-zagadki","product_tag-niech-zyja-wakacje-tekst","product_tag-otto","product_tag-zagadka"],"_links":{"self":[{"href":"http:\/\/klubmamgdynia.pl\/index.php\/wp-json\/wp\/v2\/product\/3385","targetHints":{"allow":["GET"]}}],"collection":[{"href":"http:\/\/klubmamgdynia.pl\/index.php\/wp-json\/wp\/v2\/product"}],"about":[{"href":"http:\/\/klubmamgdynia.pl\/index.php\/wp-json\/wp\/v2\/types\/product"}],"replies":[{"embeddable":true,"href":"http:\/\/klubmamgdynia.pl\/index.php\/wp-json\/wp\/v2\/comments?post=3385"}],"wp:featuredmedia":[{"embeddable":true,"href":"http:\/\/klubmamgdynia.pl\/index.php\/wp-json\/wp\/v2\/media\/3386"}],"wp:attachment":[{"href":"http:\/\/klubmamgdynia.pl\/index.php\/wp-json\/wp\/v2\/media?parent=3385"}],"wp:term":[{"taxonomy":"product_cat","embeddable":true,"href":"http:\/\/klubmamgdynia.pl\/index.php\/wp-json\/wp\/v2\/product_cat?post=3385"},{"taxonomy":"product_tag","embeddable":true,"href":"http:\/\/klubmamgdynia.pl\/index.php\/wp-json\/wp\/v2\/product_tag?post=3385"}],"curies":[{"name":"wp","href":"https:\/\/api.w.org\/{rel}","templated":true}]}}