{"id":3387,"date":"2024-05-08T16:55:15","date_gmt":"2024-05-08T14:55:15","guid":{"rendered":"http:\/\/klubmamgdynia.pl\/?post_type=product&#038;p=3387"},"modified":"2026-05-17T22:42:48","modified_gmt":"2026-05-17T20:42:48","slug":"flysky-kabel-symulatora-lotu-i10-do-aparatur-fs","status":"publish","type":"product","link":"http:\/\/klubmamgdynia.pl\/index.php\/produkt\/flysky-kabel-symulatora-lotu-i10-do-aparatur-fs\/","title":{"rendered":"Flysky Kabel Symulatora Lotu I10 Do Aparatur Fs"},"content":{"rendered":"<p>Kabel symulatora lotu i10 do aparatur FS-i10Mode nadajnika: Mode dowolne\/losoweKabel symulatora lotu i10 do aparatur FS-i10<\/p>\n<h2>Flysky Kabel Symulatora Lotu I10 Do Aparatur Fs FlySky<\/h2>\n<p>kolorowanka piesek, bajka o smoku, bajka psi patrol do czytania, eksperyment dla dzieci wulkan, ostatni dzwonek tekst, aron, \u015bmieszne kanapki kanapki dla dzieci, kolorowanki do druku pokemon, test z dzieci z bullerbyn, prezent dla nastolatka, sentencja dla dziecka, zabawy na dzie\u0144 dziecka w szkole, fajne zagadki, stare bajki, pola imi\u0119, quiz o psie kt\u00f3ry je\u017adzi\u0142 kolej\u0105, co\u015b dla nastolatk\u00f3w<\/p>\n<p>yyyyy<\/p>\n<p>&nbsp;<\/p>\n","protected":false},"excerpt":{"rendered":"<p>Kabel symulatora lotu i10 do aparatur FS-i10Mode nadajnika: Mode dowolne\/losoweKabel symulatora lotu i10 do aparatur FS-i10 Flysky Kabel Symulatora Lotu I10 Do Aparatur Fs FlySky kolorowanka piesek, bajka o smoku, bajka psi patrol do czytania, eksperyment dla dzieci wulkan, ostatni dzwonek tekst, aron, \u015bmieszne kanapki kanapki dla dzieci, kolorowanki do druku pokemon, test z dzieci [&hellip;]<\/p>\n","protected":false},"featured_media":3388,"comment_status":"closed","ping_status":"open","template":"","meta":[],"product_cat":[1053,1055],"product_tag":[617,669,652,785,591,581],"class_list":["post-3387","product","type-product","status-publish","has-post-thumbnail","hentry","product_cat-akcesoria-i-czesci-modelarskie","product_cat-flysky","product_tag-keyword","product_tag-kolorowanki","product_tag-otto","product_tag-prezent-dla-nastolatkow","product_tag-quiz-o-minecraft","product_tag-zagadki-dla-8-latka"],"_links":{"self":[{"href":"http:\/\/klubmamgdynia.pl\/index.php\/wp-json\/wp\/v2\/product\/3387","targetHints":{"allow":["GET"]}}],"collection":[{"href":"http:\/\/klubmamgdynia.pl\/index.php\/wp-json\/wp\/v2\/product"}],"about":[{"href":"http:\/\/klubmamgdynia.pl\/index.php\/wp-json\/wp\/v2\/types\/product"}],"replies":[{"embeddable":true,"href":"http:\/\/klubmamgdynia.pl\/index.php\/wp-json\/wp\/v2\/comments?post=3387"}],"wp:featuredmedia":[{"embeddable":true,"href":"http:\/\/klubmamgdynia.pl\/index.php\/wp-json\/wp\/v2\/media\/3388"}],"wp:attachment":[{"href":"http:\/\/klubmamgdynia.pl\/index.php\/wp-json\/wp\/v2\/media?parent=3387"}],"wp:term":[{"taxonomy":"product_cat","embeddable":true,"href":"http:\/\/klubmamgdynia.pl\/index.php\/wp-json\/wp\/v2\/product_cat?post=3387"},{"taxonomy":"product_tag","embeddable":true,"href":"http:\/\/klubmamgdynia.pl\/index.php\/wp-json\/wp\/v2\/product_tag?post=3387"}],"curies":[{"name":"wp","href":"https:\/\/api.w.org\/{rel}","templated":true}]}}