{"id":3389,"date":"2014-11-20T06:42:34","date_gmt":"2014-11-20T05:42:34","guid":{"rendered":"http:\/\/klubmamgdynia.pl\/index.php\/produkt\/flysky-odbiornik-fs-x8b\/"},"modified":"2026-05-17T20:52:38","modified_gmt":"2026-05-17T18:52:38","slug":"flysky-odbiornik-fs-x8b","status":"publish","type":"product","link":"http:\/\/klubmamgdynia.pl\/index.php\/produkt\/flysky-odbiornik-fs-x8b\/","title":{"rendered":"Flysky Odbiornik Fs-X8B"},"content":{"rendered":"<p>Odbiornik z diversity z modulacj\u0105 AFHDS 2A, pracuj\u0105cy na 2,4GHz. Wsp\u00f3\u0142pracuje m.in z NV-14 Nirvana, FS-i6X czy FS-i10 od FlySky. PPM \/ i-Bus \/ S-Bus.EAN: FS-X8BKod Producenta: 018541<\/p>\n<h2>Flysky Odbiornik Fs-X8B FlySky<\/h2>\n<p>cytat z kubusia puchatka o mi\u0142o\u015bci, bajki dla dzieci do czytania, prezent dla nastolatk\u00f3w 2021, zabawy dla 5 6 latk\u00f3w, pomys\u0142y na pakowanie prezent\u00f3w, kolorowanki minecraft, prezenty na dzie\u0144 dziecka dla nastolatk\u00f3w, co kupic na roczek, sa\u0142atki dla dzieci<\/p>\n<p>yyyyy<\/p>\n<p>&nbsp;<\/p>\n","protected":false},"excerpt":{"rendered":"<p>Odbiornik z diversity z modulacj\u0105 AFHDS 2A, pracuj\u0105cy na 2,4GHz. Wsp\u00f3\u0142pracuje m.in z NV-14 Nirvana, FS-i6X czy FS-i10 od FlySky. PPM \/ i-Bus \/ S-Bus.EAN: FS-X8BKod Producenta: 018541 Flysky Odbiornik Fs-X8B FlySky cytat z kubusia puchatka o mi\u0142o\u015bci, bajki dla dzieci do czytania, prezent dla nastolatk\u00f3w 2021, zabawy dla 5 6 latk\u00f3w, pomys\u0142y na pakowanie [&hellip;]<\/p>\n","protected":false},"featured_media":3390,"comment_status":"closed","ping_status":"open","template":"","meta":[],"product_cat":[1053,1055],"product_tag":[662,759,586,809,592,577],"class_list":["post-3389","product","type-product","status-publish","has-post-thumbnail","hentry","product_cat-akcesoria-i-czesci-modelarskie","product_cat-flysky","product_tag-bajki-na-dobranoc","product_tag-pomysly-na-prezent-dla-nastolatkow","product_tag-smieszne-zagadki","product_tag-zagadki","product_tag-zagadki-dla-dzieci","product_tag-znaki-drogowe-test"],"_links":{"self":[{"href":"http:\/\/klubmamgdynia.pl\/index.php\/wp-json\/wp\/v2\/product\/3389","targetHints":{"allow":["GET"]}}],"collection":[{"href":"http:\/\/klubmamgdynia.pl\/index.php\/wp-json\/wp\/v2\/product"}],"about":[{"href":"http:\/\/klubmamgdynia.pl\/index.php\/wp-json\/wp\/v2\/types\/product"}],"replies":[{"embeddable":true,"href":"http:\/\/klubmamgdynia.pl\/index.php\/wp-json\/wp\/v2\/comments?post=3389"}],"wp:featuredmedia":[{"embeddable":true,"href":"http:\/\/klubmamgdynia.pl\/index.php\/wp-json\/wp\/v2\/media\/3390"}],"wp:attachment":[{"href":"http:\/\/klubmamgdynia.pl\/index.php\/wp-json\/wp\/v2\/media?parent=3389"}],"wp:term":[{"taxonomy":"product_cat","embeddable":true,"href":"http:\/\/klubmamgdynia.pl\/index.php\/wp-json\/wp\/v2\/product_cat?post=3389"},{"taxonomy":"product_tag","embeddable":true,"href":"http:\/\/klubmamgdynia.pl\/index.php\/wp-json\/wp\/v2\/product_tag?post=3389"}],"curies":[{"name":"wp","href":"https:\/\/api.w.org\/{rel}","templated":true}]}}