{"id":339,"date":"2018-04-11T23:45:22","date_gmt":"2018-04-11T21:45:22","guid":{"rendered":"http:\/\/klubmamgdynia.pl\/index.php\/produkt\/tm-toys-hey-clay-masa-plastyczna-kura\/"},"modified":"2026-05-02T05:03:38","modified_gmt":"2026-05-02T03:03:38","slug":"tm-toys-hey-clay-masa-plastyczna-kura","status":"publish","type":"product","link":"http:\/\/klubmamgdynia.pl\/index.php\/produkt\/tm-toys-hey-clay-masa-plastyczna-kura\/","title":{"rendered":"Tm Toys Hey Clay Masa Plastyczna Kura"},"content":{"rendered":"<p>Hey Clay zawiera 5 pojemnik\u00f3w z mi\u0119kk\u0105, delikatn\u0105 i pachn\u0105c\u0105 mas\u0105 oraz kod dost\u0119pu do aplikacji. Kolory przedstawione s\u0105 na opakowaniu, pozwalaj\u0105 na stworzenie wybranej figurki. Pewna ilo\u015b\u0107 masy pozostaje, mo\u017cna j\u0105 u\u017cy\u0107 do realizacji w\u0142asnych kreatywnych pomys\u0142\u00f3w. Masa wysycha na powietrzu w przeci\u0105gu 24 godzin.EAN: 5908273097565<\/p>\n<h2>Tm Toys Hey Clay Masa Plastyczna Kura TM Toys<\/h2>\n<p>zabawy dla 6 latk\u00f3w, kolorowanka elsa, ciekawe zagadki i odpowiedzi, zosia samosia, lol surprise kolorowanka, m\u0105dre prezenty dla 7 latki, quizy online, iwo, kaligrafia nauka pisania wyraz\u00f3w dla dzieci do druku pdf, rzadkie imiona \u017ce\u0144skie, zagadki wiosenne dla dzieci, nasza zima z\u0142a tekst, ozdoby choinkowe dla dzieci, zadania dla 7 latka do druku<\/p>\n<p>yyyyy<\/p>\n<p>&nbsp;<\/p>\n","protected":false},"excerpt":{"rendered":"<p>Hey Clay zawiera 5 pojemnik\u00f3w z mi\u0119kk\u0105, delikatn\u0105 i pachn\u0105c\u0105 mas\u0105 oraz kod dost\u0119pu do aplikacji. Kolory przedstawione s\u0105 na opakowaniu, pozwalaj\u0105 na stworzenie wybranej figurki. Pewna ilo\u015b\u0107 masy pozostaje, mo\u017cna j\u0105 u\u017cy\u0107 do realizacji w\u0142asnych kreatywnych pomys\u0142\u00f3w. Masa wysycha na powietrzu w przeci\u0105gu 24 godzin.EAN: 5908273097565 Tm Toys Hey Clay Masa Plastyczna Kura TM [&hellip;]<\/p>\n","protected":false},"featured_media":340,"comment_status":"closed","ping_status":"open","template":"","meta":[],"product_cat":[145,21],"product_tag":[817,686,768,644],"class_list":["post-339","product","type-product","status-publish","has-post-thumbnail","hentry","product_cat-tm-toys","product_cat-zabawki-plastyczne","product_tag-bajka-terapeutyczna-o-emocjach","product_tag-co-na-roczek-dla-chlopca","product_tag-krotkie-zagadki-logiczne","product_tag-mia"],"_links":{"self":[{"href":"http:\/\/klubmamgdynia.pl\/index.php\/wp-json\/wp\/v2\/product\/339","targetHints":{"allow":["GET"]}}],"collection":[{"href":"http:\/\/klubmamgdynia.pl\/index.php\/wp-json\/wp\/v2\/product"}],"about":[{"href":"http:\/\/klubmamgdynia.pl\/index.php\/wp-json\/wp\/v2\/types\/product"}],"replies":[{"embeddable":true,"href":"http:\/\/klubmamgdynia.pl\/index.php\/wp-json\/wp\/v2\/comments?post=339"}],"wp:featuredmedia":[{"embeddable":true,"href":"http:\/\/klubmamgdynia.pl\/index.php\/wp-json\/wp\/v2\/media\/340"}],"wp:attachment":[{"href":"http:\/\/klubmamgdynia.pl\/index.php\/wp-json\/wp\/v2\/media?parent=339"}],"wp:term":[{"taxonomy":"product_cat","embeddable":true,"href":"http:\/\/klubmamgdynia.pl\/index.php\/wp-json\/wp\/v2\/product_cat?post=339"},{"taxonomy":"product_tag","embeddable":true,"href":"http:\/\/klubmamgdynia.pl\/index.php\/wp-json\/wp\/v2\/product_tag?post=339"}],"curies":[{"name":"wp","href":"https:\/\/api.w.org\/{rel}","templated":true}]}}