{"id":3391,"date":"2012-11-21T05:23:27","date_gmt":"2012-11-21T04:23:27","guid":{"rendered":"http:\/\/klubmamgdynia.pl\/index.php\/produkt\/landmann-triton-pts-2-0-czarny-12903\/"},"modified":"2026-04-20T13:28:27","modified_gmt":"2026-04-20T11:28:27","slug":"landmann-triton-pts-2-0-czarny-12903","status":"publish","type":"product","link":"http:\/\/klubmamgdynia.pl\/index.php\/produkt\/landmann-triton-pts-2-0-czarny-12903\/","title":{"rendered":"Landmann Triton Pts 2.0 Czarny 12903"},"content":{"rendered":"<p>Grill gazowy Landmann Triton PTS 2.0 czarny<\/p>\n<p>Grill gazowy  Triton 2,0 PTS nale\u017cy do najmniejszych grilli gazowych oferowanych przez firm\u0119 Landmann. Produkowany od kilku lat znalaz\u0142 si\u0119 w polskiej ofercie firmy. Niewielki grill gazowy Triton 2,0 PTS spe\u0142nia wszystkie wymagania i surowe standardy stawiane przed urz\u0105dzeniami do grillowania.                            <\/p>\n<p>Grill gazowy Triton 2,0 przygotowany na nadchodz\u0105cy sezon grillowania uzbrojony zosta\u0142  w innowacyjny opatentowany przez producenta system PTS, kt\u00f3ry  gwarantuje  r\u00f3wnomierne  rozgrzanie ca\u0142ej powierzchni  grillowania. Ma to olbrzymie znaczenie dla przygotowywanych potraw, kt\u00f3re poddawane s\u0105  jednakowym temperaturom na ca\u0142ej powierzchni grilla. Nad prawid\u0142ow\u0105 temperatur\u0105 czuwa termometr zamontowany w  podw\u00f3jnej  pokrywie piekarnika, oraz system zawor\u00f3w dozuj\u0105cych paliwo gazowe do palnik\u00f3w grilla.                            <\/p>\n<p>Dzi\u0119ki 2 tubowym palnikom,  grill rozgrzewa si\u0119 b\u0142yskawicznie i ju\u017c po kilku minutach mo\u017cemy rozpocz\u0105\u0107 grillowanie. Ka\u017cde pokr\u0119t\u0142o  palnik\u00f3w posiada sw\u00f3j niezale\u017cny piezo-zapalacz b\u0142yskawicznie uruchomiaj\u0105cy palnik grilla.                            <\/p>\n<p>Grill gazowy Landmann  Triton 2,0 PTS zosta\u0142 wyposa\u017cony w stalowy pokryty emali\u0105 ruszt o powierzchni  2112 cm\u00b2 , kt\u00f3ry stanowi podstawow\u0105 powierzchni\u0119 grillowania, oraz w dodatkow\u0105  wykonan\u0105 ze stali p\u00f3\u0142k\u0119  g\u00f3rn\u0105 idealn\u0105 do podgrzewania warzyw i owoc\u00f3w. Powstaj\u0105ce podczas grillowania szczeg\u00f3lnie t\u0142ustych potraw soki  s\u0105 kierowane do wyjmowanego pojemnika pod piekarnikiem, kt\u00f3ry opr\u00f3\u017cniamy raz na kilka grillowa\u0144.                            <\/p>\n<p>Grill gazowy Triton 2,0 PTS wykonany jest z wysokiej jako\u015bci  stali, kt\u00f3ra w po\u0142\u0105czeniu z lakierowan\u0105 blach\u0105 stalow\u0105 pokrywy  i  szafki  sprawia, \u017ce grill prezentuje si\u0119 bardzo estetycznie. Podstaw\u0119 grilla stanowi w\u00f3zek z 4 ko\u0142ami wyposa\u017conymi w blokady  ruchu  u\u0142atwiaj\u0105ce  ustawienie grilla w wyznaczonym miejscu.<br \/>\nDodatkow\u0105 zalet\u0105 grilla Triton 2,0 PTS s\u0105 sk\u0142adane p\u00f3\u0142ki boczne, dzi\u0119ki czemu grill zajmuje du\u017co mniej miejsca podczas zimowego przechowywania.<\/p>\n<h2>Landmann Triton Pts 2.0 Czarny 12903 Landmann<\/h2>\n<p>prezent dla nastolatk\u00f3w 2020, kolorowanka harry potter do druku, kr\u00f3tkie bajki na dobranoc do czytania, wierszyk o marzannie, magiczne drzewo czerwone krzes\u0142o test, kolorowanki kotki, zadania logiczne dla dzieci, melania znaczenie imienia, quiz o samochodach, wzruszaj\u0105ce teksty dla mamy<\/p>\n<p>yyyyy<\/p>\n<p>&nbsp;<\/p>\n","protected":false},"excerpt":{"rendered":"<p>Grill gazowy Landmann Triton PTS 2.0 czarny Grill gazowy Triton 2,0 PTS nale\u017cy do najmniejszych grilli gazowych oferowanych przez firm\u0119 Landmann. Produkowany od kilku lat znalaz\u0142 si\u0119 w polskiej ofercie firmy. Niewielki grill gazowy Triton 2,0 PTS spe\u0142nia wszystkie wymagania i surowe standardy stawiane przed urz\u0105dzeniami do grillowania. Grill gazowy Triton 2,0 przygotowany na nadchodz\u0105cy [&hellip;]<\/p>\n","protected":false},"featured_media":3392,"comment_status":"closed","ping_status":"open","template":"","meta":[],"product_cat":[1064,1063],"product_tag":[871,731,652,798],"class_list":["post-3391","product","type-product","status-publish","has-post-thumbnail","hentry","product_cat-grille-gazowe","product_cat-landmann","product_tag-bajka-o-smoku-wawelskim","product_tag-maly-ksiaze-cytaty","product_tag-otto","product_tag-prezenty-dla-nastolatki"],"_links":{"self":[{"href":"http:\/\/klubmamgdynia.pl\/index.php\/wp-json\/wp\/v2\/product\/3391","targetHints":{"allow":["GET"]}}],"collection":[{"href":"http:\/\/klubmamgdynia.pl\/index.php\/wp-json\/wp\/v2\/product"}],"about":[{"href":"http:\/\/klubmamgdynia.pl\/index.php\/wp-json\/wp\/v2\/types\/product"}],"replies":[{"embeddable":true,"href":"http:\/\/klubmamgdynia.pl\/index.php\/wp-json\/wp\/v2\/comments?post=3391"}],"wp:featuredmedia":[{"embeddable":true,"href":"http:\/\/klubmamgdynia.pl\/index.php\/wp-json\/wp\/v2\/media\/3392"}],"wp:attachment":[{"href":"http:\/\/klubmamgdynia.pl\/index.php\/wp-json\/wp\/v2\/media?parent=3391"}],"wp:term":[{"taxonomy":"product_cat","embeddable":true,"href":"http:\/\/klubmamgdynia.pl\/index.php\/wp-json\/wp\/v2\/product_cat?post=3391"},{"taxonomy":"product_tag","embeddable":true,"href":"http:\/\/klubmamgdynia.pl\/index.php\/wp-json\/wp\/v2\/product_tag?post=3391"}],"curies":[{"name":"wp","href":"https:\/\/api.w.org\/{rel}","templated":true}]}}