{"id":3393,"date":"2022-02-01T05:02:04","date_gmt":"2022-02-01T04:02:04","guid":{"rendered":"http:\/\/klubmamgdynia.pl\/index.php\/produkt\/brit-care-grain-free-puppy-salmonpotato-12kg\/"},"modified":"2026-04-27T19:36:39","modified_gmt":"2026-04-27T17:36:39","slug":"brit-care-grain-free-puppy-salmonpotato-12kg","status":"publish","type":"product","link":"http:\/\/klubmamgdynia.pl\/index.php\/produkt\/brit-care-grain-free-puppy-salmonpotato-12kg\/","title":{"rendered":"Brit Care Grain Free Puppy Salmon&amp;Potato 12Kg"},"content":{"rendered":"<p>Brit Care Grain-free Puppy Salmon&amp;Potato\u00a0BEZZBO\u017bOWA, HIPOALERGICZNA FORMU\u0141A Z \u0141OSOSIEM I ZIEMNIAKAMI DLA SZCZENI\u0104T I M\u0141ODYCH PS\u00d3W ( 4 TYGODNIE &#8211; 12 MIESI\u0118CY) WSZYSTKICH RASChcesz aby Tw\u00f3j szczeniak by\u0142 zawsze radosny i pe\u0142ny si\u0142 do zabawy? Starannie skompletowana bezzbo\u017cowa karma z \u0142ososiem i ziemniakami dla szczeni\u0105t to pe\u0142nowarto\u015bciowy posi\u0142ek, kt\u00f3ry dostarczy Twojemu pupilowi niezb\u0119dnych witamin oraz mikroelement\u00f3w i zapewni mu prawid\u0142owy rozw\u00f3j. Formu\u0142a jest w pe\u0142ni hipoalergiczna, dzi\u0119ki czemu nie powoduje nadwra\u017cliwo\u015bci i alergii pokarmowych. Sk\u0142adniki zosta\u0142y dobrane tak, by chroni\u0107 stawy oraz ko\u015bci szczeni\u0105t i nie obci\u0105\u017ca\u0107 ich organizm\u00f3w..Hipoalergiczna karma Brit Care Grain-Free Puppy z \u0142ososiem i ziemniakami to tego rodzaju zbilansowany pokarm, kt\u00f3ry dostarcza odpowiedniego zbioru witamin, minera\u0142\u00f3w i mikroelement\u00f3w. Ta karma dla szczeniak\u00f3w dba o rozw\u00f3j ich staw\u00f3w (dzi\u0119ki zawarto\u015bci glukozaminy oraz chondroityny), funkcji poznawczych (kwasy Omega 3 i 6) czy uk\u0142adu pokarmowego (inulina).                            <\/p>\n<p>a                            <\/p>\n<p>Energia Metaboliczna3 890 kcal\/kgKwasy T\u0142uszczowe Omega 3: 0,89%Kwasy T\u0142uszczowe Omega 6: 2,44%                            <\/p>\n<p>\u0141oso\u015b jest wyj\u0105tkowo lekkostrawny i charakteryzuje si\u0119 wysokim poziomem t\u0142uszcz\u00f3w Omega3 i Omega6.                            <\/p>\n<p> Ekstrakt z chrz\u0105stki i kwasy omega 3 zapewniaj\u0105 regeneracj\u0119 mi\u0119\u015bni i przyczyniaj\u0105 si\u0119 do \u015bwietnej kondycji fizycznej.                            <\/p>\n<p> Probiotyki, inulina i witamina C wzmacniaj\u0105 odporno\u015b\u0107 zwierz\u0119cia i reguluj\u0105 prac\u0119 jelit.                            <\/p>\n<p> Ostropest plamisty zapobiega stanom zapalnym, poprawia metabolizm i wp\u0142ywa pozytywnie na regeneracj\u0119 w\u0105troby. Zio\u0142a i owoce dostarczaj\u0105 niezb\u0119dnych witamin i minera\u0142\u00f3w.                            <\/p>\n<p>SK\u0141AD                            <\/p>\n<p>suszony \u0142oso\u015b (35%), ziemniaki (28%), bia\u0142ko \u0142ososia (15%), t\u0142uszcz z kurczaka (konserwowany tokoferolami), suszone jab\u0142ka, olej z \u0142ososia (2%), naturalne aromaty, dro\u017cd\u017ce browarniane, hydrolizat muszli skorupiak\u00f3w (\u017ar\u00f3d\u0142o glukozaminy, 320 mg\/kg), ekstrakt z chrz\u0105stki (\u017ar\u00f3d\u0142o chondroityny, 190 mg\/kg), mannanooligosacharydy (180 mg\/kg), zio\u0142a i owoce (rozmaryn, go\u017adziki, owoce cytrusowe, kurkuma, 180 mg\/kg), fruktooligosacharydy (120 mg\/kg), Jukka Schidigera (120 mg\/kg), inulina (110 mg\/kg), ostropest plamisty (90 mg\/kg)                            <\/p>\n<p>SK\u0141ADNIKI OD\u017bYWCZE                            <\/p>\n<p>bia\u0142ko surowe 30%, zawarto\u015b\u0107 t\u0142uszczu 18%, wilgotno\u015b\u0107 10%, popi\u00f3\u0142 surowy 7,7%, w\u0142\u00f3kno surowe 2,5%, wap\u0144 1,3%, fosfor 1%                            <\/p>\n<p>SPRAWD\u0179 INNE PRODUKTY\u00a0BRIT CARE PUPPY                            <\/p>\n<p>            Brit Care Puppy All Breed Lamb&amp;Rice 12Kg<\/p>\n<p>                    Zobacz<\/p>\n<p>            Brit Care Grain Free Puppy Salmon&amp;Potato 12Kg<\/p>\n<p>                    Zobacz<\/p>\n<p>Profilaktyka przez \u017cywienie &#8211; to g\u0142\u00f3wna zasada, kt\u00f3r\u0105 spe\u0142niaj\u0105 starannie skomponowane karmy Brit Care. Wiemy, \u017ce zwierz\u0119ta domowe s\u0105 w r\u00f3wnym stopniu jak my sami nara\u017cone na stres i powa\u017cne choroby, dlatego z mi\u0142o\u015bci do nich opracowali\u015bmy unikaln\u0105 receptur\u0119, opart\u0105 na wyselekcjonowanych sk\u0142adnikach. Wierzymy, \u017ce odpowiednia dieta ma ogromne znaczenie dla zdrowia i kondycji naszych czworono\u017cnych przyjaci\u00f3\u0142. St\u0105d w karmach Brit znajdziecie tylko to, co najlepsze: wysokiej jako\u015bci mi\u0119so, ryby, warzywa i owoce, zio\u0142a oraz sk\u0142adniki funkcjonalne.<\/p>\n<h2>Brit Care Grain Free Puppy Salmon&amp;Potato 12Kg Brit<\/h2>\n<p>kolorowanki minionki, smieszne zagadki, piosenka na dzie\u0144 nauczyciela przedszkole, wiosna kolorowanka do druku, ko\u0142ysanka tekst, kr\u00f3tkie bajki do czytania, aniela znaczenie imienia, opis do zdj\u0119cia dziecka, laura, gad\u017cety dla nastolatk\u00f3w 2021, prezenty dla 16 latki, ela znaczenie imienia, karty pracy do druku za darmo<\/p>\n<p>yyyyy<\/p>\n<p>&nbsp;<\/p>\n","protected":false},"excerpt":{"rendered":"<p>Brit Care Grain-free Puppy Salmon&amp;Potato\u00a0BEZZBO\u017bOWA, HIPOALERGICZNA FORMU\u0141A Z \u0141OSOSIEM I ZIEMNIAKAMI DLA SZCZENI\u0104T I M\u0141ODYCH PS\u00d3W ( 4 TYGODNIE &#8211; 12 MIESI\u0118CY) WSZYSTKICH RASChcesz aby Tw\u00f3j szczeniak by\u0142 zawsze radosny i pe\u0142ny si\u0142 do zabawy? Starannie skompletowana bezzbo\u017cowa karma z \u0142ososiem i ziemniakami dla szczeni\u0105t to pe\u0142nowarto\u015bciowy posi\u0142ek, kt\u00f3ry dostarczy Twojemu pupilowi niezb\u0119dnych witamin oraz [&hellip;]<\/p>\n","protected":false},"featured_media":3394,"comment_status":"closed","ping_status":"open","template":"","meta":[],"product_cat":[954,951],"product_tag":[861,786,782,608],"class_list":["post-3393","product","type-product","status-publish","has-post-thumbnail","hentry","product_cat-brit","product_cat-karmy-dla-psow","product_tag-jak-narysowac-psa","product_tag-prezent-na-1-urodziny","product_tag-zagadki-dla-dzieci-z-odpowiedziami","product_tag-zagadki-i-odpowiedzi"],"_links":{"self":[{"href":"http:\/\/klubmamgdynia.pl\/index.php\/wp-json\/wp\/v2\/product\/3393","targetHints":{"allow":["GET"]}}],"collection":[{"href":"http:\/\/klubmamgdynia.pl\/index.php\/wp-json\/wp\/v2\/product"}],"about":[{"href":"http:\/\/klubmamgdynia.pl\/index.php\/wp-json\/wp\/v2\/types\/product"}],"replies":[{"embeddable":true,"href":"http:\/\/klubmamgdynia.pl\/index.php\/wp-json\/wp\/v2\/comments?post=3393"}],"wp:featuredmedia":[{"embeddable":true,"href":"http:\/\/klubmamgdynia.pl\/index.php\/wp-json\/wp\/v2\/media\/3394"}],"wp:attachment":[{"href":"http:\/\/klubmamgdynia.pl\/index.php\/wp-json\/wp\/v2\/media?parent=3393"}],"wp:term":[{"taxonomy":"product_cat","embeddable":true,"href":"http:\/\/klubmamgdynia.pl\/index.php\/wp-json\/wp\/v2\/product_cat?post=3393"},{"taxonomy":"product_tag","embeddable":true,"href":"http:\/\/klubmamgdynia.pl\/index.php\/wp-json\/wp\/v2\/product_tag?post=3393"}],"curies":[{"name":"wp","href":"https:\/\/api.w.org\/{rel}","templated":true}]}}