{"id":3395,"date":"2014-03-14T00:16:01","date_gmt":"2014-03-13T23:16:01","guid":{"rendered":"http:\/\/klubmamgdynia.pl\/index.php\/produkt\/oryginalny-antyszczekacz-odstraszacz-psow-ultradzw-stacjonarny\/"},"modified":"2026-05-17T22:28:39","modified_gmt":"2026-05-17T20:28:39","slug":"oryginalny-antyszczekacz-odstraszacz-psow-ultradzw-stacjonarny","status":"publish","type":"product","link":"http:\/\/klubmamgdynia.pl\/index.php\/produkt\/oryginalny-antyszczekacz-odstraszacz-psow-ultradzw-stacjonarny\/","title":{"rendered":"Oryginalny Antyszczekacz\/Odstraszacz Ps\u00f3w-Ultrad\u017aw., Stacjonarny."},"content":{"rendered":"<p>Antyszczekacz\/Odstraszacz elektroniczny-ultrad\u017awi\u0119kowy.Idealny by oduczy\u0107 dyskretnie swojego (lub s\u0105siada itd.) psa szczekania.Gdy pies zaczyna szczeka\u0107 urz\u0105dzenie to uaktywnia si\u0119 automatycznie i zaczynaemitowa\u0107 przez okre\u015blony czas nies\u0142yszalne dla cz\u0142owieka ultrad\u017awi\u0119ki, kt\u00f3re dlapsa s\u0105 bardzo nieprzyjemne dzia\u0142aj\u0105c na jego uk\u0142ad s\u0142uchowy, co skutecznieoducza go szczekania.Wystarczy pod\u0142\u0105czy\u0107 urz\u0105dzenie do zasilania 230V i skierowa\u0107 je w stron\u0119 psab\u0105d\u017a ps\u00f3w.Urz\u0105dzenie jest ca\u0142kowicie bezpieczne i nieszkodliwe dla ludzi i zwierz\u0105t a tak\u017cenie zak\u0142\u00f3ca wszelkiego typu alarmowych, czujnik\u00f3w i innych urz\u0105dze\u0144elektronicznych elektrycznych itd.Dodatkowe funkcje:posiada przyciski i prze\u0142\u0105czniki s\u0142u\u017c\u0105ce do testowania oraz regulacji czu\u0142o\u015bciantyszczekacza itd., mo\u017cliwo\u015b\u0107 stosowania w wewn\u0105trz i na zewn\u0105trz a tak\u017cemonta\u017cu na \u015bcianie, drzewie i innych powierzchniach, diody LED sygnalizuj\u0105cestan pracy urz\u0105dzenia.Dane techniczne:zasi\u0119g dzia\u0142ania: 10-15 metr\u00f3w,zasi\u0119g czujnika g\u0142osu: 10-15 metr\u00f3w,k\u0105t dzia\u0142ania: 360 stopni,cz\u0119stotliwo\u015b\u0107 ultrad\u017awi\u0119k\u00f3w: ~ 23.000Hz,kolor obudowy: czarny matowy,wymiary: 138 x 85 x 30mm,waga: 150g.,zasilanie: zasilaczem z sieci 230V lub z 12V.W cenie:\u203a antyszczekacz elektroniczny\u203a akcesoria monta\u017cowe\u203a pokrowiec chroni\u0105cy przed deszczem\u203a zasilacz sieciowy 230\/12V\u203a estetyczne opakowanie\u203a instrukcja obs\u0142ugi PL\u203a gwarancja 12 m-cy.Wysy\u0142ka w 24h!P\u0142atno\u015b\u0107 przy odbiorzePrzy zakupie kilku produkt\u00f3w naraz &#8211; p\u0142atny tylko jeden koszt przesy\u0142ki!Koszt przesy\u0142ki poczt\u0105 (dostawa w 3-7dni) &#8211; ok. 13z\u0142Koszt przesy\u0142ki kurierskiej pocztex (dostawa w 24h) &#8211; 35z\u0142Realizujemy r\u00f3wnie\u017c przesy\u0142ki za granic\u0119 oraz na &#8222;Poste Restante&#8221;Na \u017cyczenie wystawiamy faktury VATWszystkie ceny zawieraj\u0105 podatekVAT 23%<\/p>\n<h2>Oryginalny Antyszczekacz\/Odstraszacz Ps\u00f3w-Ultrad\u017aw., Stacjonarny. Electronics Chasers Corporation<\/h2>\n<p>m.i.a., miko\u0142ajek quiz, bajki na dobranoc, eksperymenty dla dzieci wulkan, labirynt psi patrol, prezent dla 15 latka, aniela imie, rodzina cytaty, \u015bwi\u0119ty przemys\u0142aw, testy z lektury zemsta, zagatki matematyczne, 20 pytania do lektury ma\u0142y ksi\u0105\u017c\u0119, jedzie poci\u0105g z daleka tekst, fajne zagadki dla dzieci<\/p>\n<p>yyyyy<\/p>\n<p>&nbsp;<\/p>\n","protected":false},"excerpt":{"rendered":"<p>Antyszczekacz\/Odstraszacz elektroniczny-ultrad\u017awi\u0119kowy.Idealny by oduczy\u0107 dyskretnie swojego (lub s\u0105siada itd.) psa szczekania.Gdy pies zaczyna szczeka\u0107 urz\u0105dzenie to uaktywnia si\u0119 automatycznie i zaczynaemitowa\u0107 przez okre\u015blony czas nies\u0142yszalne dla cz\u0142owieka ultrad\u017awi\u0119ki, kt\u00f3re dlapsa s\u0105 bardzo nieprzyjemne dzia\u0142aj\u0105c na jego uk\u0142ad s\u0142uchowy, co skutecznieoducza go szczekania.Wystarczy pod\u0142\u0105czy\u0107 urz\u0105dzenie do zasilania 230V i skierowa\u0107 je w stron\u0119 psab\u0105d\u017a ps\u00f3w.Urz\u0105dzenie jest [&hellip;]<\/p>\n","protected":false},"featured_media":3396,"comment_status":"closed","ping_status":"open","template":"","meta":[],"product_cat":[1065,313],"product_tag":[766,853,677,576],"class_list":["post-3395","product","type-product","status-publish","has-post-thumbnail","hentry","product_cat-electronics-chasers-corporation","product_cat-zwalczanie-i-odstraszanie-szkodnikow","product_tag-kira","product_tag-kolorowanki-do-druku-dla-doroslych","product_tag-milosz-imie","product_tag-trudne-zagadki"],"_links":{"self":[{"href":"http:\/\/klubmamgdynia.pl\/index.php\/wp-json\/wp\/v2\/product\/3395","targetHints":{"allow":["GET"]}}],"collection":[{"href":"http:\/\/klubmamgdynia.pl\/index.php\/wp-json\/wp\/v2\/product"}],"about":[{"href":"http:\/\/klubmamgdynia.pl\/index.php\/wp-json\/wp\/v2\/types\/product"}],"replies":[{"embeddable":true,"href":"http:\/\/klubmamgdynia.pl\/index.php\/wp-json\/wp\/v2\/comments?post=3395"}],"wp:featuredmedia":[{"embeddable":true,"href":"http:\/\/klubmamgdynia.pl\/index.php\/wp-json\/wp\/v2\/media\/3396"}],"wp:attachment":[{"href":"http:\/\/klubmamgdynia.pl\/index.php\/wp-json\/wp\/v2\/media?parent=3395"}],"wp:term":[{"taxonomy":"product_cat","embeddable":true,"href":"http:\/\/klubmamgdynia.pl\/index.php\/wp-json\/wp\/v2\/product_cat?post=3395"},{"taxonomy":"product_tag","embeddable":true,"href":"http:\/\/klubmamgdynia.pl\/index.php\/wp-json\/wp\/v2\/product_tag?post=3395"}],"curies":[{"name":"wp","href":"https:\/\/api.w.org\/{rel}","templated":true}]}}