{"id":3397,"date":"2021-02-28T15:43:01","date_gmt":"2021-02-28T14:43:01","guid":{"rendered":"http:\/\/klubmamgdynia.pl\/index.php\/produkt\/pro-plan-optistart-medium-puppy-15kg\/"},"modified":"2026-04-05T04:41:45","modified_gmt":"2026-04-05T02:41:45","slug":"pro-plan-optistart-medium-puppy-15kg","status":"publish","type":"product","link":"http:\/\/klubmamgdynia.pl\/index.php\/produkt\/pro-plan-optistart-medium-puppy-15kg\/","title":{"rendered":"Pro Plan Optistart Medium Puppy 1,5kg"},"content":{"rendered":"<p>Opis<\/p>\n<p>Purina PRO PLAN z formu\u0142\u0105 OPTISTART bogata w kurczaka to sucha karma przeznaczona dla szczeni\u0105t ras \u015brednich. To pe\u0142nowarto\u015bciowy pokarm, kt\u00f3ry wspiera prawid\u0142owy rozw\u00f3j oraz d\u0142ugotrwa\u0142e zdrowie szczeniaka w pierwszych 2 latach \u017cycia. PRO PLAN z OPTISTART zawiera specjalny sk\u0142adnik &#8211; siar\u0119, czyli pierwsze mleko matki bogate w naturalne przeciwcia\u0142a, dzi\u0119ki czemu pomaga wzmocni\u0107 naturaln\u0105 oporno\u015b\u0107 szczeni\u0105t. Dzi\u0119ki kompozycji kluczowych sk\u0142adnik\u00f3w od\u017cywczych karma pomaga wspiera\u0107 prawid\u0142owy rozw\u00f3j staw\u00f3w dla aktywnego stylu \u017cycia m\u0142odego psa.                            <\/p>\n<p>            O marce<\/p>\n<p>Nasza innowacjaSeria Purina PRO PLAN z OPTINUTRITION to innowacyjna karma odpowiadaj\u0105ca na zmieniaj\u0105ce si\u0119 potrzeby \u017cywieniowe ps\u00f3w. Purina PRO PLAN wspiera w\u0142a\u015bcicieli w dostarczaniu optymalnego po\u017cywienia ich zwierz\u0119tom. Dzi\u0119ki u\u017cyciu prze\u0142omowych odkry\u0107 naukowych stworzono zaawansowane i efektywne po\u0142\u0105czenie sk\u0142adnik\u00f3w od\u017cywczych, kt\u00f3re zastosowano w \u017cywieniu Twojego psa. Suche karmy Purina PRO PLAN z OPTINUTRITION dopasowane s\u0105 do wielko\u015bci oraz etapu rozwoju ps\u00f3w, dostarczaj\u0105c im korzy\u015bci zdrowotnych odpowiednich do ich potrzeb.                            <\/p>\n<p>            Linia produkt\u00f3w obejmuje:<\/p>\n<p>Aby pom\u00f3c wzmocni\u0107 naturaln\u0105 odporno\u015b\u0107 szczeni\u0105t, dla optymalnego startu w \u017cycie.                            <\/p>\n<p>Aby wspiera\u0107 og\u00f3lne zdrowie i dobr\u0105 kondycj\u0119 doros\u0142ego psa.                            <\/p>\n<p>Aby wspiera\u0107 zdrow\u0105 sk\u00f3r\u0119 i pi\u0119kn\u0105, l\u015bni\u0105c\u0105 sier\u015b\u0107 u szczeni\u0105t i ps\u00f3w doros\u0142ych.                            <\/p>\n<p>Dla wsparcia zdrowia uk\u0142adu pokarmowego szczeni\u0105t i ps\u00f3w doros\u0142ych.                            <\/p>\n<p>Dla efektywnej i zdrowej utraty masy cia\u0142a oraz utrzymania szczup\u0142ej sylwetki u doros\u0142ych ps\u00f3w.                            <\/p>\n<p>Aby wspiera\u0107 funkcjonowanie m\u00f3zgu u starzej\u0105cych si\u0119 ps\u00f3w.                            <\/p>\n<p>            Sk\u0142ad<\/p>\n<p>Kurczak (18%), pszenica, odwodnione bia\u0142ko drobiowe, gluten, t\u0142uszcz zwierz\u0119cy, m\u0105czka sojowa, ry\u017c (7%), kukurydza, digest, suszona pulpa buraczana , sk\u0142adniki mineralne , olej rybi, suszona siara (0.1%)                            <\/p>\n<p>            Dawkowanie<\/p>\n<p>Waga doros\u0142ego psa10kgSzczeni\u0119 1,5-3 miesi\u0105ce: 80-120gSzczeni\u0119 4-5 miesi\u0119cy: 125-145gSzczeni\u0119 6-8 miesi\u0119cy: 150gSzczeni\u0119 9-12 miesi\u0119cy: 150g15kgSzczeni\u0119 1,5-3 miesi\u0105ce: 85-145gSzczeni\u0119 4-5 miesi\u0119cy: 160-180gSzczeni\u0119 6-8 miesi\u0119cy: 200-220gSzczeni\u0119 9-12 miesi\u0119cy: 220g20kgSzczeni\u0119 1,5-3 miesi\u0105ce: 90-155gSzczeni\u0119 4-5 miesi\u0119cy: 170-190gSzczeni\u0119 6-8 miesi\u0119cy: 220-240gSzczeni\u0119 9-12 miesi\u0119cy: 240-245g25kgSzczeni\u0119 1,5-3 miesi\u0105ce: 100-200gSzczeni\u0119 4-5 miesi\u0119cy: 230-250gSzczeni\u0119 6-8 miesi\u0119cy: 305-360gSzczeni\u0119 9-12 miesi\u0119cy: 360-370gZalecenia \u017cywieniowe: Ci\u0105\u017ca i laktacja: zapoznaj si\u0119 ze stron\u0105 internetow\u0105 Purina PRO PLAN lub zapytaj o wi\u0119cej szczeg\u00f3\u0142\u00f3w swojego lekarza weterynarii. Odstawianie i wzrost: Podczas okresu odstawiania, mi\u0119dzy 3. a 6. tygodniem \u017cycia podawaj szczeni\u0119tom namoczon\u0105 karm\u0119 PRO PLAN 3 do 4 razy dziennie. Po okresie odstawienia, podawaj dawki pokarmowe zgodnie ze wskazaniami w tabeli. Od wieku 3 miesi\u0119cy stopniowo ograniczaj ilo\u015b\u0107 dodawanej wody do karmy. Dla zdrowego rozwoju upewnij si\u0119, \u017ce Twoje szczeni\u0119 zachowuje szczup\u0142\u0105 sylwetk\u0119 cia\u0142a podczas wzrostu. Dostosuj dzienne dawki pokarmowe, zmniejszaj\u0105c je lub zwi\u0119kszaj\u0105c w zale\u017cno\u015bci od poziomu aktywno\u015bci, kondycji fizycznej i indywidualnych potrzeb szczeni\u0119cia. Zapewnij psu sta\u0142y dost\u0119p do \u015bwie\u017cej, czystej wody do picia. W celu kontrolowania stanu zdrowia Twojego psa, konsultuj si\u0119 regularnie z lekarzem weterynarii.                            <\/p>\n<p>            Warto\u015bci od\u017cywcze<\/p>\n<p>Sk\u0142adniki analityczne: Bia\u0142ko: 30.0% Oleje i t\u0142uszcze surowe: 19.0% Popi\u00f3\u0142 surowy: 7.5% W\u0142\u00f3kno surowe: 2.0%  Dodatki dietetyczne:  IU\/kg: Wit. A: 29 000 Wit. D3: 940 Wit. E: 200mg\/kg: Wit. C: 120 jednowodny siarczan \u017celazawy: 254 bezwodny jodan wapnia: 3.3 pi\u0119ciowodny siarczan miedzi: 51 jednowodny siarczan manganu: 121 jednowodny siarczan cynku: 430 selenin sodu: 0.32Z przeciwutleniaczami.<\/p>\n<h2>Pro Plan Optistart Medium Puppy 1,5kg Purina<\/h2>\n<p>ko\u0142ysanka tekst, labirynt dla dzieci, kartka walentynkowa zrobiona przez dzieci, atrakcje dla nastolatk\u00f3w, nowe quizy do rozwi\u0105zania, motto dla nauczyciela, cytaty korczak, prezent dla nastolatki, miasto dzieci krak\u00f3w, podchwytliwe zagadki, lody kolorowanka, kolorowanki do pobrania, dawne ko\u0142ysanki teksty, dobranoc pch\u0142y na noc, jeziora blisko warszawy, zabawy miko\u0142ajkowe dla dzieci, zagadki \u015bmieszne, kielich z hosti\u0105 do druku, kr\u00f3tkie \u017cyczenia wielkanocne dla dzieci, zabawy z pi\u0142k\u0105 dla dzieci, janusz korczak cytaty<\/p>\n<p>yyyyy<\/p>\n<p>&nbsp;<\/p>\n","protected":false},"excerpt":{"rendered":"<p>Opis Purina PRO PLAN z formu\u0142\u0105 OPTISTART bogata w kurczaka to sucha karma przeznaczona dla szczeni\u0105t ras \u015brednich. To pe\u0142nowarto\u015bciowy pokarm, kt\u00f3ry wspiera prawid\u0142owy rozw\u00f3j oraz d\u0142ugotrwa\u0142e zdrowie szczeniaka w pierwszych 2 latach \u017cycia. PRO PLAN z OPTISTART zawiera specjalny sk\u0142adnik &#8211; siar\u0119, czyli pierwsze mleko matki bogate w naturalne przeciwcia\u0142a, dzi\u0119ki czemu pomaga wzmocni\u0107 [&hellip;]<\/p>\n","protected":false},"featured_media":3398,"comment_status":"closed","ping_status":"open","template":"","meta":[],"product_cat":[951,1066],"product_tag":[593,856,620,628,873],"class_list":["post-3397","product","type-product","status-publish","has-post-thumbnail","hentry","product_cat-karmy-dla-psow","product_cat-purina","product_tag-jak-narysowac-konia","product_tag-prezent-dla-16-latki","product_tag-quiz-opowiesci-z-narnii","product_tag-zagadka","product_tag-zagadki-z-odpowiedziami-dla-dzieci"],"_links":{"self":[{"href":"http:\/\/klubmamgdynia.pl\/index.php\/wp-json\/wp\/v2\/product\/3397","targetHints":{"allow":["GET"]}}],"collection":[{"href":"http:\/\/klubmamgdynia.pl\/index.php\/wp-json\/wp\/v2\/product"}],"about":[{"href":"http:\/\/klubmamgdynia.pl\/index.php\/wp-json\/wp\/v2\/types\/product"}],"replies":[{"embeddable":true,"href":"http:\/\/klubmamgdynia.pl\/index.php\/wp-json\/wp\/v2\/comments?post=3397"}],"wp:featuredmedia":[{"embeddable":true,"href":"http:\/\/klubmamgdynia.pl\/index.php\/wp-json\/wp\/v2\/media\/3398"}],"wp:attachment":[{"href":"http:\/\/klubmamgdynia.pl\/index.php\/wp-json\/wp\/v2\/media?parent=3397"}],"wp:term":[{"taxonomy":"product_cat","embeddable":true,"href":"http:\/\/klubmamgdynia.pl\/index.php\/wp-json\/wp\/v2\/product_cat?post=3397"},{"taxonomy":"product_tag","embeddable":true,"href":"http:\/\/klubmamgdynia.pl\/index.php\/wp-json\/wp\/v2\/product_tag?post=3397"}],"curies":[{"name":"wp","href":"https:\/\/api.w.org\/{rel}","templated":true}]}}