{"id":3399,"date":"2023-04-04T02:18:25","date_gmt":"2023-04-04T00:18:25","guid":{"rendered":"http:\/\/klubmamgdynia.pl\/?post_type=product&#038;p=3399"},"modified":"2026-04-06T06:12:07","modified_gmt":"2026-04-06T04:12:07","slug":"lean-centralka-jr1810rx-do-pojazdu-na-kl1666-bbh-718a-cls-350","status":"publish","type":"product","link":"http:\/\/klubmamgdynia.pl\/index.php\/produkt\/lean-centralka-jr1810rx-do-pojazdu-na-kl1666-bbh-718a-cls-350\/","title":{"rendered":"Lean Centralka Jr1810Rx Do Pojazdu Na Kl1666 Bbh-718A Cls 350"},"content":{"rendered":"<p>Centralka JR1810RX do pojazdu na KL1666 Mercedes CLS 350, BBH-718A, BBH-011,D\u0142ugo\u015b\u0107 towaru w centymetrach: 10EAN: 5903802452303Kod Producenta: 5678Stan: NowySzeroko\u015b\u0107 towaru w centymetrach: 4Waga gabarytowa w gramach: 66.67Waga produktu z opakowaniem jednostkowym: 0.15Wysoko\u015b\u0107 towaru w centymetrach: 10<\/p>\n<h2>Lean Centralka Jr1810Rx Do Pojazdu Na Kl1666 Bbh-718A Cls 350 Lean<\/h2>\n<p>nauka polskiego dla dzieci z ukrainy, o b\u0142\u0119dne dyktando, jacek, imiona postaci z bajek, narysowa\u0107 rysunki \u0142atwe, materac do basenu, bajki do czytania online, ale kino program, fajne rzeczy dla nastolatk\u00f3w<\/p>\n<p>yyyyy<\/p>\n<p>&nbsp;<\/p>\n","protected":false},"excerpt":{"rendered":"<p>Centralka JR1810RX do pojazdu na KL1666 Mercedes CLS 350, BBH-718A, BBH-011,D\u0142ugo\u015b\u0107 towaru w centymetrach: 10EAN: 5903802452303Kod Producenta: 5678Stan: NowySzeroko\u015b\u0107 towaru w centymetrach: 4Waga gabarytowa w gramach: 66.67Waga produktu z opakowaniem jednostkowym: 0.15Wysoko\u015b\u0107 towaru w centymetrach: 10 Lean Centralka Jr1810Rx Do Pojazdu Na Kl1666 Bbh-718A Cls 350 Lean nauka polskiego dla dzieci z ukrainy, o b\u0142\u0119dne [&hellip;]<\/p>\n","protected":false},"featured_media":3400,"comment_status":"closed","ping_status":"open","template":"","meta":[],"product_cat":[1053,1067],"product_tag":[833,676,789,752],"class_list":["post-3399","product","type-product","status-publish","has-post-thumbnail","hentry","product_cat-akcesoria-i-czesci-modelarskie","product_cat-lean","product_tag-bajki-dla-dzieci-do-czytania","product_tag-bursztynek","product_tag-kaczuszka","product_tag-kuba-imie"],"_links":{"self":[{"href":"http:\/\/klubmamgdynia.pl\/index.php\/wp-json\/wp\/v2\/product\/3399","targetHints":{"allow":["GET"]}}],"collection":[{"href":"http:\/\/klubmamgdynia.pl\/index.php\/wp-json\/wp\/v2\/product"}],"about":[{"href":"http:\/\/klubmamgdynia.pl\/index.php\/wp-json\/wp\/v2\/types\/product"}],"replies":[{"embeddable":true,"href":"http:\/\/klubmamgdynia.pl\/index.php\/wp-json\/wp\/v2\/comments?post=3399"}],"wp:featuredmedia":[{"embeddable":true,"href":"http:\/\/klubmamgdynia.pl\/index.php\/wp-json\/wp\/v2\/media\/3400"}],"wp:attachment":[{"href":"http:\/\/klubmamgdynia.pl\/index.php\/wp-json\/wp\/v2\/media?parent=3399"}],"wp:term":[{"taxonomy":"product_cat","embeddable":true,"href":"http:\/\/klubmamgdynia.pl\/index.php\/wp-json\/wp\/v2\/product_cat?post=3399"},{"taxonomy":"product_tag","embeddable":true,"href":"http:\/\/klubmamgdynia.pl\/index.php\/wp-json\/wp\/v2\/product_tag?post=3399"}],"curies":[{"name":"wp","href":"https:\/\/api.w.org\/{rel}","templated":true}]}}