{"id":34,"date":"2019-05-10T16:30:14","date_gmt":"2019-05-10T14:30:14","guid":{"rendered":"http:\/\/klubmamgdynia.pl\/index.php\/produkt\/fotelik-samochodowy-ericokids-fotelik-samochodowy-cosmo-9-36kg-summer-baby\/"},"modified":"2026-04-30T08:59:09","modified_gmt":"2026-04-30T06:59:09","slug":"fotelik-samochodowy-ericokids-fotelik-samochodowy-cosmo-9-36kg-summer-baby","status":"publish","type":"product","link":"http:\/\/klubmamgdynia.pl\/index.php\/produkt\/fotelik-samochodowy-ericokids-fotelik-samochodowy-cosmo-9-36kg-summer-baby\/","title":{"rendered":"Fotelik samochodowy Ericokids Fotelik Samochodowy Cosmo 9-36kg Summer Baby"},"content":{"rendered":"<p>\u2705FOTELIK SAMOCHODOWY MARKI SUMMER BABY MODEL COSMO9\ufe0f\u20e3-3\ufe0f\u20e36\ufe0f\u20e3 kg\u2705POZNAJ ZALETY FOTELIKA COSMO 9\ufe0f\u20e3-3\ufe0f\u20e36\ufe0f\u20e3 kg.\u2611\ufe0ffotelik samochodowy przeznaczony dla dzieci 9-36 kg,\u2611\ufe0fw wieku od 9 miesi\u0119cy do oko\u0142o 12 lat,\u2611\ufe0ffotelik sk\u0142ada si\u0119 z dw\u00f3ch cz\u0119\u015bci: podstawki z wyprofilowanymi pod\u0142okietnikami oraz oparcia,\u2611\ufe0ffotelik dostosowany jest do wszystkich modeli samochod\u00f3w posiadaj\u0105cych uniwersalne 3-punktowe pasy samochodowe,\u2611\ufe0fdolna mi\u0119kka podk\u0142adka,\u2611\ufe0fos\u0142ony na pasy bezpiecze\u0144stwa,\u2611\ufe0fdzi\u0119ki mi\u0119kkiej os\u0142onie zapi\u0119cie nie uciska dziecka,\u2611\ufe0fspecjalnie wyprofilowane pod\u0142okietniki,\u2611\ufe0fdla starszych dzieci istnieje mo\u017cliwo\u015b\u0107 zdemontowania oparcia fotelika i zostaje wygodna podk\u0142adka,\u2611\ufe0ffotelik posiada regulowany zag\u0142\u00f3wek dzi\u0119ki, kt\u00f3remu mo\u017cna go dopasowa\u0107 do wzrostu dziecka,\u2611\ufe0fdzi\u0119ki odchylanemu oparciu mo\u017cemy dopasowa\u0107 fotelik do ka\u017cdego rodzaju oparcia tylnej kanapy samochodu. Prosz\u0119 pami\u0119ta\u0107, \u017ce pochylane oparcie s\u0142u\u017cy tylko do dopasowania fotelika do danego typu siedzenia w samochodzie,\u2611\ufe0fkonstrukcja fotelika ca\u0142kowicie wykonana jest z plastiku,\u2611\ufe0fnie posiada on \u017cadnych element\u00f3w styropianowych,\u2611\ufe0fmo\u017cna montowa\u0107 go w samochodach wyposa\u017conych w 3-punktowe pasy bezpiecze\u0144stwa zgodnie z norm\u0105 UN\/ECE punkt 16.Czyli tradycyjnych pasach w jakie powinien by\u0107 wyposa\u017cony ka\u017cdy samoch\u00f3d,\u2611\ufe0fdo ka\u017cdego fotelika do\u0142\u0105czona jest instrukcja monta\u017cu fotelika w j\u0119zyku polskim,1\ufe0f\u20e3Dla wygody dziecka na plastikowym stela\u017cu fotelika zosta\u0142a zastosowana dodatkowa mi\u0119kka pianka.2\ufe0f\u20e3Wk\u0142adka dla m\u0142odszych dzieci , wype\u0142niona podw\u00f3jn\u0105 warstw\u0105 g\u0105bki.3\ufe0f\u20e3Blokada uniemo\u017cliwiaj\u0105ca samoczynne opadanie zag\u0142\u00f3wka.4\ufe0f\u20e3Fotelik od pocz\u0105tku do ko\u0144ca &#8211; grupa I 9-18 kg. gdy dziecko jest ma\u0142e &#8211; grupa II i III 15-36 kg. gdy dziecko jest wi\u0119ksze najpierw wyci\u0105gamy wk\u0142adki, nast\u0119pnie demontujemy pasy i zapinamy samochodowym pasem &#8211; grupa III 22-36 kg. Demontujemy oparcie i zostaje sama podk\u0142adka Pozosta\u0142e nie przedstawione zalety fotelika zobacz\u0105 Pa\u0144stwo w pozosta\u0142ej cz\u0119\u015bci aukcji5\ufe0f\u20e3Dzi\u0119ki zastosowaniu antypo\u015blizgowego materia\u0142u ochraniacze na pasy nie zsuwaj\u0105 si\u0119.DOST\u0118PNE KOLORY FOTELIK\u00d3W COSMO:PO DOKONANIU ZAKUPU PROSZ\u0118 WYBRA\u0106 KOLOR FOTELIKA W CELU REALIZACJI ZAM\u00d3WIENIA.\u2705SZARY\u2705BR\u0104ZOWY &#8211; CHWILOWO BRAK\u2705CZARNY\u2705CZERWONY\u2705NIEBIESKI<\/p>\n<h2>Fotelik samochodowy Ericokids Fotelik Samochodowy Cosmo 9-36kg Summer Baby EricoKids<\/h2>\n<p>zabawka na roczek dla ch\u0142opca, kolorowanki dla dzieci do druku, park ujazdowski, jak narysowa\u0107 oko, \u015bwinka peppa bajki do czytania, zagadki na logiczne my\u015blenie, ewelina, test z lektury spos\u00f3b na alcybiadesa, jaki prezent na roczek, wielkanocne zagadki, atrakcje dla dzieci tr\u00f3jmiasto, uk\u0142ad s\u0142oneczny kolorowanka, piosenki dla dzieci tekst, sta\u0142a pod \u015bniegiem, mamo mamusiu pusto w mym brzusiu tekst, \u015bw przemys\u0142aw, piosenki na dobranoc tekst, lew czarownica i stara szafa test<\/p>\n<p>yyyyy<\/p>\n<p>&nbsp;<\/p>\n","protected":false},"excerpt":{"rendered":"<p>\u2705FOTELIK SAMOCHODOWY MARKI SUMMER BABY MODEL COSMO9\ufe0f\u20e3-3\ufe0f\u20e36\ufe0f\u20e3 kg\u2705POZNAJ ZALETY FOTELIKA COSMO 9\ufe0f\u20e3-3\ufe0f\u20e36\ufe0f\u20e3 kg.\u2611\ufe0ffotelik samochodowy przeznaczony dla dzieci 9-36 kg,\u2611\ufe0fw wieku od 9 miesi\u0119cy do oko\u0142o 12 lat,\u2611\ufe0ffotelik sk\u0142ada si\u0119 z dw\u00f3ch cz\u0119\u015bci: podstawki z wyprofilowanymi pod\u0142okietnikami oraz oparcia,\u2611\ufe0ffotelik dostosowany jest do wszystkich modeli samochod\u00f3w posiadaj\u0105cych uniwersalne 3-punktowe pasy samochodowe,\u2611\ufe0fdolna mi\u0119kka podk\u0142adka,\u2611\ufe0fos\u0142ony na pasy bezpiecze\u0144stwa,\u2611\ufe0fdzi\u0119ki mi\u0119kkiej [&hellip;]<\/p>\n","protected":false},"featured_media":35,"comment_status":"closed","ping_status":"open","template":"","meta":[],"product_cat":[31,32],"product_tag":[865,681,806,640],"class_list":["post-34","product","type-product","status-publish","has-post-thumbnail","hentry","product_cat-ericokids","product_cat-foteliki-samochodowe","product_tag-cytaty-o-dzieciach","product_tag-flagi-europy-quiz","product_tag-prezent-dla-dziecka-na-roczek","product_tag-prezent-dla-rocznej-dziewczynki"],"_links":{"self":[{"href":"http:\/\/klubmamgdynia.pl\/index.php\/wp-json\/wp\/v2\/product\/34","targetHints":{"allow":["GET"]}}],"collection":[{"href":"http:\/\/klubmamgdynia.pl\/index.php\/wp-json\/wp\/v2\/product"}],"about":[{"href":"http:\/\/klubmamgdynia.pl\/index.php\/wp-json\/wp\/v2\/types\/product"}],"replies":[{"embeddable":true,"href":"http:\/\/klubmamgdynia.pl\/index.php\/wp-json\/wp\/v2\/comments?post=34"}],"wp:featuredmedia":[{"embeddable":true,"href":"http:\/\/klubmamgdynia.pl\/index.php\/wp-json\/wp\/v2\/media\/35"}],"wp:attachment":[{"href":"http:\/\/klubmamgdynia.pl\/index.php\/wp-json\/wp\/v2\/media?parent=34"}],"wp:term":[{"taxonomy":"product_cat","embeddable":true,"href":"http:\/\/klubmamgdynia.pl\/index.php\/wp-json\/wp\/v2\/product_cat?post=34"},{"taxonomy":"product_tag","embeddable":true,"href":"http:\/\/klubmamgdynia.pl\/index.php\/wp-json\/wp\/v2\/product_tag?post=34"}],"curies":[{"name":"wp","href":"https:\/\/api.w.org\/{rel}","templated":true}]}}