{"id":3405,"date":"2025-10-06T23:47:00","date_gmt":"2025-10-06T21:47:00","guid":{"rendered":"http:\/\/klubmamgdynia.pl\/?post_type=product&#038;p=3405"},"modified":"2026-04-28T23:35:31","modified_gmt":"2026-04-28T21:35:31","slug":"brit-care-grain-free-senior-salmonpotato-2x12kg","status":"publish","type":"product","link":"http:\/\/klubmamgdynia.pl\/index.php\/produkt\/brit-care-grain-free-senior-salmonpotato-2x12kg\/","title":{"rendered":"Brit Care Grain Free Senior Salmon&amp;Potato 2X12Kg"},"content":{"rendered":"<p>Brit Care Grain Free Senior Salmon&amp;PotatoBEZZBO\u017bOWA, HIPOALERGICZNA FORMU\u0141A Z \u0141OSOSIEM I ZIEMNIAKAMI DLA STARSZYCH PS\u00d3W WSZYSTKICH RAS. MO\u017bNA STOSOWA\u0106 DO KONTROLOWANIA WAGI U PS\u00d3W Z TENDENCJ\u0104 DO OTY\u0141O\u015aCIChcesz aby Tw\u00f3j pies by\u0142 zawsze radosny i pe\u0142ny si\u0142 do zabawy? Starannie skompletowana karma z \u0142ososiem i ziemniakami dla starszych ps\u00f3w to pe\u0142nowarto\u015bciowy posi\u0142ek, kt\u00f3ry dostarczy Twojemu pupilowi niezb\u0119dnych witamin oraz mikroelement\u00f3w i zapewni mu prawid\u0142owy rozw\u00f3j. Formu\u0142a jest w pe\u0142ni hipoalergiczna, dzi\u0119ki czemu nie powoduje nadwra\u017cliwo\u015bci i alergii pokarmowych.                            <\/p>\n<p>a                            <\/p>\n<p>Energia Metaboliczna3 490 kcal\/kgKwasy T\u0142uszczowe Omega 3: 0,7%Kwasy T\u0142uszczowe Omega 6: 1,61%                            <\/p>\n<p>\u0141oso\u015b jest wyj\u0105tkowo lekkostrawny i charakteryzuje si\u0119 wysokim poziomem t\u0142uszcz\u00f3w Omega3 i Omega6.                            <\/p>\n<p> Ekstrakt z chrz\u0105stki i kwasy omega 3 zapewniaj\u0105 regeneracj\u0119 mi\u0119\u015bni i przyczyniaj\u0105 si\u0119 do \u015bwietnej kondycji fizycznej.                            <\/p>\n<p> Probiotyki, inulina i witamina C wzmacniaj\u0105 odporno\u015b\u0107 zwierz\u0119cia i reguluj\u0105 prac\u0119 jelit.                            <\/p>\n<p> Ostropest plamisty zapobiega stanom zapalnym, poprawia metabolizm i wp\u0142ywa pozytywnie na regeneracj\u0119 w\u0105troby. Zio\u0142a i owoce dostarczaj\u0105 niezb\u0119dnych witamin i minera\u0142\u00f3w.                            <\/p>\n<p>SK\u0141AD                            <\/p>\n<p>suszony \u0142oso\u015b (32%), ziemniaki (32%), bia\u0142ko \u0142ososia (8%), t\u0142uszcz z kurczaka (konserwowany tokoferolami), suszone jab\u0142ka, olej z \u0142ososia (2%), naturalne aromaty, dro\u017cd\u017ce browarniane, hydrolizat muszli skorupiak\u00f3w (\u017ar\u00f3d\u0142o glukozaminy, 260 mg\/kg)ekstrakt z chrz\u0105stki (\u017ar\u00f3d\u0142o chondroityny, 160 mg\/kg), mannanooligosacharydy (150 mg\/kg), zio\u0142a i owoce (rozmaryn, go\u017adziki, owoce cytrusowe, kurkuma, 150 mg\/kg), fruktooligosacharydy (100 mg\/kg), Jukka Schidigera (100 mg\/kg), inulina (90 mg\/kg), ostropest plamisty (75 mg\/kg)                            <\/p>\n<p>SK\u0141ADNIKI OD\u017bYWCZE                            <\/p>\n<p>bia\u0142ko surowe 25%, zawarto\u015b\u0107 t\u0142uszczu 12%, wilgotno\u015b\u0107 10%, popi\u00f3\u0142 surowy 7,5%, w\u0142\u00f3kno surowe 4,5%, wap\u0144 1,4%, fosfor 1%                            <\/p>\n<p>SPRAWD\u0179 INNE PRODUKTY\u00a0BRIT CARE SENIOR                            <\/p>\n<p>            Brit Care Senior Lamb&amp;Rice 12Kg<\/p>\n<p>                    Zobacz<\/p>\n<p>            Brit Care Grain Free Senior Salmon&amp;Potato 12Kg<\/p>\n<p>                    Zobacz<\/p>\n<p>Profilaktyka przez \u017cywienie &#8211; to g\u0142\u00f3wna zasada, kt\u00f3r\u0105 spe\u0142niaj\u0105 starannie skomponowane karmy Brit Care. Wiemy, \u017ce zwierz\u0119ta domowe s\u0105 w r\u00f3wnym stopniu jak my sami nara\u017cone na stres i powa\u017cne choroby, dlatego z mi\u0142o\u015bci do nich opracowali\u015bmy unikaln\u0105 receptur\u0119, opart\u0105 na wyselekcjonowanych sk\u0142adnikach. Wierzymy, \u017ce odpowiednia dieta ma ogromne znaczenie dla zdrowia i kondycji naszych czworono\u017cnych przyjaci\u00f3\u0142. St\u0105d w karmach Brit znajdziecie tylko to, co najlepsze: wysokiej jako\u015bci mi\u0119so, ryby, warzywa i owoce, zio\u0142a oraz sk\u0142adniki funkcjonalne.<\/p>\n<h2>Brit Care Grain Free Senior Salmon&amp;Potato 2X12Kg Brit<\/h2>\n<p>basen warszawa, przeczytaj mi wiersz, quiz zemsta, quiz online, otto, prank na prima aprilis, gloria imi\u0119, rzadkie imiona, kolorowanki zwierz\u0119ta, zings kolorowanka, emanuel<\/p>\n<p>yyyyy<\/p>\n<p>&nbsp;<\/p>\n","protected":false},"excerpt":{"rendered":"<p>Brit Care Grain Free Senior Salmon&amp;PotatoBEZZBO\u017bOWA, HIPOALERGICZNA FORMU\u0141A Z \u0141OSOSIEM I ZIEMNIAKAMI DLA STARSZYCH PS\u00d3W WSZYSTKICH RAS. MO\u017bNA STOSOWA\u0106 DO KONTROLOWANIA WAGI U PS\u00d3W Z TENDENCJ\u0104 DO OTY\u0141O\u015aCIChcesz aby Tw\u00f3j pies by\u0142 zawsze radosny i pe\u0142ny si\u0142 do zabawy? Starannie skompletowana karma z \u0142ososiem i ziemniakami dla starszych ps\u00f3w to pe\u0142nowarto\u015bciowy posi\u0142ek, kt\u00f3ry dostarczy Twojemu [&hellip;]<\/p>\n","protected":false},"featured_media":3406,"comment_status":"closed","ping_status":"open","template":"","meta":[],"product_cat":[954,951],"product_tag":[658,836,832,638,793],"class_list":["post-3405","product","type-product","status-publish","has-post-thumbnail","hentry","product_cat-brit","product_cat-karmy-dla-psow","product_tag-alan-znaczenie-imienia","product_tag-co-kupic-dziecku-na-roczek","product_tag-desery-dla-dzieci","product_tag-miastodzieci","product_tag-zagadki-smieszne-podchwytliwe"],"_links":{"self":[{"href":"http:\/\/klubmamgdynia.pl\/index.php\/wp-json\/wp\/v2\/product\/3405","targetHints":{"allow":["GET"]}}],"collection":[{"href":"http:\/\/klubmamgdynia.pl\/index.php\/wp-json\/wp\/v2\/product"}],"about":[{"href":"http:\/\/klubmamgdynia.pl\/index.php\/wp-json\/wp\/v2\/types\/product"}],"replies":[{"embeddable":true,"href":"http:\/\/klubmamgdynia.pl\/index.php\/wp-json\/wp\/v2\/comments?post=3405"}],"wp:featuredmedia":[{"embeddable":true,"href":"http:\/\/klubmamgdynia.pl\/index.php\/wp-json\/wp\/v2\/media\/3406"}],"wp:attachment":[{"href":"http:\/\/klubmamgdynia.pl\/index.php\/wp-json\/wp\/v2\/media?parent=3405"}],"wp:term":[{"taxonomy":"product_cat","embeddable":true,"href":"http:\/\/klubmamgdynia.pl\/index.php\/wp-json\/wp\/v2\/product_cat?post=3405"},{"taxonomy":"product_tag","embeddable":true,"href":"http:\/\/klubmamgdynia.pl\/index.php\/wp-json\/wp\/v2\/product_tag?post=3405"}],"curies":[{"name":"wp","href":"https:\/\/api.w.org\/{rel}","templated":true}]}}